{"id":9419,"date":"2017-02-16T14:06:32","date_gmt":"2017-02-16T19:06:32","guid":{"rendered":"http:\/\/www.georgeglazer.com\/wpmain\/?post_type=product&#038;p=9419"},"modified":"2021-12-03T16:10:23","modified_gmt":"2021-12-03T21:10:23","slug":"natural-history-art-monkeys-dumont-durville-antique-print-c-1850","status":"publish","type":"product","link":"https:\/\/www.georgeglazer.com\/wpmain\/product\/natural-history-art-monkeys-dumont-durville-antique-print-c-1850\/","title":{"rendered":"Natural History Art, Monkeys, Dumont d&#8217;Urville, Antique Print, c. 1850 (Sold)"},"content":{"rendered":"<p><strong>Voyage au Pole Sud&#8230;\u00a0<\/strong>reported on the geography, geology, anthropology and natural history of Oceania and the South Pacific, which d&#8217;Urville had explored. He enlisted scientific collaborators to write and illustrate each section. The zoology section contained about 110 plates, including 29 of mammals.<\/p>\n<p>Jules Sebastien Cesar Dumont d&#8217;Urville was a French navigator who surveyed and explored the Falklands, Oceania and the South Pacific on two voyages between 1822 and 1829. During his second circumnavigation of the world between 1837 and 1840, on the\u00a0<em>Astrolabe\u00a0<\/em>and the\u00a0<em>Z\u00e9l\u00e9e,\u00a0<\/em>he penetrated the ice pack south of New Zealand and discovered the Ad\u00e9lie Coast region of Antarctica, which he named for his wife. Earlier in his career, D&#8217;Urville encountered the newly-discovered Venus de Milo while surveying the Mediterranean, and brought it to the attention of the Louvre, where it remains a featured part of the collection. He published several books with scientific collaborators about his voyages, including this one.<\/p>\n<p>Full publication information: &#8220;Voyage au Pole Sud et Dans L&#8217;Oc\u00e9anie, Mammif\u00e8res Pl. 3. Dirig\u00e9e par Borrom\u00e9e. Peint par Werner. Grav\u00e9 par Giraud. Gide Editeur. Imp&#8217;ie de Bougeard.&#8221;<\/p>\n<p>References:<\/p>\n<p>Dumont-D&#8217;Urville, Jules. <em>Voyage au Pole Sud et Dans L&#8217;Oceanie sur Les Corvettes L&#8217;Astrolabe et La Z\u00e9l\u00e9e&#8230;<\/em> Gide et J. Baudry, Paris: 1853. p. 22. Online at <em>Google Books: <\/em>https:\/\/books.google.com\/books?id=lS5FAQAAMAAJ&amp;pg=PA22 (9 Februrary 2016).<\/p>\n<p>&#8220;Jules Sebastien Cesar Dumont d&#8217;Urville.&#8221; <em>The 1911 Edition Encyclopedia.<\/em> LoveToKnow Corp.: 2002. http:\/\/77.1911encyclopedia.org\/D\/DU\/<br \/>\nDUMONT_D_URVILLE_JULES_SEBASTIEN_CESAR.htm (13 October 2003).<\/p>\n","protected":false},"excerpt":{"rendered":"<p>Jules Sebastien Cesar Dumont d&#8217;Urville (1790-1842) (editor)<br \/>\nBorrom\u00e9e (director)<br \/>\nWerner (after)<br \/>\nGiraud (engraver)<br \/>\nBougeard (printer)<br \/>\n<strong>Semnopith\u00e8que Neigeux (Desm.), Mammif\u00e8res Pl. 3<br \/>\n[Silvered Leaf Monkey, Mammals Plate 3]<\/strong><br \/>\nfrom <strong><em>Voyage au Pole Sud et Dans L&#8217;Oceanie sur Les Corvettes L&#8217;Astrolabe et La Z\u00e9l\u00e9e&#8230;Pendant Les Ann\u00e9es 1837, 1838, 1839, 1840<br \/>\n[Voyage to the South Pole and through Oceania on the Corvettes Astrolabe and Z\u00e9l\u00e9e&#8230;During the Years 1837, 1838, 1839, 1840]<\/em><\/strong><br \/>\nGide et J. Baudry, Paris: 1841-1854 (atlas volume)<br \/>\nHand-colored aquatint<br \/>\nBlind stamp, lower center margin: &#8220;Gide Editeur Paris.&#8221;<br \/>\n20.75 x 13.5 inches, overall<br \/>\n16.25 x 10.75 inches, plate mark<\/p>\n<p>Folio size natural history study of a mother and baby silvered leaf monkey (also known by various other common names, including silvery lutung, silvered langur and crested langur). The mother has one arm gently wrapped around the baby, while perched upon two large shoots of bamboo. In D&#8217;Urville&#8217;s text for Volume 3 of <strong>Voyage au Pole Sud<\/strong>, he gives the Latin name of this species as Semnopithecus cristatus; it is now known as Trachypithecus cristatus. These tree-dwelling monkeys are found in the Malay peninsula and archipelago, in Malaysia, Sumatra and Borneo. Young of the species are born orange and turn gray as they mature.<\/p>\n<p>Product description continues below.<\/p>\n","protected":false},"featured_media":9421,"template":"","meta":{"wds_primary_product_brand":0,"wds_primary_product_cat":0,"footnotes":""},"product_brand":[],"product_cat":[5354],"product_tag":[42,2008,4829,4140,4831,4830,4622,4839,4836,4834,3490,2747,4833,4841,4838,1673,4828,4832,4835,4837,3537,4840],"class_list":{"0":"post-9419","1":"product","2":"type-product","3":"status-publish","4":"has-post-thumbnail","6":"product_cat-archive-sold-nature","7":"product_tag-19th-century","8":"product_tag-aquatint","9":"product_tag-cesar","10":"product_tag-corvettes","11":"product_tag-durville","12":"product_tag-dumont","13":"product_tag-jules","14":"product_tag-lastrolabe","15":"product_tag-leaf","16":"product_tag-mammiferes","17":"product_tag-monkey","18":"product_tag-monkeys","19":"product_tag-neigeux","20":"product_tag-oceania","21":"product_tag-pole-sud","22":"product_tag-print","23":"product_tag-sebastien","24":"product_tag-semnopitheque","25":"product_tag-silvered","26":"product_tag-south-pole","27":"product_tag-voyage","28":"product_tag-zelee","29":"post","30":"post-with-thumbnail","31":"post-with-thumbnail-large","33":"first","34":"instock","35":"product-type-simple"},"_links":{"self":[{"href":"https:\/\/www.georgeglazer.com\/wpmain\/wp-json\/wp\/v2\/product\/9419","targetHints":{"allow":["GET"]}}],"collection":[{"href":"https:\/\/www.georgeglazer.com\/wpmain\/wp-json\/wp\/v2\/product"}],"about":[{"href":"https:\/\/www.georgeglazer.com\/wpmain\/wp-json\/wp\/v2\/types\/product"}],"version-history":[{"count":1,"href":"https:\/\/www.georgeglazer.com\/wpmain\/wp-json\/wp\/v2\/product\/9419\/revisions"}],"predecessor-version":[{"id":17005,"href":"https:\/\/www.georgeglazer.com\/wpmain\/wp-json\/wp\/v2\/product\/9419\/revisions\/17005"}],"wp:featuredmedia":[{"embeddable":true,"href":"https:\/\/www.georgeglazer.com\/wpmain\/wp-json\/wp\/v2\/media\/9421"}],"wp:attachment":[{"href":"https:\/\/www.georgeglazer.com\/wpmain\/wp-json\/wp\/v2\/media?parent=9419"}],"wp:term":[{"taxonomy":"product_brand","embeddable":true,"href":"https:\/\/www.georgeglazer.com\/wpmain\/wp-json\/wp\/v2\/product_brand?post=9419"},{"taxonomy":"product_cat","embeddable":true,"href":"https:\/\/www.georgeglazer.com\/wpmain\/wp-json\/wp\/v2\/product_cat?post=9419"},{"taxonomy":"product_tag","embeddable":true,"href":"https:\/\/www.georgeglazer.com\/wpmain\/wp-json\/wp\/v2\/product_tag?post=9419"}],"curies":[{"name":"wp","href":"https:\/\/api.w.org\/{rel}","templated":true}]}}