{"id":7967,"date":"2025-06-13T18:33:43","date_gmt":"2025-06-13T22:33:43","guid":{"rendered":"http:\/\/www.georgeglazer.com\/wpmain\/?post_type=product&#038;p=7967"},"modified":"2025-06-13T19:04:43","modified_gmt":"2025-06-13T23:04:43","slug":"botanical-art-tropical-pineapple-volckamer-tab-iv-antique-print-nuremberg-18th-c","status":"publish","type":"product","link":"https:\/\/www.georgeglazer.com\/wpmain\/product\/botanical-art-tropical-pineapple-volckamer-tab-iv-antique-print-nuremberg-18th-c\/","title":{"rendered":"Botanical, Art, Tropical, Pineapple, Volckamer, Tab IV,  Antique Print, Nuremberg, 18th C."},"content":{"rendered":"<p>The prints follow a distinctive artistic format in which the fruit or flowers are displayed in monumental scale in bird\u2019s-eye views above landscapes of the formal gardens, palazzos and country houses where they were grown.\u00a0 Fruits are generally shown flying in the sky, though sometimes other compositions are employed, such as oversized plants towering over Lilliputian landscapes.\u00a0 A floating ribbon wrapped around each specimen bears its name.\u00a0 The gardens shown are in Germany, Austria and northern Italy, especially around Verona, and include Volckamer\u2019s garden, Gostenhof.\u00a0 \u00a0These compositions are described by scholar Sandra Raphael as follows:\u00a0 &#8220;The fruit and gardens in most of the plates &#8211; spherical oranges, lemons, and citrons drifting like eccentric balloons above miniature landscapes &#8211; make pleasingly surreal compositions\u2026.\u201d<\/p>\n<p>Full Title:<strong> N\u00fcrnbergische Hesperides, oder gr\u00fcndliche Beschreibung der Edlen Citronat, Citronen und Pomerantzen-Fr\u00fcchte &#8230;Auf das accurateste in Kupffer gestochen, in Vier Theile eingetheilet und mit n\u00fctzlichen Anmerckungen erkl\u00e4ret. Beneben der Flora, oder Curiosen Vorstellung Verschiedener raren Blumen &#8230; Wie auch einem Bericht von denen in des Authoris Garten stehenden Columnis Milliaribus<\/strong>.<\/p>\n<p><strong>[Nuremberg Hesperides, or thorough description of the noble citron and bitter orange fruits\u2026With the most accurate copperplate engravings, divided in four parts and with useful explanatory notes.\u00a0 Beneben of the Flora, or representation of different rare flowers\u2026as well as being a record of those in the author\u2019s garden, Columnis Milliaribus].<\/strong><\/p>\n<p>Condition: Generally very good, the colors bright, the paper with the usual light overall toning, wear, soft creases. Margins professionally restored, including some extensions, and old folds, as issued, now flattened, all as backed with mulberry paper.<\/p>\n<p>References:<\/p>\n<p>Blunt, Wilfred, rev. by Stearn, William T.\u00a0 <em>The Art of Botanical Illustration.<\/em> Woodbridge, Suffolk, England: Antique Collectors Club, 1994. p. 154.<\/p>\n<p>Dunthorne, Gordon. <em>Flower and Fruit Prints of the 18th and Early 19th Centuries. Their History, Makers and Uses, with a Catalogue Raisonne of the Works in Which They Are Found.<\/em>\u00a0 Washington, D.C.: Published by the Author, 1938. 323.<\/p>\n<p>Feldmann, Reinhard. <em>Bl\u00fcten und Bl\u00e4tter. Illustrierte Kr\u00e4uter- und Pflanzenb\u00fccher aus f\u00fcnf Jahrhunderten<\/em>.\u00a0 Muenster, Germany: 1996. 43.<\/p>\n<p>\u201cJohann Christoph Volkamer (Volckamer): N\u00fcrbergisches Hesperides oder gr\u00fcndliche Beschreibung.\u201d <em>Archbishop Chateau and Gardens in Kromeriz.<\/em> 2002-2003. http:\/\/digi.azz.cz\/bookinfo.php?BookID=21&amp;lng=2 (4 March 2009).<\/p>\n<p>Lanckoronska, Maria and Richard \u00d6hler. <em>Buchillustration Des XVIII. Jahrhunderts in Deutschland, Osterreich Und Der Schweitz: Dritter Teil.<\/em> Leipzig: Die Spamer, 1934. l, 43.<\/p>\n<p><em>The Magnificent Botanical Library of the Stiftung fur Botanik, VaduzLiechtenstein Collected by the late Arpad Plesch.<\/em> London: Sotheby &amp; Co., 1975. 798.<\/p>\n<p>Nissen, Claus. <em>Die Botanische Buchillustration: ihre Geschichte und Bibliographie.<\/em> Stuttgart: 1951-66. 2076.<\/p>\n<p>Pritzel, Georg August. <em>Thesaurus Literaturae Botanicae Omnium Gentium.<\/em> Milan: 1950. 9848.<\/p>\n<p>Sitwell, Sacheverell. <em>Great Flower Books, 1700-1900.<\/em> New York: The Atlantic Monthly Press, 1990. p. 148.<\/p>\n<p>Raphael, Sandra. <em>An Oak Spring Pomona. A Selection of the Rare Books on Fruit in the OakSpringGarden Library.<\/em> Upperville, VA: Oak Spring Garden Library; New Haven: Distributed by Yale University Press, 1990. 73.<\/p>\n<p>Wimmer, Clemens Alexander and Iris Lauterbach. <em>Bibliographie der vor 1750 Erschienenen Deutschen Gartenb\u00fccher.<\/em> N\u00f6rdlingen: Alfons Uhl, 2003. pp. 12 and 196.<\/p>\n","protected":false},"excerpt":{"rendered":"<p>Johann Christoph Volckamer (1644-1720) (editor)<br \/>\nPaul Decker, B. Kenkel, I.C. Steinberger, Delsenbach, T.G. Beckh, Krieger, F.P. Lindner et al. (after)<br \/>\nJos \u00e0 Montategre (engraver)<br \/>\n<strong>Pineapple, Tab. IV<\/strong><br \/>\nfrom <em><strong>N\u00fcrnbergische Hesperides<\/strong><\/em><br \/>\nJ.A. Endter Sohn und Erben, Nuremberg: 1708 and 1714<br \/>\nHand-colored engravings<br \/>\n15.25 x 13.5 inches, platemark<br \/>\n17.25 x 15.0 inches, overall<br \/>\n$2,500<\/p>\n<p>See our other Volckamer prints of fruit, etc., by typing &#8220;Volckamer&#8221; into our <a href=\"..\/..\/..\/..\/search.html\">site search engine<\/a>.<\/p>\n<p>Pineapple plant on a sturdy green stalk, the fruit cut in half to reveal ripe golden fruit. The background is a maritime view with many tall ships in a harbor and a town on the opposite shore. This is a rarely encountered double-size folding plate from <strong>N\u00fcrnbergische Hesperides<\/strong>.<\/p>\n<p>In the early 18th century it was fashionable among the aristocracy in Central Europe to grow plants native to the Mediterranean and the tropics, despite the cold winter climate.\u00a0 They built tall greenhouses to shelter the trees during the winter, and had the plants moved outdoors in the summer.\u00a0 Johann Christoph Volckamer was one such person &#8212; a wealthy Nuremberg silk merchant with a fine citrus greenhouse and garden.\u00a0 He engaged several artists and engravers to produce <strong>N\u00fcrnbergische Hesperides<\/strong>, a two-volume work featuring his collection.\u00a0 The first volume was published in 1708, and the continuation volume in 1714.\u00a0 Each consists of four parts on citrus fruits and one part devoted to other flowering plants or fruits. According to scholar Gordon Dunthorne, this was the first botanical set to focus almost solely on fruit.<\/p>\n<p>Product Description Continues Below<\/p>\n","protected":false},"featured_media":8395,"template":"","meta":{"wds_primary_product_brand":0,"wds_primary_product_cat":0,"footnotes":""},"product_brand":[],"product_cat":[983,6783],"product_tag":[195,7048,900,7056,2384,1512,3259,2116,3275,3260,1673,2117],"class_list":{"0":"post-7967","1":"product","2":"type-product","3":"status-publish","4":"has-post-thumbnail","6":"product_cat-natural-history-art","7":"product_cat-tropical-decor","8":"product_tag-18th-century","9":"product_tag-antique-print","10":"product_tag-botanical","11":"product_tag-botanical-print","12":"product_tag-botanicals","13":"product_tag-engraving","14":"product_tag-fruit","15":"product_tag-hesperides","16":"product_tag-nurnbergische","17":"product_tag-pineapple","18":"product_tag-print","19":"product_tag-volckamer","20":"post","21":"post-with-thumbnail","22":"post-with-thumbnail-large","24":"first","25":"instock","26":"purchasable","27":"product-type-simple"},"_links":{"self":[{"href":"https:\/\/www.georgeglazer.com\/wpmain\/wp-json\/wp\/v2\/product\/7967","targetHints":{"allow":["GET"]}}],"collection":[{"href":"https:\/\/www.georgeglazer.com\/wpmain\/wp-json\/wp\/v2\/product"}],"about":[{"href":"https:\/\/www.georgeglazer.com\/wpmain\/wp-json\/wp\/v2\/types\/product"}],"version-history":[{"count":9,"href":"https:\/\/www.georgeglazer.com\/wpmain\/wp-json\/wp\/v2\/product\/7967\/revisions"}],"predecessor-version":[{"id":44222,"href":"https:\/\/www.georgeglazer.com\/wpmain\/wp-json\/wp\/v2\/product\/7967\/revisions\/44222"}],"wp:featuredmedia":[{"embeddable":true,"href":"https:\/\/www.georgeglazer.com\/wpmain\/wp-json\/wp\/v2\/media\/8395"}],"wp:attachment":[{"href":"https:\/\/www.georgeglazer.com\/wpmain\/wp-json\/wp\/v2\/media?parent=7967"}],"wp:term":[{"taxonomy":"product_brand","embeddable":true,"href":"https:\/\/www.georgeglazer.com\/wpmain\/wp-json\/wp\/v2\/product_brand?post=7967"},{"taxonomy":"product_cat","embeddable":true,"href":"https:\/\/www.georgeglazer.com\/wpmain\/wp-json\/wp\/v2\/product_cat?post=7967"},{"taxonomy":"product_tag","embeddable":true,"href":"https:\/\/www.georgeglazer.com\/wpmain\/wp-json\/wp\/v2\/product_tag?post=7967"}],"curies":[{"name":"wp","href":"https:\/\/api.w.org\/{rel}","templated":true}]}}