{"id":7951,"date":"2017-02-15T21:10:54","date_gmt":"2017-02-16T02:10:54","guid":{"rendered":"http:\/\/www.georgeglazer.com\/wpmain\/?post_type=product&#038;p=7951"},"modified":"2022-02-15T02:05:16","modified_gmt":"2022-02-15T07:05:16","slug":"botanical-art-redoute-les-roses-antique-prints-paris-1817-24","status":"publish","type":"product","link":"https:\/\/www.georgeglazer.com\/wpmain\/product\/botanical-art-redoute-les-roses-antique-prints-paris-1817-24\/","title":{"rendered":"Botanical, Art, Redoute, Les Roses, Antique Prints, Paris, 1817-24"},"content":{"rendered":"<div>\n<p>Pierre-Joseph Redout\u00e9 is the greatest botanical artist of the golden era of French botanical illustration &#8212; the first four decades of the 19th century.\u00a0 His artistic career lasted an astonishing 67 years.\u00a0 According to botanical scholar Wilfred Blunt, \u201c[r]oyal patronage, tireless energy, and the assistance of a brilliant team of stipple engravers and printers, made it possible for him to produce illustrated books which have few rivals in the whole history of botanical art.\u201d\u00a0 Born in Belgium to a family of artists, Redout\u00e9 left home at age 13, traveling, studying art, and making a living as an itinerant painter for the next 10 years, when he arrived in Paris to join his older brother, a theatrical scene painter.\u00a0 Following his interest in flower painting, he began to frequent the Jardin du Roi (King\u2019s Garden).\u00a0 There he met his first major patron, the wealthy botanist Charles Louis L\u2019H\u00e9ritier de Brutelle, for whom he illustrated two botanical studies.\u00a0 He also became a prot\u00e9g\u00e9 of the Dutch artist Gerard van Spaendonck (1746-1882), professor of flower painting at the museum at the Jardin, whose watercolor technique profoundly influenced Redout\u00e9\u2019s style.\u00a0 In 1793, Redout\u00e9 and his younger brother joined the museum staff; after van Spaendonck\u2019s death in 1822, Redout\u00e9 succeeded him as a \u201cmaster of drawing.\u201d<\/p>\n<p>In 1798, Redout\u00e9 attracted another important patron, the Empress Josephine, wife of Napoleon Bonaparte, who commissioned an extensive series of paintings after the ornamental flowers in her lavish gardens at Malmaison, which became the plates for the books <strong>Jardin de Malmaison<\/strong> (1803-04), <strong>Description des Plantes Rares Cultiv\u00e9es \u00e0 Malmaison et \u00e0 Navarre<\/strong> (1813).\u00a0 He also created plates for Duhamel du Monceau\u2019s monumental seven-volume horticultural study on fruit trees, <strong>Nouveau Trait\u00e9 des Arbres Fruitiers<\/strong> (1800-19).\u00a0 During this period he also produced two of his most famous works: <strong>Les Liliac\u00e9es<\/strong> (1802-16) and <strong>Les Roses <\/strong>(1817-24). There followed another renowned collection, <strong>Choix Des Plus Belles Fleurs <\/strong>(1827-33).\u00a0 Redout\u00e9 was esteemed by his artistic peers, and influenced a number of younger botanical artists including Pierre Jean Fran\u00e7ois Turpin, Pierre-Antoine Poiteau, Pancrace Bessa, Mme. Vincent and Jean Pr\u00e9vost.\u00a0 In 1825, he was made a member of the Legion of Honor.<\/p>\n<p>A large number of Redout\u00e9\u2019s original watercolors on vellum are in the collection of the Mus\u00e9e National de La Malmaison in France and other museums, though many are in private collections.\u00a0 His renown, however, is due to the remarkable quality of the prints made after these paintings, which brought his works to a wider audience during his lifetime and thereafter. \u00a0The most accomplished engravers of the period were engaged to translate his original paintings into stipple engravings, in which the plates are etched with small dots rather than lines.\u00a0 Indeed, Redout\u00e9 helped refine the stipple engraving process to best capture the subtle effects, luminosity, sheen and dimensionality of his original paintings.\u00a0 Through a method he invented in 1796, the colors were applied to the engraved plate <em>a la poup\u00e9e<\/em> before each printing, \u201cgiving to our prints all the softness and brilliance of a watercolor,\u201d as Redout\u00e9 noted.\u00a0 Finally, each print was finished with additional coloring by hand.\u00a0 Redout\u00e9\u2019s high standards are evident in the striking way in which the resulting prints capture the subtle delicacy of flower petals and foliage.<\/p>\n<p>Redout\u00e9\u2019s <strong>Les Roses<\/strong> is arguably the most beloved botanical book ever published. During the period in which it was produced, Redout\u00e9 was at work on a series of paintings commissioned by Empress Josephine Bonaparte her gardens. Though these rose\u00a0 paintings were not part of that commission, the work was facilitated by Redout\u00e9\u2019s access to the fine specimens in her garden.<\/p>\n<p>Condition:\u00a0 Generally fine, with only minor toning and wear.\u00a0 Faint, minor, very light scattered spotting. Disbound string marks far left margin.\u00a0 Some plate marks trimmed, some printed on slight angle, as is generally the case with <strong>Les Roses.<\/strong>\u00a0 Overall wonderful examples, with rich original color that effectively captures the watercolor effect that Redout\u00e9 sought, making these exemplary botanical prints.<\/p>\n<p>References:<\/p>\n<p>Blunt, Wilfred, rev. by Stearn, William T.\u00a0 <em>The Art of Botanical Illustration.<\/em>\u00a0 Woodbridge, Suffolk, England: Antique Collectors Club, 1994.\u00a0 pp. 25-26, 194-209.<\/p>\n<p>Brindle, John V., James J. White and Donald E Wendel.\u00a0 <em>Flora Portrayed: Classics of Botanical Art from the Hunt Institute Collection.<\/em> Pittsburgh, PA: Hunt Institute for Botanical Documentation, Carnegie-Mellon University, 1985.\u00a0 pp. 44-45.<\/p>\n<p>Dunthorne, Gordon. <em>Flower and Fruit Prints of the 18th and Early 19th Centuries. Their History, Makers and Uses, with a Catalogue Raisonne of the Works in Which They are Found.<\/em>\u00a0 Washington, D.C.: Published by the Author, 1938. 231 (Redout\u00e9 Lilies), 232 (Redout\u00e9 Roses), 235 (Redout\u00e9 Choix).<\/p>\n<p>Filiberti, Daphne.\u00a0 \u201cThe China Roses.\u201d\u00a0 <em>RoseGathering.com.<\/em>\u00a0 2000.\u00a0 http:\/\/www.rosegathering.com\/china.html (10 December 2004).<\/p>\n<p>Lawrence, G.M.A., F.A. Stafleu, I. MacPhail, J.V. Brindle and A. Lawalr\u00e9e.<\/p>\n<p><em>A Catalogue of Redout\u00e9ana. April-Aug. 1963.<\/em> Pittsburgh, PA: Carnegie Institute of Technology, Hunt Botanical Library, 1963.\u00a0 10 (Redout\u00e9 Lilies), 19 (Redout\u00e9 Roses), 20 (Redout\u00e9 Choix).<\/p>\n<p>\u201cMagnificent Plate Books from the Library of the Earl of Bradford: Lot 67.\u201d\u00a0 <em>Sotheby\u2019s.<\/em>\u00a0 15 March 2000.\u00a0 http:\/\/search.sothebys.com\/jsps\/live\/lot\/LotDetail.jsp?lot_id=V7QT (24 March 2006).<\/p>\n<p>Nissen, Claus. <em>Die Botanische Buchillustration: ihre Geschichte und Bibliographie.<\/em> Stuttgart:1951-66.\u00a0 1591 (Redout\u00e9 Choix), 1597 (Redout\u00e9 Lilies), 1599 (Redout\u00e9 Roses).<\/p>\n<p>Pritzel, Georg August. <em>Thesaurus Literaturae Botanicae Omnium Gentium.<\/em> Milan: 1950. \u00a07456 (Redout\u00e9 Choix).<\/p>\n<p>Sitwell, Sacheverell. <em>Great Flower Books, 1700-1900.<\/em> New York: The Atlantic Monthly Press, 1990.\u00a0 pp. 71-72.<\/p>\n<p>Stafleu, Frans A. and Richard S.Cowan. <em>Taxonomic Literature.<\/em> Utrecht: 1967. 2nd ed., Utrecht: 1976-1988. TL2 8747 (Redout\u00e9 Lilies), TL2 8748 (Redout\u00e9 Roses), TL2 8750 (Redout\u00e9 Choix).<\/p>\n<\/div>\n","protected":false},"excerpt":{"rendered":"<p>Pierre-Joseph Redout\u00e9 (1759-1840) (after)<br \/>\nLanglois, Bessin, Chapuy et al. (engravers)<br \/>\nR\u00e9mond (printer)<br \/>\n<strong>Natural History Botanical Studies of Roses<\/strong><br \/>\nfrom <strong><em>Les Roses<\/em> [The Roses]<\/strong><br \/>\nDe l&#8217;Imprimerie de Firmin Didot, Paris: 1817-24<br \/>\nStipple engravings, printed in color and finished by hand<br \/>\n14 x 10.5 inches, overall<br \/>\n<strong>Rosa Gallica flore giganteo<\/strong>, $2,500<br \/>\n<strong>Rosa Gallica Aurelianensis<\/strong>, $2,200<br \/>\n<strong>Rosa Multiflora platyphylla<\/strong>, $1,200<br \/>\n<strong>Rosa Indica vulgaris<\/strong>, $2,200<\/p>\n<p>Four botanical prints of sprigs of pale pink roses from <strong>Les Roses,<\/strong> one of Redout\u00e9\u2019s major works.\u00a0 The four examples offered are among the most beautiful roses in the original set of 169 plates.\u00a0 <strong>Rosa Indica vulgaris<\/strong> is generally recognized today as a Common China rose known as Old Blush.\u00a0 <strong>Rosa Multiflora Platyphylla <\/strong>is also known as the Seven Sisters Rose, probably an old Chinese variety originally.\u00a0 Beginning in the late 18th century, such roses frequently reached Europe via importation from Bengal in India.\u00a0 The Rosa Gallica group of roses are often referred to as French or Provins roses.\u00a0 <strong>Rosa Gallica Aurelianensis<\/strong> is also known as Rose of Orleans and <strong>Rosa Gallica flore giganteo<\/strong> as Giant-Flowered Provins Rose.<\/p>\n<p>Product Description Continues Below<\/p>\n","protected":false},"featured_media":23797,"template":"","meta":{"wds_primary_product_brand":0,"wds_primary_product_cat":0,"footnotes":""},"product_brand":[],"product_cat":[4226,983,6944,6842,6882,6883],"product_tag":[42,521,900,2384,1512,3133,41,5048,5050,5049,4168,8134,1673,3291,5047,3137,2385,2070],"class_list":{"0":"post-7951","1":"product","2":"type-product","3":"status-publish","4":"has-post-thumbnail","6":"product_cat-bedroom-room-decor","7":"product_cat-natural-history-art","8":"product_cat-dining-room","9":"product_cat-holiday-gifts","10":"product_cat-mothers-day","11":"product_cat-valentines-day","12":"product_tag-19th-century","13":"product_tag-antique","14":"product_tag-botanical","15":"product_tag-botanicals","16":"product_tag-engraving","17":"product_tag-flower","18":"product_tag-french","19":"product_tag-gallica","20":"product_tag-indica","21":"product_tag-multiflora","22":"product_tag-natural-history","23":"product_tag-pierre-joseph-redoute","24":"product_tag-print","25":"product_tag-redoute","26":"product_tag-rosa","27":"product_tag-rose","28":"product_tag-roses","29":"product_tag-stipple","30":"post","31":"post-with-thumbnail","32":"post-with-thumbnail-large","34":"first","35":"instock","36":"product-type-simple"},"_links":{"self":[{"href":"https:\/\/www.georgeglazer.com\/wpmain\/wp-json\/wp\/v2\/product\/7951","targetHints":{"allow":["GET"]}}],"collection":[{"href":"https:\/\/www.georgeglazer.com\/wpmain\/wp-json\/wp\/v2\/product"}],"about":[{"href":"https:\/\/www.georgeglazer.com\/wpmain\/wp-json\/wp\/v2\/types\/product"}],"version-history":[{"count":2,"href":"https:\/\/www.georgeglazer.com\/wpmain\/wp-json\/wp\/v2\/product\/7951\/revisions"}],"predecessor-version":[{"id":33503,"href":"https:\/\/www.georgeglazer.com\/wpmain\/wp-json\/wp\/v2\/product\/7951\/revisions\/33503"}],"wp:featuredmedia":[{"embeddable":true,"href":"https:\/\/www.georgeglazer.com\/wpmain\/wp-json\/wp\/v2\/media\/23797"}],"wp:attachment":[{"href":"https:\/\/www.georgeglazer.com\/wpmain\/wp-json\/wp\/v2\/media?parent=7951"}],"wp:term":[{"taxonomy":"product_brand","embeddable":true,"href":"https:\/\/www.georgeglazer.com\/wpmain\/wp-json\/wp\/v2\/product_brand?post=7951"},{"taxonomy":"product_cat","embeddable":true,"href":"https:\/\/www.georgeglazer.com\/wpmain\/wp-json\/wp\/v2\/product_cat?post=7951"},{"taxonomy":"product_tag","embeddable":true,"href":"https:\/\/www.georgeglazer.com\/wpmain\/wp-json\/wp\/v2\/product_tag?post=7951"}],"curies":[{"name":"wp","href":"https:\/\/api.w.org\/{rel}","templated":true}]}}