{"id":7947,"date":"2017-02-15T21:10:45","date_gmt":"2017-02-16T02:10:45","guid":{"rendered":"http:\/\/www.georgeglazer.com\/wpmain\/?post_type=product&#038;p=7947"},"modified":"2023-06-22T16:51:39","modified_gmt":"2023-06-22T20:51:39","slug":"botanical-art-redoute-hibiscus-antique-print-paris-1813","status":"publish","type":"product","link":"https:\/\/www.georgeglazer.com\/wpmain\/product\/botanical-art-redoute-hibiscus-antique-print-paris-1813\/","title":{"rendered":"Botanical, Art, Redoute, Hibiscus, Antique Print, Paris, 1813"},"content":{"rendered":"<div>\n<p>Pierre-Joseph Redout\u00e9 is the greatest botanical artist of the golden era of French botanical illustration &#8212; the first four decades of the 19th century.\u00a0 His artistic career lasted an astonishing 67 years.\u00a0 According to botanical scholar Wilfred Blunt, \u201c[r]oyal patronage, tireless energy, and the assistance of a brilliant team of stipple engravers and printers, made it possible for him to produce illustrated books which have few rivals in the whole history of botanical art.\u201d\u00a0 Born in Belgium to a family of artists, Redout\u00e9 left home at age 13, traveling, studying art, and making a living as an itinerant painter for the next 10 years, when he arrived in Paris to join his older brother, a theatrical scene painter.\u00a0 Following his interest in flower painting, he began to frequent the Jardin du Roi (King\u2019s Garden).\u00a0 There he met his first major patron, the wealthy botanist Charles Louis L\u2019H\u00e9ritier de Brutelle, for whom he illustrated two botanical studies.\u00a0 He also became a prot\u00e9g\u00e9 of the Dutch artist Gerard van Spaendonck (1746-1882), professor of flower painting at the museum at the Jardin, whose watercolor technique profoundly influenced Redout\u00e9\u2019s style.\u00a0 In 1793, Redout\u00e9 and his younger brother joined the museum staff; after van Spaendonck\u2019s death in 1822, Redout\u00e9 succeeded him as a \u201cmaster of drawing.\u201d<\/p>\n<p>In 1798, Redout\u00e9 attracted another important patron, the Empress Josephine, wife of Napoleon Bonaparte, who commissioned an extensive series of paintings after the ornamental flowers in her lavish gardens at Malmaison, which became the plates for the books <strong>Jardin de Malmaison<\/strong> (1803-04) and <strong>Description des Plantes Rares Cultiv\u00e9es \u00e0 Malmaison et \u00e0 Navarre<\/strong> (1812-14).\u00a0 He also created plates for Duhamel du Monceau\u2019s monumental seven-volume horticultural study on fruit trees, <strong>Nouveau Trait\u00e9 des Arbres Fruitiers<\/strong> (1800-19).\u00a0 During this period he also produced two of his most famous works: <strong>Les Liliac\u00e9es<\/strong> (1802-16) and <strong>Les Roses <\/strong>(1817-24). There followed another renowned collection, <strong>Choix Des Plus Belles Fleurs <\/strong>(1827-33).\u00a0 Redout\u00e9 was esteemed by his artistic peers, and influenced a number of younger botanical artists including Pierre Jean Fran\u00e7ois Turpin, Pierre-Antoine Poiteau, Pancrace Bessa, Mme. Vincent and Jean Pr\u00e9vost.\u00a0 In 1825, he was made a member of the Legion of Honor.<\/p>\n<p>A large number of Redout\u00e9\u2019s original watercolors on vellum are in the collection of the Mus\u00e9e National de La Malmaison in France and other museums, though many are in private collections.\u00a0 His renown, however, is due to the remarkable quality of the prints made after these paintings, which brought his works to a wider audience during his lifetime and thereafter.\u00a0 The most accomplished engravers of the period were engaged to translate his original paintings into stipple engravings, in which the plates are etched with small dots rather than lines.\u00a0 Indeed, Redout\u00e9 helped refine the stipple engraving process to best capture the subtle effects, luminosity, sheen and dimensionality of his original paintings.\u00a0 Through a method he invented in 1796, the colors were applied to the engraved plate <em>a la poup\u00e9e<\/em> before each printing, \u201cgiving to our prints all the softness and brilliance of a watercolor,\u201d as Redout\u00e9 noted.\u00a0 Finally, each print was finished with additional coloring by hand.\u00a0 Redout\u00e9\u2019s high standards are evident in the striking way in which the resulting prints capture the subtle delicacy of flower petals and foliage.<\/p>\n<p>Condition: Generally very good with the usual overall light toning, handling, soft creases, and wear.\u00a0 Platemarks mostly present, though close to the edges, likely as issued.\u00a0 Some minor irregularities to outer edges, can be matted out.<\/p>\n<p>References:<\/p>\n<p>&#8220;Aim\u00e9 Bonpland.&#8221; <em>Encyclopedia Britannica, 9th ed. <\/em>8 January 2012.Online at: http:\/\/en.wikisource.org\/wiki\/Encyclop\u00e6dia_Britannica,_Ninth_Edition\/Bonpland,_Aim\u00e9 (28 October 2013).<\/p>\n<p>Blunt, Wilfred, rev. by Stearn, William T.\u00a0 <em>The Art of Botanical Illustration.<\/em>\u00a0 Woodbridge, Suffolk, England: Antique Collectors Club, 1994.\u00a0 pp. 25-26, 194-209.<\/p>\n<p>Brindle, John V., James J. White and Donald E Wendel.\u00a0 <em>Flora Portrayed: Classics of Botanical Art from the Hunt Institute Collection.<\/em> Pittsburgh, PA: Hunt Institute for Botanical Documentation, Carnegie-Mellon University, 1985.\u00a0 p. 13.<\/p>\n<p><em>Description des plantes rares cultiv\u00e9es \u00e0 Malmaison et \u00e0 Navarre par Aim\u00e9 Bonpland.<\/em> 1995-2010. Online at <em>Missouri Botanical Garden:<\/em> http:\/\/www.illustratedgarden.org\/mobot\/rarebooks\/title.asp?relation=SB4046F8B66181217 (28 October 2013).<\/p>\n<p>Dunthorne, Gordon. <em>Flower and Fruit Prints of the 18th and Early 19th Centuries. Their History, Makers and Uses, with a Catalogue Raisonne of the Works in Which They are Found.<\/em>\u00a0 Washington, D.C.: Published by the Author, 1938. 240.<\/p>\n<p>Nissen, Claus. <em>Die Botanische Buchillustration: ihre Geschichte und Bibliographie.<\/em> Stuttgart:1951-66. 207.<\/p>\n<p>Pritzel, Georg August. <em>Thesaurus Literaturae Botanicae Omnium Gentium.<\/em> Milan: 1950. 988.<\/p>\n<p>Stafleu, Frans A. and Richard S.Cowan. <em>Taxonomic Literature.<\/em> Utrecht: 1967. 2nd ed., Utrecht: 1976-1988. TL2 648.<\/p>\n<\/div>\n","protected":false},"excerpt":{"rendered":"<p>Pierre-Joseph Redout\u00e9 (1759-1840) (after)<br \/>\nAim\u00e9 Bonpland (1773-1858) (editor)<br \/>\nBessin (engraver, Magnolia)<br \/>\nBouquet (engraver, Hibiscus)<br \/>\n<strong>Hibiscus Sabdariffa, Plate 29<\/strong><br \/>\nfrom <em><strong>Description des Plantes Rares Cultiv\u00e9es \u00e0 Malmaison et \u00e0 Navarre par Aim\u00e9 Bonpland<br \/>\n[Description of Rare Plants Cultivated at Malmaison and at Navarre by Aim\u00e9 Bonpland]<\/strong><\/em><br \/>\nImprimerie de P. Didot Ain\u00e9, Paris: 1813<br \/>\nStipple engravings, printed in color and finished by hand<br \/>\n21.5 x 14.5 inches, overall<br \/>\n$475<\/p>\n<p>A sprig of yellow hibiscus from one of Redout\u00e9\u2019s major works that documented the gardens of the Empress Josephine Bonaparte, wife of Napoleon. It was published with a text dedicated to her by Aim\u00e9 Bonpland, a French botanist and explorer who served as the superintendent of the empress&#8217;s gardens at her country chateau at Malmaison and the royal estate at Navarre. Almost 200 plants grown in the gardens had never previously been seen in France. The entire work has been digitized by the Missouri Botanical Garden and may be viewed online on their web site (see References below).<\/p>\n<p>Product description continues below.<\/p>\n","protected":false},"featured_media":38161,"template":"","meta":{"wds_primary_product_brand":0,"wds_primary_product_cat":0,"footnotes":""},"product_brand":[],"product_cat":[4226,983,6944],"product_tag":[7048,7056,2384,1512,3133,41,5053,9313,9314,2293,8134,3291,5542],"class_list":{"0":"post-7947","1":"product","2":"type-product","3":"status-publish","4":"has-post-thumbnail","6":"product_cat-bedroom-room-decor","7":"product_cat-natural-history-art","8":"product_cat-dining-room","9":"product_tag-antique-print","10":"product_tag-botanical-print","11":"product_tag-botanicals","12":"product_tag-engraving","13":"product_tag-flower","14":"product_tag-french","15":"product_tag-hibiscus","16":"product_tag-hibiscus-sabdariffa","17":"product_tag-les-liliacees","18":"product_tag-malmaison","19":"product_tag-pierre-joseph-redoute","20":"product_tag-redoute","21":"product_tag-stipple-engraving","22":"post","23":"post-with-thumbnail","24":"post-with-thumbnail-large","26":"first","27":"instock","28":"product-type-simple"},"_links":{"self":[{"href":"https:\/\/www.georgeglazer.com\/wpmain\/wp-json\/wp\/v2\/product\/7947","targetHints":{"allow":["GET"]}}],"collection":[{"href":"https:\/\/www.georgeglazer.com\/wpmain\/wp-json\/wp\/v2\/product"}],"about":[{"href":"https:\/\/www.georgeglazer.com\/wpmain\/wp-json\/wp\/v2\/types\/product"}],"version-history":[{"count":3,"href":"https:\/\/www.georgeglazer.com\/wpmain\/wp-json\/wp\/v2\/product\/7947\/revisions"}],"predecessor-version":[{"id":38162,"href":"https:\/\/www.georgeglazer.com\/wpmain\/wp-json\/wp\/v2\/product\/7947\/revisions\/38162"}],"wp:featuredmedia":[{"embeddable":true,"href":"https:\/\/www.georgeglazer.com\/wpmain\/wp-json\/wp\/v2\/media\/38161"}],"wp:attachment":[{"href":"https:\/\/www.georgeglazer.com\/wpmain\/wp-json\/wp\/v2\/media?parent=7947"}],"wp:term":[{"taxonomy":"product_brand","embeddable":true,"href":"https:\/\/www.georgeglazer.com\/wpmain\/wp-json\/wp\/v2\/product_brand?post=7947"},{"taxonomy":"product_cat","embeddable":true,"href":"https:\/\/www.georgeglazer.com\/wpmain\/wp-json\/wp\/v2\/product_cat?post=7947"},{"taxonomy":"product_tag","embeddable":true,"href":"https:\/\/www.georgeglazer.com\/wpmain\/wp-json\/wp\/v2\/product_tag?post=7947"}],"curies":[{"name":"wp","href":"https:\/\/api.w.org\/{rel}","templated":true}]}}