{"id":7923,"date":"2017-02-15T21:09:44","date_gmt":"2017-02-16T02:09:44","guid":{"rendered":"http:\/\/www.georgeglazer.com\/wpmain\/?post_type=product&#038;p=7923"},"modified":"2022-02-15T02:07:40","modified_gmt":"2022-02-15T07:07:40","slug":"botanical-art-garden-flowers-tulips-french-antique-watercolor-1826","status":"publish","type":"product","link":"https:\/\/www.georgeglazer.com\/wpmain\/product\/botanical-art-garden-flowers-tulips-french-antique-watercolor-1826\/","title":{"rendered":"Botanical, Art, Garden Flowers, Tulips, French, Antique Watercolor, 1826"},"content":{"rendered":"<p>It is possible that a colleague, pupil or other prot\u00e9g\u00e9 of Redout\u00e9 created this work. Like Redout\u00e9, the painter of these tulips focuses on beautiful ornamental flowers rendered as smooth, rounded forms. The painting is now mounted in a vintage handmade French mat and white frame.<\/p>\n<p>Condition: Generally very good, uniformly toned overall, with some faint scattered spotting. Paper lightly cockled. Vintage hand-made French mat toned, with light scattered spotting and impurities (watercolor is exactly the size of the mat opening, so the mat acidity does not affect the watercolor). Vintage frame with the usual overall light toning and wear.<\/p>\n<p>References:<\/p>\n<p>Blunt, Wilfred, rev. by Stearn, William T. <em>The Art of Botanical Illustration.<\/em> Woodbridge, Suffolk, England: Antique Collectors Club, 1994. pp. 25-26, 194-209.<\/p>\n<p>Brindle, John V., James J. White and Donald E Wendel. <em>Flora Portrayed: Classics of Botanical Art from the Hunt Institute Collection.<\/em> Pittsburgh, PA: Hunt Institute for Botanical Documentation, Carnegie-Mellon University, 1985. pp. 44-45.<\/p>\n<p>Dunthorne, Gordon. <em>Flower and Fruit Prints of the 18th and Early 19th Centuries. Their History, Makers and Uses, with a Catalogue Raisonne of the Works in Which They are Found.<\/em> Washington, D.C.: Published by the Author, 1938. 231 (Redout\u00e9 Lilies), 232 (Redout\u00e9 Roses), 235 (Redout\u00e9 Choix).<\/p>\n<p>Hardouin-Fugier, Elisabeth. <em>The Pupils of Redoute.<\/em> Leigh on Sea: F. Lewis, 1981.<\/p>\n<p>Sitwell, Sacheverell. <em>Great Flower Books, 1700-1900.<\/em> New York: The Atlantic Monthly Press, 1990. pp. 71-72.<\/p>\n","protected":false},"excerpt":{"rendered":"<p>French School<br \/>\n<strong>Tulip Bouquet<\/strong><br \/>\nInitialed lower left and dated: L.D. 1826<br \/>\nWatercolor on paper<br \/>\n11 x 8.5 inches, sheet<br \/>\n18.25 x 15 inches, framed<br \/>\nProvenance: Estate of Cynthia Phipps<br \/>\n$1,200<\/p>\n<p>Watercolor of a bouquet of eight variegated tulips. The painting is dated 1826 and relates stylistically and by date to botanical illustrations in <strong>Choix Des Plus Belles Fleurs [Selection of the Most Beautiful Flowers]<\/strong> (Paris: 1827-33) by Pierre-Joseph Redout\u00e9 (1759-1840). Redout\u00e9 was the greatest botanical artist of the golden age of French natural history art. <strong>Choix<\/strong> was produced during the latter portion of his career when he increasingly favored &#8220;elegant, decorative compositions&#8221; (including bouquets) over the &#8220;straightforward botanical portraiture&#8221; of his earlier period. (Hunt).<\/p>\n<p>Product Description Continues Below<\/p>\n","protected":false},"featured_media":8221,"template":"","meta":{"wds_primary_product_brand":0,"wds_primary_product_cat":0,"footnotes":""},"product_brand":[],"product_cat":[983,6780,985],"product_tag":[42,2384,3348,41,1757,3139,1542],"class_list":{"0":"post-7923","1":"product","2":"type-product","3":"status-publish","4":"has-post-thumbnail","6":"product_cat-natural-history-art","7":"product_cat-fine-art-paintings","8":"product_cat-flower-compositions-floral-art","9":"product_tag-19th-century","10":"product_tag-botanicals","11":"product_tag-bouquet","12":"product_tag-french","13":"product_tag-painting","14":"product_tag-tulip","15":"product_tag-watercolor","16":"post","17":"post-with-thumbnail","18":"post-with-thumbnail-large","20":"first","21":"instock","22":"purchasable","23":"product-type-simple"},"_links":{"self":[{"href":"https:\/\/www.georgeglazer.com\/wpmain\/wp-json\/wp\/v2\/product\/7923","targetHints":{"allow":["GET"]}}],"collection":[{"href":"https:\/\/www.georgeglazer.com\/wpmain\/wp-json\/wp\/v2\/product"}],"about":[{"href":"https:\/\/www.georgeglazer.com\/wpmain\/wp-json\/wp\/v2\/types\/product"}],"version-history":[{"count":2,"href":"https:\/\/www.georgeglazer.com\/wpmain\/wp-json\/wp\/v2\/product\/7923\/revisions"}],"predecessor-version":[{"id":33508,"href":"https:\/\/www.georgeglazer.com\/wpmain\/wp-json\/wp\/v2\/product\/7923\/revisions\/33508"}],"wp:featuredmedia":[{"embeddable":true,"href":"https:\/\/www.georgeglazer.com\/wpmain\/wp-json\/wp\/v2\/media\/8221"}],"wp:attachment":[{"href":"https:\/\/www.georgeglazer.com\/wpmain\/wp-json\/wp\/v2\/media?parent=7923"}],"wp:term":[{"taxonomy":"product_brand","embeddable":true,"href":"https:\/\/www.georgeglazer.com\/wpmain\/wp-json\/wp\/v2\/product_brand?post=7923"},{"taxonomy":"product_cat","embeddable":true,"href":"https:\/\/www.georgeglazer.com\/wpmain\/wp-json\/wp\/v2\/product_cat?post=7923"},{"taxonomy":"product_tag","embeddable":true,"href":"https:\/\/www.georgeglazer.com\/wpmain\/wp-json\/wp\/v2\/product_tag?post=7923"}],"curies":[{"name":"wp","href":"https:\/\/api.w.org\/{rel}","templated":true}]}}