{"id":7851,"date":"2017-02-15T21:05:40","date_gmt":"2017-02-16T02:05:40","guid":{"rendered":"http:\/\/www.georgeglazer.com\/wpmain\/?post_type=product&#038;p=7851"},"modified":"2025-04-25T11:39:18","modified_gmt":"2025-04-25T15:39:18","slug":"botanical-art-garden-flower-bouquet-elisa-honorine-champin-antique-print-paris-19th-century-2","status":"publish","type":"product","link":"https:\/\/www.georgeglazer.com\/wpmain\/product\/botanical-art-garden-flower-bouquet-elisa-honorine-champin-antique-print-paris-19th-century-2\/","title":{"rendered":"Botanical, Art, Garden Flower Bouquet, Elisa-Honorine Champin, Antique Print, Paris, 19th Century"},"content":{"rendered":"<p>Elisa-Honorine Champin was a watercolorist and lithographer who painted mainly flowers and fruit.\u00a0\u00a0 Born in Paris, she studied under Mlle. Rich\u00e9 and exhibited at the Salon under her maiden name, Pitet, from 1833 to 1836.\u00a0 After she wed the French painter Jean-Jacques Champin (1796-1860) in 1837, she began exhibiting under her married name.\u00a0 She contributed botanical works to <strong>Le Jardin Potager [The Vegetable Garden]<\/strong> (1850-1884) a series of vegetable posters printed by Lemercier as advertisements for the Parisian firm Vilmorin-Andrieux, a leading wholesaler of seeds.<\/p>\n<p>Lemercier &amp; Cie. was a prolific lithographer of the 19th century, active from at least 1850 to 1884.\u00a0 Among their well-known works were the botanical series of vegetable posters, <strong>Le Jardin Potager [The Vegetable Garden]<\/strong> (1850-1884), by Elisa-Honorine Champin and others, for the Parisian firm Vilmorin-Andrieux, a leading wholesaler of seeds.<\/p>\n<p>Goupil &amp; Co. was founded in 1827 by Henry Rittner (1802-1840), who went into partnership with with Adolphe Goupil (1806-1893) as Maison Goupil two years later.\u00a0 The company quickly attracted notice for their high quality engravings.\u00a0 After Rittner&#8217;s death Theodore Vibert (1816-1850) joined the company, which by then was the leading publisher of fine art reproductions in Paris.\u00a0 In 1848, Goupil, Vibert &amp; Co. established the first permanent American branch of a foreign art firm in New York City, and began also producing prints by American artists or of American subjects to appeal to the U.S. market. By mid-1857, Michael Knoedler (1823-1878) had taken over the New York branch and was doing business as &#8220;Goupil &amp; Co., M. Knoedler &amp; Co., Successor,&#8221; with his younger brother, John (1828-1891) managing the print department.<\/p>\n<p>Ernest Gambart (1814-1902) was a London publisher and dealer, born in Belgium, who became a British citizen in 1846.\u00a0 He learned the trade in his father&#8217;s business, which included a printing, binding and bookselling business, and a reading-room.\u00a0 Around 1833, he established his own print and papermaking business in Paris, and went to England in 1840 as a representative of Goupil &amp; Co., the leading French publisher of fine art reproductions.\u00a0 By 1842, he was a partner in the print importing business Gambart and Junin.\u00a0 Two years later, he launched what became one of the leading print publishers of the period, and produced engravings after the leading British Victorian artists.\u00a0 He frequently collaborated with Goupil &amp; Co., which by 1848 had branches in both Paris and New York. At the end of the 1840s, he expanded into dealing the works of British, French and Dutch artists, opening a London exhibition space which became known as the French Gallery.\u00a0 He became friends with leading patrons and critics of the day, including John Ruskin and F.G. Stephens.\u00a0\u00a0 He also maintained close relationships with artists such as Rosa Bonheur and Alma-Tadema, both of whom he introduced to British audiences.\u00a0 Gambart showed prominent British artists of the day, including J.M.W. Turner, David Roberts, Landseer, Millais, Dante Gabriel Rossetti and Ford Madox Brown.\u00a0 He retired a wealthy man in 1870 and served the rest of his life as the Spanish Consul-General in Nice.\u00a0 His nephew L\u00e9on Lef\u00e8vre took over the business, which became Pilgeram &amp; Lef\u00e8vre and continues today as the Lefevre Gallery.\u00a0 Gambart received many honors over his lifetime, including Member of the Royal Victorian Order in 1898.<\/p>\n<p>Botanical bouquet compositions of varieties of flowers derive from a tradition that begins with Dutch Old Master still life pictures \u2013 for a brief overview see our <a href=\"botaninfo.html\">About Botanicals<\/a> page.<\/p>\n<p>Condition:\u00a0 Generally very good with the usual light overall toning, wear, soiling.\u00a0 Scattered soft and hard creases.\u00a0 Loss and stain to upper left margin, easily matted out.\u00a0 Publisher\u2019s blind stamp lower margin.<\/p>\n<p>References:<\/p>\n<p>B\u00e9n\u00e9zit, E. <em>Dictionnaire critique et documentaire des Peintres, Sculpteurs, Dessinateurs et Graveurs.<\/em>\u00a0 France: Librairie Gr\u00fcnd, 1966.\u00a0 Vol. 2, p. 425.<\/p>\n<p>Dao, Annie and Miller, Lee Norman.\u00a0 &#8220;Botanical sheet\u2014The vegetable garden.&#8221;\u00a0 <em>Agropolis Museum.<\/em>\u00a0 1996-2005.\u00a0 http:\/\/museum.agropolis.fr\/english\/pages\/expos\/aliments\/fruits_legumes\/images\/planche.htm (12 October 2005).<\/p>\n<p>Goodall, Richard.\u00a0 &#8220;Ernest Gambart.&#8221;\u00a0 <em>The Goodall Family of Artists.<\/em>\u00a0 7 September 2005. http:\/\/www.goodallartists.ca\/ernest.htm (11 November 2005).<\/p>\n<p>McIntosh, DeCourcy E.\u00a0 &#8220;19th Century AD.&#8221;\u00a0 <em>Magazine Antiques.<\/em>\u00a0 September 2004.\u00a0 on <em>FindArticles.<\/em>\u00a0 2005.\u00a0 http:\/\/www.findarticles.com\/p\/articles\/mi_m1026\/is_3_166\/ai_n6190031 (11 November 2005).<\/p>\n","protected":false},"excerpt":{"rendered":"<p>Elisa-Honorine Champin (d. 1871) (artist and lithographer)<br \/>\nLemercier &amp; Cie. (printer)<br \/>\n<strong>Bouquet Compos\u00e9e [Bouquet Composition]<\/strong><br \/>\nfrom <strong><em>Flore des Salons [Flora from the Exhibitions]<\/em><\/strong><br \/>\nGoupil &amp; Co., Paris &amp; New York; E. Gambart, London: 3d Quarter 19th Century<br \/>\nHand-colored lithograph with tinted block background<br \/>\n12 x 10 inches, image<br \/>\n16.75 x 13 inches, overall<br \/>\n$475<\/p>\n<p>Print by the French botanical artist Elisa Honorine Champin featuring a variety of roses along with other flowers in a ribbon-tied bouquet, a moth approaching from the upper right, a small caterpillar crawling on a partially eaten leaf, lower right.\u00a0 The composition is decorative in its arrangements of vividly-colored flowers.\u00a0 At the same time, the artist accurately portrays the plants from a scientific perspective, achieved by skillful shading and the naturalistic, informal positioning of the flowers.<\/p>\n<p>Product Description Continues Below<\/p>\n","protected":false},"featured_media":8063,"template":"","meta":{"wds_primary_product_brand":0,"wds_primary_product_cat":0,"footnotes":""},"product_brand":[],"product_cat":[983,985],"product_tag":[42,2384,3348,124,5158,5164,5156,5061,3133,2383,41,5157,5159,867,1673,5165],"class_list":{"0":"post-7851","1":"product","2":"type-product","3":"status-publish","4":"has-post-thumbnail","6":"product_cat-natural-history-art","7":"product_cat-flower-compositions-floral-art","8":"product_tag-19th-century","9":"product_tag-botanicals","10":"product_tag-bouquet","11":"product_tag-british","12":"product_tag-champin","13":"product_tag-composee","14":"product_tag-elisa","15":"product_tag-flore","16":"product_tag-flower","17":"product_tag-flowers","18":"product_tag-french","19":"product_tag-honorine","20":"product_tag-lemercier","21":"product_tag-lithograph","22":"product_tag-print","23":"product_tag-salons","24":"post","25":"post-with-thumbnail","26":"post-with-thumbnail-large","28":"first","29":"instock","30":"product-type-simple"},"_links":{"self":[{"href":"https:\/\/www.georgeglazer.com\/wpmain\/wp-json\/wp\/v2\/product\/7851","targetHints":{"allow":["GET"]}}],"collection":[{"href":"https:\/\/www.georgeglazer.com\/wpmain\/wp-json\/wp\/v2\/product"}],"about":[{"href":"https:\/\/www.georgeglazer.com\/wpmain\/wp-json\/wp\/v2\/types\/product"}],"version-history":[{"count":2,"href":"https:\/\/www.georgeglazer.com\/wpmain\/wp-json\/wp\/v2\/product\/7851\/revisions"}],"predecessor-version":[{"id":33517,"href":"https:\/\/www.georgeglazer.com\/wpmain\/wp-json\/wp\/v2\/product\/7851\/revisions\/33517"}],"wp:featuredmedia":[{"embeddable":true,"href":"https:\/\/www.georgeglazer.com\/wpmain\/wp-json\/wp\/v2\/media\/8063"}],"wp:attachment":[{"href":"https:\/\/www.georgeglazer.com\/wpmain\/wp-json\/wp\/v2\/media?parent=7851"}],"wp:term":[{"taxonomy":"product_brand","embeddable":true,"href":"https:\/\/www.georgeglazer.com\/wpmain\/wp-json\/wp\/v2\/product_brand?post=7851"},{"taxonomy":"product_cat","embeddable":true,"href":"https:\/\/www.georgeglazer.com\/wpmain\/wp-json\/wp\/v2\/product_cat?post=7851"},{"taxonomy":"product_tag","embeddable":true,"href":"https:\/\/www.georgeglazer.com\/wpmain\/wp-json\/wp\/v2\/product_tag?post=7851"}],"curies":[{"name":"wp","href":"https:\/\/api.w.org\/{rel}","templated":true}]}}