{"id":6591,"date":"2017-02-14T22:12:22","date_gmt":"2017-02-15T03:12:22","guid":{"rendered":"http:\/\/www.georgeglazer.com\/wpmain\/?post_type=product&#038;p=6591"},"modified":"2017-06-12T00:57:45","modified_gmt":"2017-06-12T04:57:45","slug":"encyclopedia-diderots-marais-salans-et-saunerie-salt-marsh-saltworks","status":"publish","type":"product","link":"https:\/\/www.georgeglazer.com\/wpmain\/product\/encyclopedia-diderots-marais-salans-et-saunerie-salt-marsh-saltworks\/","title":{"rendered":"Historical Art, Diderot&#8217;s Encyclopedia, Marais Salans et Saunerie, Salt Marsh Saltworks, Antique Prints, 18th Century"},"content":{"rendered":"","protected":false},"excerpt":{"rendered":"<p>Denis Diderot (1713-1784) and Jean Le Rond d&#8217;Alembert<br \/>\n<strong>Marais Salans et Saunerie<\/strong><br \/>\nfrom <strong><em>Encyclop\u00e9die, ou Dictionnaire raisonn\u00e9 des sciences, des m\u00e9tiers et des arts<\/em><\/strong><br \/>\nBook of engravings bound in original 18th Century section with <em>color<\/em>\u00a0covers<br \/>\n6 plates (three 11 1\/2 inch x 8 inch single page plates, three 11 1\/4 inch x 15 3\/8 inch two page spreads)<br \/>\n$175<\/p>\n<p>Remarkable reference book containing plates that accompanied Diderot&#8217;s &#8220;Encyclopedia,&#8221; a landmark work of the Enlightenment that depicted the tools and methods of artisans and tradespeople in a methodical and thorough way. This book shows the tools and industruy of a salt marsh saltworks.<\/p>\n<p>Condition: Prints generally very good with the usual light toning, wear, soiling, softcreases. Some edges lightly bumped, chipped or worn. Covers in similar condition, sometimes generally showing a little more wear than prints. Light brown stain in extreme lower left corner of some plates but does not intrude on image; can be easily matted out.<\/p>\n","protected":false},"featured_media":6593,"template":"","meta":{"wds_primary_product_brand":0,"wds_primary_product_cat":0,"footnotes":""},"product_brand":[],"product_cat":[939],"product_tag":[195,3173,3185,3187,2595,4420,2540,4424,4421,3748,4423,4422],"class_list":{"0":"post-6591","1":"product","2":"type-product","3":"status-publish","4":"has-post-thumbnail","6":"product_cat-manufacturing-industry","7":"product_tag-18th-century","8":"product_tag-diderot","9":"product_tag-encyclopedia","10":"product_tag-encyclopedie","11":"product_tag-manufacturing","12":"product_tag-marais","13":"product_tag-marsh","14":"product_tag-production","15":"product_tag-salans","16":"product_tag-salt","17":"product_tag-saltworks","18":"product_tag-saunerie","19":"post","20":"post-with-thumbnail","21":"post-with-thumbnail-large","23":"first","24":"instock","25":"purchasable","26":"product-type-simple"},"_links":{"self":[{"href":"https:\/\/www.georgeglazer.com\/wpmain\/wp-json\/wp\/v2\/product\/6591","targetHints":{"allow":["GET"]}}],"collection":[{"href":"https:\/\/www.georgeglazer.com\/wpmain\/wp-json\/wp\/v2\/product"}],"about":[{"href":"https:\/\/www.georgeglazer.com\/wpmain\/wp-json\/wp\/v2\/types\/product"}],"version-history":[{"count":1,"href":"https:\/\/www.georgeglazer.com\/wpmain\/wp-json\/wp\/v2\/product\/6591\/revisions"}],"predecessor-version":[{"id":17279,"href":"https:\/\/www.georgeglazer.com\/wpmain\/wp-json\/wp\/v2\/product\/6591\/revisions\/17279"}],"wp:featuredmedia":[{"embeddable":true,"href":"https:\/\/www.georgeglazer.com\/wpmain\/wp-json\/wp\/v2\/media\/6593"}],"wp:attachment":[{"href":"https:\/\/www.georgeglazer.com\/wpmain\/wp-json\/wp\/v2\/media?parent=6591"}],"wp:term":[{"taxonomy":"product_brand","embeddable":true,"href":"https:\/\/www.georgeglazer.com\/wpmain\/wp-json\/wp\/v2\/product_brand?post=6591"},{"taxonomy":"product_cat","embeddable":true,"href":"https:\/\/www.georgeglazer.com\/wpmain\/wp-json\/wp\/v2\/product_cat?post=6591"},{"taxonomy":"product_tag","embeddable":true,"href":"https:\/\/www.georgeglazer.com\/wpmain\/wp-json\/wp\/v2\/product_tag?post=6591"}],"curies":[{"name":"wp","href":"https:\/\/api.w.org\/{rel}","templated":true}]}}