{"id":6573,"date":"2017-02-14T22:12:08","date_gmt":"2017-02-15T03:12:08","guid":{"rendered":"http:\/\/www.georgeglazer.com\/wpmain\/?post_type=product&#038;p=6573"},"modified":"2017-06-12T00:40:36","modified_gmt":"2017-06-12T04:40:36","slug":"piquer-de-tabatieres-incrusteur-et-brodeur-manufacture-of-snuff-boxes-diderots-encyclopedia","status":"publish","type":"product","link":"https:\/\/www.georgeglazer.com\/wpmain\/product\/piquer-de-tabatieres-incrusteur-et-brodeur-manufacture-of-snuff-boxes-diderots-encyclopedia\/","title":{"rendered":"Historical Art, Diderot&#8217;s Encyclopedia, Antique Prints, 18th Century, Piquer de Tabatieres, Incrusteur et Brodeur, Snuff Boxes"},"content":{"rendered":"","protected":false},"excerpt":{"rendered":"<p>Denis Diderot (1713-1784) and Jean Le Rond d&#8217;Alembert<br \/>\n<strong>Piquer de Tabatieres, Incrusteur et Brodeur [Snuff Box Maker, Inlayer, and Decorator]<\/strong><br \/>\nfrom <strong><em>Encyclop\u00e9die, ou Dictionnaire raisonn\u00e9 des sciences, des m\u00e9tiers et des arts<\/em><\/strong><br \/>\nBook of engravings bound in original 18th Century section with brown paper covers<br \/>\nTwo 15 1\/2 x 10 inch plates<br \/>\n$250<\/p>\n<p>Remarkable reference book containing plates that accompanied Diderot&#8217;s &#8220;Encyclopedia,&#8221; a landmark work of the Enlightenment that depicted the tools and methods of artisans and tradespeople in a methodical and thorough way. This book shows the tools and manufacture of inlayed and embellished snuffboxes.<\/p>\n<p>Condition: Prints generally very good with the usual light toning, wear, soiling, softcreases. Some edges lightly bumped, chipped or worn. Covers in similar condition, sometimes generally showing a little more wear than prints. Light brown stain in extreme lower left corner of some plates but does not intrude on image; can be easily matted out.<\/p>\n","protected":false},"featured_media":6575,"template":"","meta":{"wds_primary_product_brand":0,"wds_primary_product_cat":0,"footnotes":""},"product_brand":[],"product_cat":[939],"product_tag":[195,1889,175,5681,5671,5684,4072,5674,3173,3185,3187,1512,41,5680,1379,5683,1869,2376,2595,5676,5678,1673,5675,5670,1311,5682,5679],"class_list":{"0":"post-6573","1":"product","2":"type-product","3":"status-publish","4":"has-post-thumbnail","6":"product_cat-manufacturing-industry","7":"product_tag-18th-century","8":"product_tag-arts","9":"product_tag-box","10":"product_tag-brodeur","11":"product_tag-dalembert","12":"product_tag-decorator","13":"product_tag-denis","14":"product_tag-dictionnaire","15":"product_tag-diderot","16":"product_tag-encyclopedia","17":"product_tag-encyclopedie","18":"product_tag-engraving","19":"product_tag-french","20":"product_tag-incrusteur","21":"product_tag-industry","22":"product_tag-inlayer","23":"product_tag-jean","24":"product_tag-maker","25":"product_tag-manufacturing","26":"product_tag-metiers","27":"product_tag-piquer","28":"product_tag-print","29":"product_tag-raisonne","30":"product_tag-rond","31":"product_tag-science","32":"product_tag-snuff","33":"product_tag-tabatieres","34":"post","35":"post-with-thumbnail","36":"post-with-thumbnail-large","38":"first","39":"instock","40":"purchasable","41":"product-type-simple"},"_links":{"self":[{"href":"https:\/\/www.georgeglazer.com\/wpmain\/wp-json\/wp\/v2\/product\/6573","targetHints":{"allow":["GET"]}}],"collection":[{"href":"https:\/\/www.georgeglazer.com\/wpmain\/wp-json\/wp\/v2\/product"}],"about":[{"href":"https:\/\/www.georgeglazer.com\/wpmain\/wp-json\/wp\/v2\/types\/product"}],"version-history":[{"count":0,"href":"https:\/\/www.georgeglazer.com\/wpmain\/wp-json\/wp\/v2\/product\/6573\/revisions"}],"wp:featuredmedia":[{"embeddable":true,"href":"https:\/\/www.georgeglazer.com\/wpmain\/wp-json\/wp\/v2\/media\/6575"}],"wp:attachment":[{"href":"https:\/\/www.georgeglazer.com\/wpmain\/wp-json\/wp\/v2\/media?parent=6573"}],"wp:term":[{"taxonomy":"product_brand","embeddable":true,"href":"https:\/\/www.georgeglazer.com\/wpmain\/wp-json\/wp\/v2\/product_brand?post=6573"},{"taxonomy":"product_cat","embeddable":true,"href":"https:\/\/www.georgeglazer.com\/wpmain\/wp-json\/wp\/v2\/product_cat?post=6573"},{"taxonomy":"product_tag","embeddable":true,"href":"https:\/\/www.georgeglazer.com\/wpmain\/wp-json\/wp\/v2\/product_tag?post=6573"}],"curies":[{"name":"wp","href":"https:\/\/api.w.org\/{rel}","templated":true}]}}