{"id":6567,"date":"2017-02-14T22:12:03","date_gmt":"2017-02-15T03:12:03","guid":{"rendered":"http:\/\/www.georgeglazer.com\/wpmain\/?post_type=product&#038;p=6567"},"modified":"2017-06-12T00:37:14","modified_gmt":"2017-06-12T04:37:14","slug":"mosaique-mosaicist-diderots-encyclopedia","status":"publish","type":"product","link":"https:\/\/www.georgeglazer.com\/wpmain\/product\/mosaique-mosaicist-diderots-encyclopedia\/","title":{"rendered":"Historical Art, Diderot&#8217;s Encyclopedia, Antique Prints, 18th Century, Mosaique [Mosaicist]"},"content":{"rendered":"","protected":false},"excerpt":{"rendered":"<p>Denis Diderot (1713-1784) and Jean Le Rond d&#8217;Alembert<br \/>\n<strong>Mosaique\u00a0[Mosaicist] <\/strong><br \/>\nfrom<strong><em> Encyclop\u00e9die, ou Dictionnaire raisonn\u00e9 des sciences, des m\u00e9tiers et des arts<\/em> <\/strong><br \/>\nBook of engravings bound in original 18th Century section with marbleized covers<br \/>\n5 plates (four 11 1\/4 inch x 8 inch single page plates, one 11 1\/4 inch x 16 inch two page spread)<br \/>\n$250<\/p>\n<p>&nbsp;<\/p>\n<p>Remarkable reference book containing plates that accompanied Diderot&#8217;s &#8220;Encyclopedia,&#8221; a landmark work of the Enlightenment that depicted the tools and methods of artisans and tradespeople in a methodical and thorough way. This book shows the tools and manufacture of mosaics.<\/p>\n<p>Condition: Prints generally very good with the usual light toning, wear, soiling, soft creases. Some edges lightly bumped, chipped or worn. Covers in similar condition, sometimes generally showing a little more wear than prints. Light brown stain in extreme lower left corner of some plates but does not intrude on image; can be easily matted out.<\/p>\n","protected":false},"featured_media":6519,"template":"","meta":{"wds_primary_product_brand":0,"wds_primary_product_cat":0,"footnotes":""},"product_brand":[],"product_cat":[939],"product_tag":[195,1889,5671,4072,5674,3173,3185,3187,1512,41,1379,1869,2376,2595,5676,5686,5685,5687,1673,5675,5670,1311],"class_list":{"0":"post-6567","1":"product","2":"type-product","3":"status-publish","4":"has-post-thumbnail","6":"product_cat-manufacturing-industry","7":"product_tag-18th-century","8":"product_tag-arts","9":"product_tag-dalembert","10":"product_tag-denis","11":"product_tag-dictionnaire","12":"product_tag-diderot","13":"product_tag-encyclopedia","14":"product_tag-encyclopedie","15":"product_tag-engraving","16":"product_tag-french","17":"product_tag-industry","18":"product_tag-jean","19":"product_tag-maker","20":"product_tag-manufacturing","21":"product_tag-metiers","22":"product_tag-mosaic","23":"product_tag-mosaicist","24":"product_tag-mosaique","25":"product_tag-print","26":"product_tag-raisonne","27":"product_tag-rond","28":"product_tag-science","29":"post","30":"post-with-thumbnail","31":"post-with-thumbnail-large","33":"first","34":"instock","35":"product-type-simple"},"_links":{"self":[{"href":"https:\/\/www.georgeglazer.com\/wpmain\/wp-json\/wp\/v2\/product\/6567","targetHints":{"allow":["GET"]}}],"collection":[{"href":"https:\/\/www.georgeglazer.com\/wpmain\/wp-json\/wp\/v2\/product"}],"about":[{"href":"https:\/\/www.georgeglazer.com\/wpmain\/wp-json\/wp\/v2\/types\/product"}],"version-history":[{"count":0,"href":"https:\/\/www.georgeglazer.com\/wpmain\/wp-json\/wp\/v2\/product\/6567\/revisions"}],"wp:featuredmedia":[{"embeddable":true,"href":"https:\/\/www.georgeglazer.com\/wpmain\/wp-json\/wp\/v2\/media\/6519"}],"wp:attachment":[{"href":"https:\/\/www.georgeglazer.com\/wpmain\/wp-json\/wp\/v2\/media?parent=6567"}],"wp:term":[{"taxonomy":"product_brand","embeddable":true,"href":"https:\/\/www.georgeglazer.com\/wpmain\/wp-json\/wp\/v2\/product_brand?post=6567"},{"taxonomy":"product_cat","embeddable":true,"href":"https:\/\/www.georgeglazer.com\/wpmain\/wp-json\/wp\/v2\/product_cat?post=6567"},{"taxonomy":"product_tag","embeddable":true,"href":"https:\/\/www.georgeglazer.com\/wpmain\/wp-json\/wp\/v2\/product_tag?post=6567"}],"curies":[{"name":"wp","href":"https:\/\/api.w.org\/{rel}","templated":true}]}}