{"id":6495,"date":"2017-02-14T22:11:06","date_gmt":"2017-02-15T03:11:06","guid":{"rendered":"http:\/\/www.georgeglazer.com\/wpmain\/?post_type=product&#038;p=6495"},"modified":"2017-06-12T00:36:53","modified_gmt":"2017-06-12T04:36:53","slug":"coffritier-malletier-bahutier-trunk-maker-diderots-encyclopedia","status":"publish","type":"product","link":"https:\/\/www.georgeglazer.com\/wpmain\/product\/coffritier-malletier-bahutier-trunk-maker-diderots-encyclopedia\/","title":{"rendered":"Historical Art, Diderot&#8217;s Encyclopedia, Antique Prints, 18th Century, Coffritier-Malletier-Bahutier [Trunk Maker]"},"content":{"rendered":"","protected":false},"excerpt":{"rendered":"<p>Denis Diderot (1713-1784) and Jean Le Rond d&#8217;Alembert<br \/>\n<strong>Coffritier-Malletier-Bahutier [Trunk Maker]<\/strong><br \/>\nfrom <strong><em>Encyclop\u00e9die, ou Dictionnaire raisonn\u00e9 des sciences, des m\u00e9tiers et des arts<\/em><\/strong><br \/>\nBook of engravings bound in original 18th Century section with brown paper covers<br \/>\nThree 15 3\/8 inch x 10 inch plates<br \/>\n$250<\/p>\n<p>Remarkable reference book containing plates that accompanied Diderot&#8217;s &#8220;Encyclopedia,&#8221; a landmark work of the Enlightenment that depicted the tools and methods of artisans and tradespeople in a methodical and thorough way. This book shows the tools and manufacture of trunks and other large carrying cases.<\/p>\n<p>Condition: Prints generally very good with the usual light toning, wear, soiling, softcreases. Some edges lightly bumped, chipped or worn with binding loosening between some pages. Covers in similar condition, sometimes generally showing a little more wear than printsinside.<\/p>\n","protected":false},"featured_media":6497,"template":"","meta":{"wds_primary_product_brand":0,"wds_primary_product_cat":0,"footnotes":""},"product_brand":[],"product_cat":[939],"product_tag":[195,1889,5702,5700,5671,4072,5674,3173,3185,3187,1512,41,1379,1869,5704,2376,5701,2595,5676,1673,5675,5670,1311,5703],"class_list":{"0":"post-6495","1":"product","2":"type-product","3":"status-publish","4":"has-post-thumbnail","6":"product_cat-manufacturing-industry","7":"product_tag-18th-century","8":"product_tag-arts","9":"product_tag-bahutier","10":"product_tag-coffritier","11":"product_tag-dalembert","12":"product_tag-denis","13":"product_tag-dictionnaire","14":"product_tag-diderot","15":"product_tag-encyclopedia","16":"product_tag-encyclopedie","17":"product_tag-engraving","18":"product_tag-french","19":"product_tag-industry","20":"product_tag-jean","21":"product_tag-luggage","22":"product_tag-maker","23":"product_tag-malletier","24":"product_tag-manufacturing","25":"product_tag-metiers","26":"product_tag-print","27":"product_tag-raisonne","28":"product_tag-rond","29":"product_tag-science","30":"product_tag-trunk","31":"post","32":"post-with-thumbnail","33":"post-with-thumbnail-large","35":"first","36":"instock","37":"purchasable","38":"product-type-simple"},"_links":{"self":[{"href":"https:\/\/www.georgeglazer.com\/wpmain\/wp-json\/wp\/v2\/product\/6495","targetHints":{"allow":["GET"]}}],"collection":[{"href":"https:\/\/www.georgeglazer.com\/wpmain\/wp-json\/wp\/v2\/product"}],"about":[{"href":"https:\/\/www.georgeglazer.com\/wpmain\/wp-json\/wp\/v2\/types\/product"}],"version-history":[{"count":0,"href":"https:\/\/www.georgeglazer.com\/wpmain\/wp-json\/wp\/v2\/product\/6495\/revisions"}],"wp:featuredmedia":[{"embeddable":true,"href":"https:\/\/www.georgeglazer.com\/wpmain\/wp-json\/wp\/v2\/media\/6497"}],"wp:attachment":[{"href":"https:\/\/www.georgeglazer.com\/wpmain\/wp-json\/wp\/v2\/media?parent=6495"}],"wp:term":[{"taxonomy":"product_brand","embeddable":true,"href":"https:\/\/www.georgeglazer.com\/wpmain\/wp-json\/wp\/v2\/product_brand?post=6495"},{"taxonomy":"product_cat","embeddable":true,"href":"https:\/\/www.georgeglazer.com\/wpmain\/wp-json\/wp\/v2\/product_cat?post=6495"},{"taxonomy":"product_tag","embeddable":true,"href":"https:\/\/www.georgeglazer.com\/wpmain\/wp-json\/wp\/v2\/product_tag?post=6495"}],"curies":[{"name":"wp","href":"https:\/\/api.w.org\/{rel}","templated":true}]}}