{"id":6477,"date":"2017-02-14T22:10:46","date_gmt":"2017-02-15T03:10:46","guid":{"rendered":"http:\/\/www.georgeglazer.com\/wpmain\/?post_type=product&#038;p=6477"},"modified":"2017-06-12T00:36:01","modified_gmt":"2017-06-12T04:36:01","slug":"bourrelier-harness-maker-diderots-encyclopedia","status":"publish","type":"product","link":"https:\/\/www.georgeglazer.com\/wpmain\/product\/bourrelier-harness-maker-diderots-encyclopedia\/","title":{"rendered":"Historical Art, Diderot&#8217;s Encyclopedia, Antique Prints, 18th Century, Bourrelier [Harness Maker"},"content":{"rendered":"","protected":false},"excerpt":{"rendered":"<p>Denis Diderot (1713-1784) and Jean Le Rond d&#8217;Alembert<br \/>\n<strong>Bourrelier et Bourrelier-Bastier [Harness Maker] <\/strong><br \/>\nfrom<strong><em> Encyclop\u00e9die, ou Dictionnaire raisonn\u00e9 des sciences, des m\u00e9tiers et des arts<\/em> <\/strong><br \/>\nBook of engravings bound in original 18th Century section with brown paper covers<br \/>\nSeven 15 1\/4 inch x 10 1\/8 inch plates<br \/>\n$250<\/p>\n<p>Remarkable reference book containing plates that accompanied Diderot&#8217;s &#8220;Encyclopedia,&#8221; a landmark work of the Enlightenment that depicted the tools and methods of artisans and tradespeople in a methodical and thorough way. This book shows the tools and manufacture of harnesses and saddles.<\/p>\n<p>Condition: Prints generally very good with the usual light toning, wear, soiling, softcreases. Some edges lightly bumped, chipped or worn. Covers in similarcondition, sometimes generally showing a little more wear than prints. Some pages coming away from binding at spine.<\/p>\n","protected":false},"featured_media":6479,"template":"","meta":{"wds_primary_product_brand":0,"wds_primary_product_cat":0,"footnotes":""},"product_brand":[],"product_cat":[939],"product_tag":[195,1889,5709,5671,4072,5674,3173,3185,3187,1512,41,5710,1320,1379,1869,2376,2595,5676,1673,5675,5670,5711,1311],"class_list":{"0":"post-6477","1":"product","2":"type-product","3":"status-publish","4":"has-post-thumbnail","6":"product_cat-manufacturing-industry","7":"product_tag-18th-century","8":"product_tag-arts","9":"product_tag-bourrelier","10":"product_tag-dalembert","11":"product_tag-denis","12":"product_tag-dictionnaire","13":"product_tag-diderot","14":"product_tag-encyclopedia","15":"product_tag-encyclopedie","16":"product_tag-engraving","17":"product_tag-french","18":"product_tag-harness","19":"product_tag-horse","20":"product_tag-industry","21":"product_tag-jean","22":"product_tag-maker","23":"product_tag-manufacturing","24":"product_tag-metiers","25":"product_tag-print","26":"product_tag-raisonne","27":"product_tag-rond","28":"product_tag-saddle","29":"product_tag-science","30":"post","31":"post-with-thumbnail","32":"post-with-thumbnail-large","34":"first","35":"instock","36":"purchasable","37":"product-type-simple"},"_links":{"self":[{"href":"https:\/\/www.georgeglazer.com\/wpmain\/wp-json\/wp\/v2\/product\/6477","targetHints":{"allow":["GET"]}}],"collection":[{"href":"https:\/\/www.georgeglazer.com\/wpmain\/wp-json\/wp\/v2\/product"}],"about":[{"href":"https:\/\/www.georgeglazer.com\/wpmain\/wp-json\/wp\/v2\/types\/product"}],"version-history":[{"count":1,"href":"https:\/\/www.georgeglazer.com\/wpmain\/wp-json\/wp\/v2\/product\/6477\/revisions"}],"predecessor-version":[{"id":16980,"href":"https:\/\/www.georgeglazer.com\/wpmain\/wp-json\/wp\/v2\/product\/6477\/revisions\/16980"}],"wp:featuredmedia":[{"embeddable":true,"href":"https:\/\/www.georgeglazer.com\/wpmain\/wp-json\/wp\/v2\/media\/6479"}],"wp:attachment":[{"href":"https:\/\/www.georgeglazer.com\/wpmain\/wp-json\/wp\/v2\/media?parent=6477"}],"wp:term":[{"taxonomy":"product_brand","embeddable":true,"href":"https:\/\/www.georgeglazer.com\/wpmain\/wp-json\/wp\/v2\/product_brand?post=6477"},{"taxonomy":"product_cat","embeddable":true,"href":"https:\/\/www.georgeglazer.com\/wpmain\/wp-json\/wp\/v2\/product_cat?post=6477"},{"taxonomy":"product_tag","embeddable":true,"href":"https:\/\/www.georgeglazer.com\/wpmain\/wp-json\/wp\/v2\/product_tag?post=6477"}],"curies":[{"name":"wp","href":"https:\/\/api.w.org\/{rel}","templated":true}]}}