{"id":5782,"date":"2017-02-10T22:50:32","date_gmt":"2017-02-11T03:50:32","guid":{"rendered":"http:\/\/www.georgeglazer.com\/wpmain\/?post_type=product&#038;p=5782"},"modified":"2021-12-03T15:40:39","modified_gmt":"2021-12-03T20:40:39","slug":"genre-la-petite-therese-after-caresme-french-antique-print-sold","status":"publish","type":"product","link":"https:\/\/www.georgeglazer.com\/wpmain\/product\/genre-la-petite-therese-after-caresme-french-antique-print-sold\/","title":{"rendered":"Genre, La Petite Therese after Caresme, French Antique Print (Sold)"},"content":{"rendered":"<p>The lower margin features a coat of arms and contains the following inscription:<\/p>\n<blockquote><p><em>D\u00e9di\u00e9e \u00e0 Madame de Blangermont,<br \/>\nBlaise \u00e1 la parsin s&#8217;appr\u00eate<br \/>\nL&#8217;Im\u00eame \u00e0 faire le guet,<br \/>\nDu chapeau couvrant sa t\u00e8te,<br \/>\nIs&#8217;plante au lieu du piquet.<br \/>\nLa Belle ye viant, il la happe<br \/>\nPar son jupon de bazin:<br \/>\nVous v&#8217;nez donc mordre \u00e0 la grappe<br \/>\nDans la vigne du voisin?<\/em><\/p><\/blockquote>\n<p>Jacques-Philippe Caresme was a French painter, engraver and illustrator. The son and cousin of artists, he entered the Acad\u00e9mie Royale in 1753 and won second place in the Prix de Rome competition there in 1761. Accepted into the Acad\u00e9mie in 1766, he began to exhibit regularly at theSalon. He completed commissioned paintings for Bayonne Cathedral and the Petit Trianon, Versailles, where they remain to this day. In 1777,the Acad\u00e9mie commissioned a painting for the ceiling of the Gallery of Apollo in the Louvre; when he failed to produce it he was expelled from the Acad\u00e9mie the following year.<\/p>\n<p>References:<\/p>\n<p>&#8220;Jacques-Philippe Caresme.&#8221; <em>The Grove Dictionary of Art. <\/em> New York : Macmillan. 2000. <em>Artnet.com. <\/em>http:\/\/www.artnet.com\/library\/01\/0140\/T014030.asp (9 April 2004).<\/p>\n","protected":false},"excerpt":{"rendered":"<p>Jacques-Philippe Caresme (1734-1796) (after)<br \/>\nJ. Couch\u00e9 (engraver)<br \/>\n<strong>La Petite Th\u00e9rese [Little Theresa]<\/strong><br \/>\nJ. Couch\u00e9, Rue Ste. Hyacinthe, No. 51, Paris: Late 18th Century (restruck Late 19th Century)<br \/>\nColor-printed engraving<br \/>\n19 x 14.25 inches, overall<br \/>\n14.5 x 10.5 inches, plate mark<\/p>\n<p>A pretty young woman gathering grapes is pursued through the vineyard by a handsome young suitor, who according to the accompanying verse, waits there, his hat pulled over his head, disguising himself among the stakes. When she comes near, he snatches her by the petticoat and says, &#8220;So you come to enjoy the grapes in the vineyard of your neighbor?&#8221; Sexually suggestive genre scenes like this one were popular in middle and late 18th century French art.<\/p>\n<p>Product description continues below.<\/p>\n","protected":false},"featured_media":5783,"template":"","meta":{"wds_primary_product_brand":0,"wds_primary_product_cat":0,"footnotes":""},"product_brand":[],"product_cat":[5051],"product_tag":[195,42,2690,4934,4476,1512,2435,4582,2688,2009,1673,4460,2689],"class_list":{"0":"post-5782","1":"product","2":"type-product","3":"status-publish","4":"has-post-thumbnail","6":"product_cat-archive-sold-history-people","7":"product_tag-18th-century","8":"product_tag-19th-century","9":"product_tag-caresme","10":"product_tag-couche","11":"product_tag-courtship","12":"product_tag-engraving","13":"product_tag-genre","14":"product_tag-jacques","15":"product_tag-petite","16":"product_tag-philippe","17":"product_tag-print","18":"product_tag-romance","19":"product_tag-therese","20":"post","21":"post-with-thumbnail","22":"post-with-thumbnail-large","24":"first","25":"instock","26":"product-type-simple"},"_links":{"self":[{"href":"https:\/\/www.georgeglazer.com\/wpmain\/wp-json\/wp\/v2\/product\/5782","targetHints":{"allow":["GET"]}}],"collection":[{"href":"https:\/\/www.georgeglazer.com\/wpmain\/wp-json\/wp\/v2\/product"}],"about":[{"href":"https:\/\/www.georgeglazer.com\/wpmain\/wp-json\/wp\/v2\/types\/product"}],"version-history":[{"count":1,"href":"https:\/\/www.georgeglazer.com\/wpmain\/wp-json\/wp\/v2\/product\/5782\/revisions"}],"predecessor-version":[{"id":16961,"href":"https:\/\/www.georgeglazer.com\/wpmain\/wp-json\/wp\/v2\/product\/5782\/revisions\/16961"}],"wp:featuredmedia":[{"embeddable":true,"href":"https:\/\/www.georgeglazer.com\/wpmain\/wp-json\/wp\/v2\/media\/5783"}],"wp:attachment":[{"href":"https:\/\/www.georgeglazer.com\/wpmain\/wp-json\/wp\/v2\/media?parent=5782"}],"wp:term":[{"taxonomy":"product_brand","embeddable":true,"href":"https:\/\/www.georgeglazer.com\/wpmain\/wp-json\/wp\/v2\/product_brand?post=5782"},{"taxonomy":"product_cat","embeddable":true,"href":"https:\/\/www.georgeglazer.com\/wpmain\/wp-json\/wp\/v2\/product_cat?post=5782"},{"taxonomy":"product_tag","embeddable":true,"href":"https:\/\/www.georgeglazer.com\/wpmain\/wp-json\/wp\/v2\/product_tag?post=5782"}],"curies":[{"name":"wp","href":"https:\/\/api.w.org\/{rel}","templated":true}]}}