{"id":5756,"date":"2017-02-10T22:49:52","date_gmt":"2017-02-11T03:49:52","guid":{"rendered":"http:\/\/www.georgeglazer.com\/wpmain\/?post_type=product&#038;p=5756"},"modified":"2021-06-30T02:43:57","modified_gmt":"2021-06-30T06:43:57","slug":"landscape-bucolic-winter-scenes-antique-print-pair-paris-c-1810-20","status":"publish","type":"product","link":"https:\/\/www.georgeglazer.com\/wpmain\/product\/landscape-bucolic-winter-scenes-antique-print-pair-paris-c-1810-20\/","title":{"rendered":"Landscape, Bucolic Winter Scenes, Antique Print Pair, Paris, c. 1810-20"},"content":{"rendered":"<p>Fran\u00e7ois Aubertin was a French draftsman and engraver, born in Metz. He was a soldier before learning aquatint engraving, to which he introduced some new technical processes. He worked in Dresden, Berlin, Paris and Ghent, reproducing the works of Nicolaes Berchem, Paul Potter, Carle van Loo and others. He committed suicide in Ghent in 1821.<\/p>\n<p>Bassand (also known as &#8220;Bassan&#8221;) was a French publisher and printer, active between 1805 and 1815.<\/p>\n<p>Vilquin was a French publisher and printseller active in Paris between 1790 and 1815. He published a number of botanical prints after the painter Jean-Louis Pr\u00e9vost.<\/p>\n<p>Full publication information, <strong>La Chaumi\u00e8re<\/strong>: Aubertin sculp. Imprim\u00e9 par Bassand. A Paris, chez Vilquin, Md. d&#8217;Estampes, Grande Cour du Palais Royal, No. 20. Depos\u00e9 \u00e0 la Biblioth\u00e8que Imp\u00e9riale. Inscribed upper right corner: No. 2781.<\/p>\n<p>Full publication information, <strong>Le Ch\u00e2teau<\/strong>: Aubertin invenit et sculpsit. Imprim\u00e9 par Bassan. A Paris, chez Vilquin, Md. d&#8217;Estampes, Grande Cour du Palais Royal, No. 20. Depos\u00e9 \u00e0 la Direction Imp\u00e9riale. Inscribed upper right margin: No. 2782.<\/p>\n<p>Condition: Generally very good overall with rich colors, nonetheless exhibiting the usual light toning, wear, handling. Extremely faint scattered damp-caused discoloration in margins.<\/p>\n<p>References:<\/p>\n<p>B\u00e9n\u00e9zit, E. <em>Dictionnaire critique et documentaire des Peintres, Sculpteurs, Dessinateurs et Graveurs.<\/em> France: Librairie Gr\u00fcnd, 1966. Vol. 1, p. 282 (Aubertin).<\/p>\n<p>&#8220;Le Ch\u00e2teau.&#8221; <em>British Museum.<\/em> http:\/\/www.britishmuseum.org\/research\/collection_online\/collection_object_details.aspx?objectId=1429943&amp;partId=1&amp;people=24373&amp;peoA=24373-2-61&amp;page=1 (18 December 2014).<\/p>\n<p>&#8220;Vilquin (biographical details).&#8221; <em>British Museum.<\/em> http:\/\/www.britishmuseum.org\/research\/search_the_collection_database\/term_details.aspx?bioId=22696 (18 December 2014).<\/p>\n","protected":false},"excerpt":{"rendered":"<p>Fran\u00e7ois Aubertin (1773-1821) (artist and engraver)<br \/>\nBassand (printer)<br \/>\n<strong>Le Ch\u00e2teau [The Castle]<br \/>\nLa Chaumi\u00e8re [The Thatched Cottage]<\/strong><br \/>\nVilquin, Paris: c. 1810-1820<br \/>\nColor-printed aquatints finished by hand on blue paper<br \/>\n19 x 22.25 inches, image<br \/>\n21 x 24.5 inches, overall<br \/>\n$1,400, the pair<\/p>\n<p>Pair of picturesque rural French winter countryside genre scenes rendered as exceptionally fine aquatints. <strong>Le Ch\u00e2teau<\/strong> shows a weathered and slightly crumbling castle perched on a rocky outcropping along the banks of a large body of water. A light coating of snow covers the ground. A short bridge leads to the castle entrance from the shore. Two workers walking along the shore pull a shallow boat carrying what appears to be coal from beneath the bridge. On the bridge, a woman watches their progress and three hunters and their dogs return to the castle, where smoke rises from the chimney. In contrast, <strong>La Chaumi\u00e8re <\/strong>centers on a modest thatched roof country cottage at the edge of a snow-colored field. Beside the cottage are tall pine trees and a stone house. Fires can be glimpsed burning in the fireplaces; smoke pours from the chimneys. In the foreground, a visiting woman and girl are greeted by a woman and two boys, one of whom attends to their horse while the other plays with a dog. Another woman approaches the house through a gate, carrying a bundle of firewood on her head. On the gate is the engraver&#8217;s credit, &#8220;Aubertin sculp.&#8221; Aubertin was an innovative aquatintist, and the high quality of his work is evident in these prints.<\/p>\n","protected":false},"featured_media":5757,"template":"","meta":{"wds_primary_product_brand":0,"wds_primary_product_cat":0,"footnotes":""},"product_brand":[],"product_cat":[6779,924],"product_tag":[42,2008,5923,5924,2234,2294,5925,2667,1473,41,2435,1610,2080,1673,2140,864,2666,865],"class_list":{"0":"post-5756","1":"product","2":"type-product","3":"status-publish","4":"has-post-thumbnail","6":"product_cat-genre","7":"product_cat-landscapes-vistas","8":"product_tag-19th-century","9":"product_tag-aquatint","10":"product_tag-aubertin","11":"product_tag-bassand","12":"product_tag-castle","13":"product_tag-chateau","14":"product_tag-chaumiere","15":"product_tag-cottage","16":"product_tag-francois","17":"product_tag-french","18":"product_tag-genre","19":"product_tag-humor","20":"product_tag-pastoral","21":"product_tag-print","22":"product_tag-satire","23":"product_tag-scene","24":"product_tag-thatched","25":"product_tag-winter","26":"post","27":"post-with-thumbnail","28":"post-with-thumbnail-large","30":"first","31":"instock","32":"purchasable","33":"product-type-simple"},"_links":{"self":[{"href":"https:\/\/www.georgeglazer.com\/wpmain\/wp-json\/wp\/v2\/product\/5756","targetHints":{"allow":["GET"]}}],"collection":[{"href":"https:\/\/www.georgeglazer.com\/wpmain\/wp-json\/wp\/v2\/product"}],"about":[{"href":"https:\/\/www.georgeglazer.com\/wpmain\/wp-json\/wp\/v2\/types\/product"}],"version-history":[{"count":1,"href":"https:\/\/www.georgeglazer.com\/wpmain\/wp-json\/wp\/v2\/product\/5756\/revisions"}],"predecessor-version":[{"id":28088,"href":"https:\/\/www.georgeglazer.com\/wpmain\/wp-json\/wp\/v2\/product\/5756\/revisions\/28088"}],"wp:featuredmedia":[{"embeddable":true,"href":"https:\/\/www.georgeglazer.com\/wpmain\/wp-json\/wp\/v2\/media\/5757"}],"wp:attachment":[{"href":"https:\/\/www.georgeglazer.com\/wpmain\/wp-json\/wp\/v2\/media?parent=5756"}],"wp:term":[{"taxonomy":"product_brand","embeddable":true,"href":"https:\/\/www.georgeglazer.com\/wpmain\/wp-json\/wp\/v2\/product_brand?post=5756"},{"taxonomy":"product_cat","embeddable":true,"href":"https:\/\/www.georgeglazer.com\/wpmain\/wp-json\/wp\/v2\/product_cat?post=5756"},{"taxonomy":"product_tag","embeddable":true,"href":"https:\/\/www.georgeglazer.com\/wpmain\/wp-json\/wp\/v2\/product_tag?post=5756"}],"curies":[{"name":"wp","href":"https:\/\/api.w.org\/{rel}","templated":true}]}}