{"id":5610,"date":"2017-02-10T22:24:16","date_gmt":"2017-02-11T03:24:16","guid":{"rendered":"http:\/\/www.georgeglazer.com\/wpmain\/?post_type=product&#038;p=5610"},"modified":"2017-06-10T21:44:25","modified_gmt":"2017-06-11T01:44:25","slug":"new-york-stock-exchange-william-anderson-sherwood-etching","status":"publish","type":"product","link":"https:\/\/www.georgeglazer.com\/wpmain\/product\/new-york-stock-exchange-william-anderson-sherwood-etching\/","title":{"rendered":"View, New York City, Wall Street, New York Stock Exchange, William Anderson Sherwood, Antique Print, 20th Century"},"content":{"rendered":"<div>\n<p>William Anderson Sherwood was an American etcher and painter known for his landscapes and architecturals as well as figures. Born in Baltimore, Maryland, he established himself in Belgium and at his death was living in Bruges. In the U.S., he joined the Society of Independent Artists, the Chicago Society of Etchers (an organization that exhibited fine art etchings across America), the California Printmakers and the American Federation of Arts. He joined Belgian artist organizations, including the Soci\u00e9t\u00e9 Royale des Beaux-Arts Belge (Belgian Royal Society of Beaux-Arts), and the Soci\u00e9te Royale des Aqua-Fortists Belgique (Belgium Royal Watercolorists Society) and was honored as a Chevalier of the Order of the Crown. In Belgium, his etchings are in the collections of the Dowager Queen of Belgium, the Royal Library in Brussels, and the Plantin-Moretus Museum in Antwerp. In the U.S., they have been collected by the National Gallery of Art, National Museum of American Art and Art Institute of Chicago, among other museums and libraries.<\/p>\n<p>Condition: Generally very good, uniformly toned overall, with the usual light wear, soft creases. One hard crease, and short tear in lower margin, easily matted out. Tape residue verso from former matting. Serial number of unknown significance stamped verso.<\/p>\n<p>Reference:<\/p>\n<p>Falk, Peter Hastings, ed. <em>Who Was Who in American Art.<\/em> Madison, Connecticut: Sound View Press, 1985. p. 565.<\/p>\n<\/div>\n","protected":false},"excerpt":{"rendered":"<p>William Anderson Sherwood (1875-1951)<br \/>\n<strong>New York Stock Exchange<\/strong><br \/>\nAmerican: 1st Quarter 20th Century<br \/>\nColor printed etching and aquatint<br \/>\nSigned lower right: Sherwood<br \/>\nEmbossed lower right, in artist\u2019s insignia: Sherwood<br \/>\n14.5 x 12.25 inches, plate mark<br \/>\n19.25 x 14.25 inches, overall<br \/>\n$1,900<\/p>\n<p>Early 20th century view of the New York Stock Exchange printed in blue and brown ink. The fa\u00e7ade of the building is featured prominently, towering over the pedestrians on the street. The print is drawn with a loose sketchy style that suggests bright sunlight and emphasizes the unifying play of light and shadow. It is signed lower right, accompanied by the artist\u2019s embossed insignia stamp \u2013 a tree in a triangle with his last name in capital letters.<\/p>\n<p>Product Description Continues Below<\/p>\n","protected":false},"featured_media":5611,"template":"","meta":{"wds_primary_product_brand":0,"wds_primary_product_cat":0,"footnotes":""},"product_brand":[],"product_cat":[958,923,561,922],"product_tag":[61,2573,1054,1418,2551,1417,2556,541,657,1673,2574,2282,660,1343,1191],"class_list":{"0":"post-5610","1":"product","2":"type-product","3":"status-publish","4":"has-post-thumbnail","6":"product_cat-business-finance","7":"product_cat-historic-sites-buildings","8":"product_cat-new-york-city","9":"product_cat-cityscapes","10":"product_tag-20th-century","11":"product_tag-anderson","12":"product_tag-art","13":"product_tag-banking","14":"product_tag-business","15":"product_tag-exchange","16":"product_tag-finance","17":"product_tag-new-york","18":"product_tag-new-york-city","19":"product_tag-print","20":"product_tag-sherwood","21":"product_tag-stock","22":"product_tag-street","23":"product_tag-wall","24":"product_tag-william","25":"post","26":"post-with-thumbnail","27":"post-with-thumbnail-large","29":"first","30":"instock","31":"purchasable","32":"product-type-simple"},"_links":{"self":[{"href":"https:\/\/www.georgeglazer.com\/wpmain\/wp-json\/wp\/v2\/product\/5610","targetHints":{"allow":["GET"]}}],"collection":[{"href":"https:\/\/www.georgeglazer.com\/wpmain\/wp-json\/wp\/v2\/product"}],"about":[{"href":"https:\/\/www.georgeglazer.com\/wpmain\/wp-json\/wp\/v2\/types\/product"}],"version-history":[{"count":1,"href":"https:\/\/www.georgeglazer.com\/wpmain\/wp-json\/wp\/v2\/product\/5610\/revisions"}],"predecessor-version":[{"id":16697,"href":"https:\/\/www.georgeglazer.com\/wpmain\/wp-json\/wp\/v2\/product\/5610\/revisions\/16697"}],"wp:featuredmedia":[{"embeddable":true,"href":"https:\/\/www.georgeglazer.com\/wpmain\/wp-json\/wp\/v2\/media\/5611"}],"wp:attachment":[{"href":"https:\/\/www.georgeglazer.com\/wpmain\/wp-json\/wp\/v2\/media?parent=5610"}],"wp:term":[{"taxonomy":"product_brand","embeddable":true,"href":"https:\/\/www.georgeglazer.com\/wpmain\/wp-json\/wp\/v2\/product_brand?post=5610"},{"taxonomy":"product_cat","embeddable":true,"href":"https:\/\/www.georgeglazer.com\/wpmain\/wp-json\/wp\/v2\/product_cat?post=5610"},{"taxonomy":"product_tag","embeddable":true,"href":"https:\/\/www.georgeglazer.com\/wpmain\/wp-json\/wp\/v2\/product_tag?post=5610"}],"curies":[{"name":"wp","href":"https:\/\/api.w.org\/{rel}","templated":true}]}}