{"id":4354,"date":"2017-02-07T13:40:55","date_gmt":"2017-02-07T18:40:55","guid":{"rendered":"http:\/\/www.georgeglazer.com\/wpmain\/?post_type=product&#038;p=4354"},"modified":"2020-11-12T23:37:49","modified_gmt":"2020-11-13T04:37:49","slug":"old-masters-allegory-age-of-enlightenment-picart-amsterdam-18th-century","status":"publish","type":"product","link":"https:\/\/www.georgeglazer.com\/wpmain\/product\/old-masters-allegory-age-of-enlightenment-picart-amsterdam-18th-century\/","title":{"rendered":"Old Masters, Allegory, Age of Enlightenment, Picart, Amsterdam, 18th Century"},"content":{"rendered":"<div>\n<p>The engraving is after a work by Picart dated 1716. It was engraved by one of Picart\u2019s pupils, Jacob Folkema, as the frontispiece for Volume 1 of an encyclopedic work published in Amsterdam in various editions between at least 1723 and 1752, <strong>La Science des Personnes de Cour, d\u2019Ep\u00e9e et de Robe [The Science of People of Court, of the Sword and of the Cloth]<\/strong>. Volume 1 contains an introduction to the work as a whole and sections on religions of the world and astronomy.<\/p>\n<p>Bernard Picart was a painter, draftsman and engraver. He was part of a French family of artists that includes his father, the engraver and print publisher Etienne Picart, who taught him engraving. Bernard Picart also studied at the Acad\u00e9mie Royale and with Beno\u00eet Audran and S\u00e9bastien Leclerc. By 1710 Picart was living in the Netherlands, where he remained until his death. He is best known today for his comprehensive and innovative work on world religions, <strong>C\u00e9r\u00e9monies et Coutumes Religieuses de Tous les Peuples du Monde<\/strong> (1723-1743), comprised of 10 volumes of text and engravings.<\/p>\n<p>Jacob Folkema, was a Dutch printmaker and draftsman. He was taught by his father Johannes Folkema, a goldsmith, and by the engraver Bernard Picart. His output consists mostly of drawings and etchings: portraits, topographical views, frontispieces, book illustrations and vignettes. Folkema produced a set of illustrations to Cervantes after his own drawings, but usually engraved works by other artists, including Old Master works published as part of <strong>Dresden Gallery<\/strong>.<\/p>\n<p>Condition: Generally very good with the usual overall light toning and wear.<\/p>\n<p>References:<\/p>\n<p>&#8220;Bernard Picart.&#8221; <em>The Grove Dictionary of Art. <\/em>New York: Macmillan. 2000. Online at <em>Artnet.com.<\/em> http:\/\/www.artnet.com\/library\/06\/0673\/T067313.asp (12 January 2010).<\/p>\n<p>&#8220;Jacob Folkema.&#8221; <em>The Grove Dictionary of Art.<\/em> New York: Macmillan. 2000. Online at <em>Artnet.com.<\/em> http:\/\/www.artnet.com\/library\/02\/0287\/T028747.asp (12 January 2010).<\/p>\n<\/div>\n","protected":false},"excerpt":{"rendered":"<p>Bernard Picart (1673-1733) (artist)<br \/>\nJacob Folkema (1692-1767) (engraver)<br \/>\n<strong>Trahat Sua Quemque Voluptas<br \/>\n[Each Man is Led by His Own Taste]<\/strong><br \/>\nAmsterdam: 1716-52<br \/>\nCopper-plate engraving<br \/>\n6.25 x 3.75 inches<br \/>\n$300<\/p>\n<p>Baroque engraving of allegorical figures representing various forms of human inquiry grouped around a seated elder and a young man whom he presumably is instructing. It is emblematic of the Age of Enlightenment of reason and learning. The title, which translates as &#8220;Each man is led by his own taste,&#8221; is a line from <strong>The Eclogues<\/strong>, a poem by Virgil. In the distance are Roman ruins, alluding to the importance of the study of Antiquity to a well-educated individual. Surrounding the elder and the youth are figures holding an armillary (representing astronomy), a globe (geography), an open Bible (religion), and a stack of books with one labeled &#8220;Homer&#8221; (classic literature). The symbolism of the other figures is less obvious to contemporary eyes though relate to education \u2013 a woman holding a book and quill pen, one wearing a crown and holding a scroll depicting rows of shields and another with a linear diagram, a winged female figure holding a book with a bearded man with a scepter reclining in her lap, and two figures with exotic headdresses standing behind the man and youth.<\/p>\n<p>Product description continues below.<\/p>\n","protected":false},"featured_media":4355,"template":"","meta":{"wds_primary_product_brand":0,"wds_primary_product_cat":0,"footnotes":""},"product_brand":[],"product_cat":[955,952],"product_tag":[195,1054,6341,3622,1485,2104,1512,6343,2017,2106,2105,2107,6342,1673,2102,2101,2108,2100,2103],"class_list":{"0":"post-4354","1":"product","2":"type-product","3":"status-publish","4":"has-post-thumbnail","6":"product_cat-myth-allegory","7":"product_cat-old-masters","8":"product_tag-18th-century","9":"product_tag-art","10":"product_tag-bernard","11":"product_tag-copperplate","12":"product_tag-dutch","13":"product_tag-each","14":"product_tag-engraving","15":"product_tag-folkema","16":"product_tag-jacob","17":"product_tag-led","18":"product_tag-man","19":"product_tag-own","20":"product_tag-picart","21":"product_tag-print","22":"product_tag-quemque","23":"product_tag-sua","24":"product_tag-taste","25":"product_tag-trahat","26":"product_tag-voluptas","27":"post","28":"post-with-thumbnail","29":"post-with-thumbnail-large","31":"first","32":"instock","33":"purchasable","34":"product-type-simple"},"_links":{"self":[{"href":"https:\/\/www.georgeglazer.com\/wpmain\/wp-json\/wp\/v2\/product\/4354","targetHints":{"allow":["GET"]}}],"collection":[{"href":"https:\/\/www.georgeglazer.com\/wpmain\/wp-json\/wp\/v2\/product"}],"about":[{"href":"https:\/\/www.georgeglazer.com\/wpmain\/wp-json\/wp\/v2\/types\/product"}],"version-history":[{"count":1,"href":"https:\/\/www.georgeglazer.com\/wpmain\/wp-json\/wp\/v2\/product\/4354\/revisions"}],"predecessor-version":[{"id":25277,"href":"https:\/\/www.georgeglazer.com\/wpmain\/wp-json\/wp\/v2\/product\/4354\/revisions\/25277"}],"wp:featuredmedia":[{"embeddable":true,"href":"https:\/\/www.georgeglazer.com\/wpmain\/wp-json\/wp\/v2\/media\/4355"}],"wp:attachment":[{"href":"https:\/\/www.georgeglazer.com\/wpmain\/wp-json\/wp\/v2\/media?parent=4354"}],"wp:term":[{"taxonomy":"product_brand","embeddable":true,"href":"https:\/\/www.georgeglazer.com\/wpmain\/wp-json\/wp\/v2\/product_brand?post=4354"},{"taxonomy":"product_cat","embeddable":true,"href":"https:\/\/www.georgeglazer.com\/wpmain\/wp-json\/wp\/v2\/product_cat?post=4354"},{"taxonomy":"product_tag","embeddable":true,"href":"https:\/\/www.georgeglazer.com\/wpmain\/wp-json\/wp\/v2\/product_tag?post=4354"}],"curies":[{"name":"wp","href":"https:\/\/api.w.org\/{rel}","templated":true}]}}