{"id":4165,"date":"2017-02-07T13:35:36","date_gmt":"2017-02-07T18:35:36","guid":{"rendered":"http:\/\/www.georgeglazer.com\/wpmain\/?post_type=product&#038;p=4165"},"modified":"2021-11-23T16:14:09","modified_gmt":"2021-11-23T21:14:09","slug":"old-masters-david-goliath-antique-print-pair-paris-1715","status":"publish","type":"product","link":"https:\/\/www.georgeglazer.com\/wpmain\/product\/old-masters-david-goliath-antique-print-pair-paris-1715\/","title":{"rendered":"Old Masters, David and Goliath, Antique Print Pair, Paris, c. 1715"},"content":{"rendered":"<p>The original painting was presented to the French king Louis XIV in 1715 by Nicolas Giudice, clerk of the apostolic court, and later a cardinal, and is now displayed at the Louvre in a gold frame on an elaborate pedestal that allows viewers to walk around it and see both sides. Daniele\u2019s style is aligned with that of Michelangelo\u2019s in that his treatment of the subject is strongly volumetric with attention to the musculature of the figures, posed with heroic gestures as they fight for their lives. These compositions show David preparing to strike the final blow in front of a tent, similar to Michelangelo\u2019s painting of this subject in a fresco in the Sistine Chapel.<\/p>\n<p>Daniele Ricciarelli da Volterra was an Italian painter and sculptor in the late Renaissance Mannerist style. He was born in Volterra and studied in Siena with Giovanni Antonio Bazzi and Baldassare Peruzzi, and accompanied the latter to Rome in 1535. There he worked as an assistant to Pierino del Vaga. His major break came when he befriended Michelangelo, who assisted him with designs for his work and helped him obtain commissions and patronage, including a position as superintendent of the works of the Vatican under Pope Paul III in which capacity he served from 1547 until the pope\u2019s death in 1549. There he finished the ornaments of the Sala Regia. Among his finest productions were the series of frescoes for the Capella Orsini in the church of the Trinit\u00e0 dei Monti, especially the <strong>Descent from the Cross<\/strong> (c. 1545). He is also known for his two-sided painting <strong>The Battle of David and Goliath (<\/strong>also known as <strong>Victory of David Over Goliath<\/strong>) (c. 1555) now in the Louvre, and <strong>Massacre of the Innocents<\/strong> (c. 1557) at the Uffizi Gallery. Among his important bronzes is a sensitive portrait bust of Michelangelo. In 1565, the Vatican commissioned Daniele to add clothing and fig leaves to the nude figures on Michelangelo\u2019s fresco of <strong>The Last Judgment<\/strong> in the Sistine Chapel, earning him the satirical nickname Il Braghettone (the Breeches-maker).<\/p>\n<p>Beno\u00eet Audran I was a member of a large family of French artists that included his grandfather, father, uncles, brothers, and his son, who was also named Beno\u00eet Audran. He was trained by his uncle Girard Audran, and completed over 200 prints, including engravings of paintings by masters such as Le Brun and Lef\u00e8bvre. He also contributed engraved vignettes to books, notably a series of illustrations of <strong>Daphnis and Chlo\u00e9<\/strong> (1718) after compositions by the Regent, Philippe II, Duke of Orleans. Audran was admitted to the Royal Academy in 1709.<\/p>\n<p>Dedication: \u201cA Monseigneur le Prince de Chelamar, Commandeur de Caravaca dans l\u2019Order de St. Jacques, Gentilhomme de la Chambre de S.M. Catholique, Ministre de son Conseil priv\u00e9, Grand Ecuier de la Reine, et Ambassadeur en France. e&amp;c.\u201d<\/p>\n<p>[To My Lord the Prince of Chelamar, Commander of Caravaca within the Order of St. Jacques, Gentleman of the Chamber of S.M. Catholic, Minister of his private Cabinet, Great Squire of the Queen, and Ambassador in France.]<\/p>\n<p>Full publication information: \u201cBeno\u00eet Audran graveur ordin\u2019re du Roy, dedie cette copie d\u2019une des deux peint\u00fbres de Michel Ange Buondrotta qu\u2019occuppent les surfaces d\u2019une grande pierre, representant le m\u00eame sujet du combat de David et de Goliath en deux differentes attitudes, laquelle a et\u00e9 present\u00e9 par son Ex\u2019ce a Louis le Grand, \u00e0 Marly le 25 Juillet de l\u2019anne\u00e9 1715 au Nom de Monseig\u2019r Judice son frere, Grand Ma\u00eetre du Palais Apostolique. A Paris ch\u00e9s Le Pere et Vaul\u00e9e rue St. Jacques \u00e0 la ville de Rouan.\u201d<\/p>\n<p>[Beno\u00eet Audran, engraver ordinaire to the king, dedicates this copy of one of the two paintings of Michaelangelo Buonarotti which occupies the surfaces of a large stone, representing the same subject of the combat of David and of Goliath in two different poses, which was presented by His Excellency to Louis the Great, at Marly, the 25 of July of the year 1715 in the name of Lord Judice his brother, Grand Master of the Apostolic Palace. Published in Paris on the premises of Le Pere et Vaul\u00e9e, St. Jacques Street in the town of Rouan.]<\/p>\n<p>Condition: Generally very good with the usual overall light toning, handling, wear, soft creases. Some minor paper and glue residue backside, at the four corners, or traces thereof, apparently where formerly mounted to another sheet.<\/p>\n<p>References:<\/p>\n<p>\u201cAudran.\u201d <em>The Grove Dictionary of Art.<\/em> New York: Macmillan. 2000. <em>Artnet.com<\/em>. http:\/\/www.artnet.com\/library\/00\/0049\/T004934.asp (29 September 2009).<\/p>\n<p>\u201cBeno\u00eet Audran I.\u201d <em>The Grove Dictionary of Art.<\/em> New York: Macmillan. 2000. <em>Artnet.com<\/em>. http:\/\/www.artnet.com\/library\/00\/0049\/T004938.asp (29 September 2009).<\/p>\n<p>Duchesne, Jean. <em>Mus\u00e9e de peinture et de sculpture ou recueil des principaux tableaux statues et bas-reliefs des collections publiques et particuli\u00e8res de l&#8217;Europe, Vol. 2.\u00a0<\/em> France: Audot, 1830. 94.<\/p>\n<p>Williamson, George C., ed. <em>Bryan&#8217;s Dictionary of Painters and Engravers.<\/em> London: G. Bell and Sons: 1930. Vol. 4, p. 227.<\/p>\n","protected":false},"excerpt":{"rendered":"<p>Daniele Ricciarelli da Volterra (c. 1509-1566) (after)<br \/>\nBeno\u00eet Audran I (1661-1721) (engraver)<br \/>\n<strong>Le Combat de David et Goliath<br \/>\n[The Battle of David and Goliath]<\/strong><br \/>\nLe Pere et Vaul\u00e9e, Paris: c. 1715<br \/>\nBlack and white engravings<br \/>\n14 x 16.75 inches, platemark<br \/>\n15 x 17.5 inches, overall<br \/>\n$950 the pair<\/p>\n<p>Pair of engravings of the biblical story of David and Goliath illustrating the moment when David, having felled the giant with his slingshot, is about to behead Goliath with his own huge sword. The engravings are based on a large two-sided painting on slate that was long attributed to Michelangelo (that attribution included in the dedication on this print). According to current scholarship, the painting is by a friend and associate of Michelangelo, Daniele Ricciarelli da Volterra, painted in about 1555 and quite possibly based on drawings by the master.<\/p>\n<p>Product description continues below.<\/p>\n","protected":false},"featured_media":4166,"template":"","meta":{"wds_primary_product_brand":0,"wds_primary_product_cat":0,"footnotes":""},"product_brand":[],"product_cat":[955,952,5914],"product_tag":[195,1054,6255,1900,6254,1408,6256,6251,1685,1512,583,2000,1472,1673,6252,6253],"class_list":{"0":"post-4165","1":"product","2":"type-product","3":"status-publish","4":"has-post-thumbnail","6":"product_cat-myth-allegory","7":"product_cat-old-masters","8":"product_cat-religions","9":"product_tag-18th-century","10":"product_tag-art","11":"product_tag-audran","12":"product_tag-battle","13":"product_tag-benoit","14":"product_tag-biblical","15":"product_tag-combat","16":"product_tag-daniele","17":"product_tag-david","18":"product_tag-engraving","19":"product_tag-france","20":"product_tag-goliath","21":"product_tag-paris","22":"product_tag-print","23":"product_tag-ricciarelli","24":"product_tag-volterra","25":"post","26":"post-with-thumbnail","27":"post-with-thumbnail-large","29":"first","30":"instock","31":"purchasable","32":"product-type-simple"},"_links":{"self":[{"href":"https:\/\/www.georgeglazer.com\/wpmain\/wp-json\/wp\/v2\/product\/4165","targetHints":{"allow":["GET"]}}],"collection":[{"href":"https:\/\/www.georgeglazer.com\/wpmain\/wp-json\/wp\/v2\/product"}],"about":[{"href":"https:\/\/www.georgeglazer.com\/wpmain\/wp-json\/wp\/v2\/types\/product"}],"version-history":[{"count":1,"href":"https:\/\/www.georgeglazer.com\/wpmain\/wp-json\/wp\/v2\/product\/4165\/revisions"}],"predecessor-version":[{"id":27240,"href":"https:\/\/www.georgeglazer.com\/wpmain\/wp-json\/wp\/v2\/product\/4165\/revisions\/27240"}],"wp:featuredmedia":[{"embeddable":true,"href":"https:\/\/www.georgeglazer.com\/wpmain\/wp-json\/wp\/v2\/media\/4166"}],"wp:attachment":[{"href":"https:\/\/www.georgeglazer.com\/wpmain\/wp-json\/wp\/v2\/media?parent=4165"}],"wp:term":[{"taxonomy":"product_brand","embeddable":true,"href":"https:\/\/www.georgeglazer.com\/wpmain\/wp-json\/wp\/v2\/product_brand?post=4165"},{"taxonomy":"product_cat","embeddable":true,"href":"https:\/\/www.georgeglazer.com\/wpmain\/wp-json\/wp\/v2\/product_cat?post=4165"},{"taxonomy":"product_tag","embeddable":true,"href":"https:\/\/www.georgeglazer.com\/wpmain\/wp-json\/wp\/v2\/product_tag?post=4165"}],"curies":[{"name":"wp","href":"https:\/\/api.w.org\/{rel}","templated":true}]}}