{"id":3996,"date":"2017-02-07T12:58:37","date_gmt":"2017-02-07T17:58:37","guid":{"rendered":"http:\/\/www.georgeglazer.com\/wpmain\/?post_type=product&#038;p=3996"},"modified":"2025-06-20T02:47:42","modified_gmt":"2025-06-20T06:47:42","slug":"architecture-rome-herculaneum-amphitheatre-petitot-antique-print-paris-c-1750s","status":"publish","type":"product","link":"https:\/\/www.georgeglazer.com\/wpmain\/product\/architecture-rome-herculaneum-amphitheatre-petitot-antique-print-paris-c-1750s\/","title":{"rendered":"Architecture, Rome, Herculaneum, Amphitheatre, Petitot, Antique Print, Paris, c. 1750s"},"content":{"rendered":"<div>\n<p>Petitot&#8217;s design for the building was described by scholar Nina L. Dubin:<\/p>\n<div>\n<blockquote>\n<div><em>&#8220;In 1738, French students began taking part in this festival by designing the macchine that were the basis for (and were literally consumed in) the celebrations\u2019 fireworks displays, as well as participating in the production of engravings that transcribed (with varying degrees of accuracy) the festivities. Following the discoveries of Herculaneum and Pompeii, architectural antiquity became a moving force in the festival\u2019s \u201cephemeral splendors\u201d: the <strong>macchina<\/strong> designed in 1747 by Le Lorrain featured, according to the engraving that he produced after the event, a circular Corinthian temple&#8230;Two years later, Petitot took as the unprecedented subject of his <strong>macchina<\/strong> for the Chinea a recent archaeological event: the discovery of the remains of the amphitheater at Herculaneum, which he \u201cvery, very conjecturally restored.&#8221;<\/em><\/div>\n<\/blockquote>\n<\/div>\n<p>According to the subtitle of the print the building was \u201cexecuted in relief at Rome in 1749 on the occasion of the ceremony of homage that the Kingdom of Naples performed at St. Siege.\u201d This apparently refers to the <em>macchina <\/em>constructed for the Chinea. The credit line beneath the print identifies Petitot as the architect to the Duke of Parma, a position he held from 1753 to 1765. The print is dedicated by the engraver Pierre Patte (who was also an architect) to Jean-Baptiste Monthul\u00e9 (also spelled Montull\u00e9), a bibliophile and art collector who served as secretary to Queen Marie Leszczynska, wife of King Louis XV of France beginning in 1754. The credits list the publisher as &#8220;the widow of F. Chereau,&#8221; who died in 1755. As such, the print can be dated to 1754-55 (though the <em>macchina <\/em>design was from 1749). Another example of this print is in the collection of the Biblioteca Nacional de Portugal.<\/p>\n<p>Herculaneum is an ancient Roman town on the Bay of Naples. Like nearby Pompeii, it was buried in the ashes of a Mt. Vesuvius in 79 AD and discovered in the 18th century. During the period from 1749 to 1765, the site of Herculaneum was explored under the auspices of the Kings of Naples and the Two Sicilies (Charles VII and his son and successor, Ferdinand IV), and a basic plan of the town was mapped out before the tunnels collapsed and were closed. Archaeological excavations resumed in the 20th century, uncovering a section of the town and unearthing more relics.<\/p>\n<p>Ennemond Alexandre Petitot was a French architect, city planner and engineer, mainly active in Italy. He studied at the Royal Academy of Architecture in Paris, where he won the Grand Prix in 1745. He traveled to Rome the following year, spending four years studying antiquities and modern monuments. From 1750 to 1753, he worked in Paris for aristocratic patrons. Offered a position as Court Architect to Philip, Duke of Parma, he left for Italy in 1753 and spent the rest of his life in Parma. Among his many projects, he remodeled the ducal summer residence in Colorno, continued building the Venerie Royale, decorated the ducal apartments, constructed the New Garden, and worked on reconstruction plans for the Palazzo Ducale, Palazzo del Giardino, the Ministry building and the Palatine Library.<\/p>\n<p>Pierre Patte was a French architect, engraver and author. He engraved genre subjects and established the plans for the churches at Bolbec and the chateau of Deux-Points, but his major achievements were his analytic architectural studies and civic designs for Paris. These included <strong>Monuments Erected in France to the Glory of Louis XV<\/strong> (1765), <strong>Discourses on Architecture<\/strong> (1754), <strong>Studies of Architecture<\/strong> (1755) and works on street planning and theater architecture. According to the <strong>Oxford Dictionary of Architecture and Landscape Architecture<\/strong>, Patte&#8217;s works &#8220;had a powerful effect on late 18th century French rationalist architecture of the Neo-Classical period.&#8221;<\/p>\n<p>The Chereau family of print publishers was active in Paris through most of the 18th century. The patriarch and founder, Fran\u00e7ois Chereau I, was working as an engraver in Paris as early as 1712. After his death in 1729, his widow Marguerite and son Fran\u00e7ois Chereau II continued the firm under the imprint &#8220;the widow of Fran\u00e7ois Chereau&#8221; until they both died in 1755. The firm was carried on by Fran\u00e7ois I and Marguerite&#8217;s grandson, Jacques-Fran\u00e7ois Chereau, until he retired in 1787 and sold it to Fran\u00e7ois Etienne Joubert. Joubert continued publishing at the same address under his own name, sometimes with &#8220;chez Chereau,&#8221; into the 19th century.<\/p>\n<p>Inscription: D\u00e9coration faisant allusion \u00e0 la nouvelle d\u00e9couverte de cette Ville qui fut engloutie par les cendres du Mont V\u00e9suve sous l&#8217;Empire de Titus, la quelle \u00e0 \u00e9t\u00e9 execut\u00e9e en relief \u00e0 Rome en 1749 \u00e0 l&#8217;occasion de la c\u00e9r\u00e9rmonie de l&#8217;hommage que le Royaume de Naples rend au St. Siege. D\u00e9di\u00e9 \u00e0 M. De Montull\u00e9 Baron de St. Port, Conseiller d&#8217;Etat, et S\u00e9cretaire des Commandemens de la Reine, par son tr\u00e8s humble et tr\u00e8s obeisant serviteur Patte.<\/p>\n<p>Translation: Design alluding to the new discovery of this city, which was engulfed by the ashes of Mt. Vesuvius during the Empire of Titus, this has been executed in relief at Rome in 1749 on the occasion of the ceremony of homage that the Kingdom of Naples performed at St. Siege. Dedicated to Monsieur De Montull\u00e9, Baron of St. Port, Councillor of State, and Secretary of the Commandments to the Queen, by his very humble and very obedient servant, Patte.<\/p>\n<p>Full publication information: Compos\u00e9 par Petitot, 1er Arch&#8217;te de S.A.S. le Duc de Parme. Grav\u00e9 par Patte. A Paris ch\u00e9s la Ve. de F. Chereau, rue St. Jacques aux 2, Piliers d&#8217;Or.<\/p>\n<p>Condition: Generally very good with the usual overall light toning and wear. Few soft creases not obtrusive. Margins cut &#8212; ample on sides and top; but cut close to credits on bottom.<\/p>\n<p>Provenance: James Lamantia, Jr. (1923 &#8211; 2011). At the time of his death, Lamantia was Emeritus Professor of Architecture at Tulane University in New Orleans. He was also a practicing architect, and an artist.<\/p>\n<p>References:<\/p>\n<p>B\u00e9n\u00e9zit, E. <em>Dictionnaire critique et documentaire des Peintres, Sculpteurs, Dessinateurs et Graveurs.<\/em> France: Librairie Gr\u00fcnd, 1966. Vol. 6, p. 550 (Patte).<\/p>\n<p>Dickson, Iain. &#8220;Herculaneum.&#8221; <em>Illustrated History of the Roman Empire. <\/em>http:\/\/www.roman-empire.net\/articles\/article-011.html (29 August 2012).<\/p>\n<p>Dubin, Nina L. <em>Futures &amp; Ruins: Eighteenth-Century Paris and the Art of Hubert Robert.<\/em> Los Angeles: Getty Publications, 2010. p. 29. Online at <em>Google Books:<\/em> http:\/\/books.google.com\/books?id=5BPnFEIIUVoC&amp;pg=PA29 (28 February 2013).<\/p>\n<p>&#8220;Fran\u00e7ois Chereau.&#8221; <em>Wikipedia.<\/em> 9 August 2012. http:\/\/en.wikipedia.org\/wiki\/Fran\u00e7ois_Chereau (29 August 2012).<\/p>\n<p>&#8220;Jean-Baptiste de Monthul\u00e9.&#8221; <em>Wikipedia.fr.<\/em> 27 September 2009. http:\/\/fr.wikipedia.org\/wiki\/Jean-Baptiste_de_Monthul\u00e9 (28 August 2012).<\/p>\n<p>&#8220;Life of Ennemond-Alexandre Petitot.&#8221; <em>Lib-Art.com.<\/em> http:\/\/www.lib-art.com\/artgallery\/237-ennemond-alexandre-petitot.html (29 August 2012).<\/p>\n<p>&#8220;Pierre Patte.&#8221; <em>A Dictionary of Architecture and Landscape Architecture.<\/em> Oxford University Press, 1999, 2006. Online at <em>Answers.com:<\/em> http:\/\/www.answers.com\/topic\/pierre-patte-1 (29 August 2012).<\/p>\n<\/div>\n","protected":false},"excerpt":{"rendered":"<p>Ennemond Alexandre Petitot (1727-1801) (after)<br \/>\nPierre Patte (1723-1814) (engraver)<br \/>\n<strong>Amphith\u00e9atre de la Ville d&#8217;Herculanum<br \/>\n[Amphitheatre of the City of Herculaneum]<\/strong><br \/>\nVeuve F. Chereau, Paris: c. 1754-55<br \/>\nEngraving, uncolored<br \/>\n15.5 x 18.5 inches, overall<br \/>\nProvenance: James Lamantia, Jr.<br \/>\n$1,500<\/p>\n<p>An engraving of the so-called <strong>Amphitheatre of the City of Herculaneum<\/strong>, designed by the French architect Ennemond Alexandre Petitot. Herculaneum was an ancient Roman town that, like Pompeii, was buried by the eruption of Mount Vesuvius in 79 AD. Nonetheless, there was no visible amphitheatre at Herculaneum and at the time of this design, the only access was through underground tunnels. Instead this print was a design by Petitot for a fireworks display for the \u201cChinea,\u201d an architectural festival.<\/p>\n<div>\n<div style=\"margin-left: 25px;\">Product Description Continues Below<\/div>\n<\/div>\n","protected":false},"featured_media":3997,"template":"","meta":{"wds_primary_product_brand":0,"wds_primary_product_cat":0,"footnotes":""},"product_brand":[],"product_cat":[975,6769,923],"product_tag":[195,1893,1894,7048,531,896,5603,1512,1896,1895,584,817,1897,1673,591],"class_list":{"0":"post-3996","1":"product","2":"type-product","3":"status-publish","4":"has-post-thumbnail","6":"product_cat-architectural-studies","7":"product_cat-europe-and-russia-maps","8":"product_cat-historic-sites-buildings","9":"product_tag-18th-century","10":"product_tag-amphitheater","11":"product_tag-amphitheatre","12":"product_tag-antique-print","13":"product_tag-architectural","14":"product_tag-architecture","15":"product_tag-chereau","16":"product_tag-engraving","17":"product_tag-ennemond","18":"product_tag-herculaneum","19":"product_tag-italy","20":"product_tag-naples","21":"product_tag-petitot","22":"product_tag-print","23":"product_tag-rome","24":"post","25":"post-with-thumbnail","26":"post-with-thumbnail-large","28":"first","29":"instock","30":"purchasable","31":"product-type-simple"},"_links":{"self":[{"href":"https:\/\/www.georgeglazer.com\/wpmain\/wp-json\/wp\/v2\/product\/3996","targetHints":{"allow":["GET"]}}],"collection":[{"href":"https:\/\/www.georgeglazer.com\/wpmain\/wp-json\/wp\/v2\/product"}],"about":[{"href":"https:\/\/www.georgeglazer.com\/wpmain\/wp-json\/wp\/v2\/types\/product"}],"version-history":[{"count":6,"href":"https:\/\/www.georgeglazer.com\/wpmain\/wp-json\/wp\/v2\/product\/3996\/revisions"}],"predecessor-version":[{"id":44365,"href":"https:\/\/www.georgeglazer.com\/wpmain\/wp-json\/wp\/v2\/product\/3996\/revisions\/44365"}],"wp:featuredmedia":[{"embeddable":true,"href":"https:\/\/www.georgeglazer.com\/wpmain\/wp-json\/wp\/v2\/media\/3997"}],"wp:attachment":[{"href":"https:\/\/www.georgeglazer.com\/wpmain\/wp-json\/wp\/v2\/media?parent=3996"}],"wp:term":[{"taxonomy":"product_brand","embeddable":true,"href":"https:\/\/www.georgeglazer.com\/wpmain\/wp-json\/wp\/v2\/product_brand?post=3996"},{"taxonomy":"product_cat","embeddable":true,"href":"https:\/\/www.georgeglazer.com\/wpmain\/wp-json\/wp\/v2\/product_cat?post=3996"},{"taxonomy":"product_tag","embeddable":true,"href":"https:\/\/www.georgeglazer.com\/wpmain\/wp-json\/wp\/v2\/product_tag?post=3996"}],"curies":[{"name":"wp","href":"https:\/\/api.w.org\/{rel}","templated":true}]}}