{"id":3973,"date":"2022-03-10T12:57:54","date_gmt":"2022-03-10T17:57:54","guid":{"rendered":"http:\/\/www.georgeglazer.com\/wpmain\/?post_type=product&#038;p=3973"},"modified":"2025-03-05T23:50:31","modified_gmt":"2025-03-06T04:50:31","slug":"art-architecture-ancient-greece-and-rome-despouy-antique-prints-paris-c-1900","status":"publish","type":"product","link":"https:\/\/www.georgeglazer.com\/wpmain\/product\/art-architecture-ancient-greece-and-rome-despouy-antique-prints-paris-c-1900\/","title":{"rendered":"Art, Architecture, Ancient Greece and Rome, D\u2019Espouy, Antique Prints, Paris, c. 1900"},"content":{"rendered":"<p>Hector-Jean-Baptiste d\u2019Espouy (sometimes written Espouy) was a French painter and architect, as well as a professor of ornamental design at the School of Beaux Arts in Paris starting in 1895. He exhibited landscapes and views of monuments at the Salon of 1880. In 1884, he won the Grand Prix de Rome, a scholarship for four years of study at Villa Medici, which he followed by several years of travel in Greece and Italy. He edited the highly influential publication <strong><em>Fragments D\u2019Architecture Antique [Fragments of Ancient Architecture]<\/em><\/strong> (Paris: 1905), as well as other illustrated architectural books including a set on Medieval and Renaissance architecture.<\/p>\n<p>Prints shown above, available as of March 2022:<\/p>\n<p><strong>Temple D&#8217;\u00c9rechth\u00e9e \u00e0 Ath\u00e8nes [Temple of Erechtheus at Athens]<\/strong>, Plate 13<\/p>\n<p><strong>Temple D&#8217;\u00c9rechth\u00e9e \u00e0 Ath\u00e8nes [Temple of Erechtheus at Athens]<\/strong>, Plate 15<\/p>\n<p><strong>Monument de Lisicrate \u00e0 Ath\u00e8nes [Monument of Lisicrate at Athens]<\/strong>, Plate 22<\/p>\n<p><strong>Fragments Divers \u00e0 Pompeii [Various Fragments at Pompeii]<\/strong>, Plate 27<\/p>\n<p><strong>Temple de Vesta \u00e0 Rome [Temple of Vesta at Rome]<\/strong>, Plate 42<\/p>\n<p><strong>Temple de Vesta \u00e0 Rome [Temple of Vesta at Rome]<\/strong>, Plate 43<\/p>\n<p><strong>Temple de Mars Vengeur \u00e0 Rome [Temple of Mars Avenger at Rome]<\/strong>, Plate 56<\/p>\n<p><strong>Temple de Mars Vengeur \u00e0 Rome [Temple of Mars Avenger at Rome]<\/strong>, Plate 61<\/p>\n<p><strong>Portique d&#8217;Octavie \u00e0 Rome [Portico of Octavius at Rome]<\/strong>, Plate 66<\/p>\n<p><strong>Mus\u00e9e de Latran [Latran Museum]<\/strong>, Plate 78<\/p>\n<p><strong>Chapiteau Antique [Ancient Capital]<\/strong>, Plate 95<\/p>\n<p><strong>Temple de Jupiter-Stator \u00e0 Rome [Temple of Jupiter-Stator at Rome]<\/strong>, Plate 90<\/p>\n<p>Condition: Each generally very good with light toning, wear, handling. Paper tone varies on some prints from others.<\/p>\n<p>References:<\/p>\n<p>B\u00e9n\u00e9zit, E. <em>Dictionnaire critique et documentaire des Peintres, Sculpteurs, Dessinateurs et Graveurs.<\/em> France: Librairie Gr\u00fcnd, 1966. Vol. 3, p. 611.<\/p>\n<p>\u201cGreek and Roman Architecture in Classical Illustrations by Hector d\u2019Espouy.\u201d <em>David Brown Book Co.<\/em> http:\/\/www.oxbowbooks.com\/bookinfo.cfm\/ID\/24172\/\/Location\/<br \/>\nDBBC\/CFID\/7004172\/CFTOKEN\/58572561 (26 August 2004).<\/p>\n","protected":false},"excerpt":{"rendered":"<p>Hector-Jean-Baptiste d\u2019Espouy (1854-1929) (editor)<br \/>\n<strong>Prints of Architectural Elements<br \/>\n<\/strong>from <strong><em>Fragments D\u2019Architecture Antique [Fragments of Ancient Architecture]<\/em><br \/>\n<\/strong>Charles Massin, Paris: 1905<br \/>\nSepia-printed heliogravures<br \/>\n18 x 12 inches each overall<br \/>\n$300 to $475 each<\/p>\n<p><em>As of March 2022, all of the prints shown here are in stock. Many others are available; <a href=\"mailto:worldglobe@georgeglazer.com\">please inquire<\/a> for additional information.<\/em><\/p>\n<p>Important architectural elements and designs from ancient Greek, Etruscan, and Roman architecutre. They are part of a large series of prints based on renderings by advanced students at the School of Beaux Arts, overseen by Hector\u00a0 d\u2019Espouy, who was their professor. Beaux Arts training included the study of antiquity through meticulous drawings from artifacts and plaster casts. D\u2019Espouy\u2019s collection brought together drawings of the Acropolis, Parthenon, Pompeii, Roman temples, the Pantheon, the Coliseum and other sites, for which he provided captions. These meticulous studies are still of interest to contemporary historians and as source material for architects and designers. A large set of D&#8217;Espouy architectural prints, purchased from George Glazer Gallery by renowned interior designer Alexa Hampton and displayed in her New York apartment, were shown in\u00a0<strong>Architectural Digest<\/strong>. (See photo this page, and the entire article in our <a href=\"https:\/\/www.georgeglazer.com\/wpmain\/product\/2015-decorating-feature-architectural-digest-alexa-hamptons-manhattan-apartment\/\">Press section<\/a>.)<\/p>\n<p>Product description continues below.<\/p>\n","protected":false},"featured_media":34087,"template":"","meta":{"wds_primary_product_brand":0,"wds_primary_product_cat":0,"footnotes":""},"product_brand":[],"product_cat":[897,6761,975,6056,6944,923,1174],"product_tag":[61,1048,521,898,531,896,4137,3548,1367,1881,3620,1882,6388,41,815,1974,6387,1883,1869,3634,1673,1085,591,3289],"class_list":{"0":"post-3973","1":"product","2":"type-product","3":"status-publish","4":"has-post-thumbnail","6":"product_cat-antiquity","7":"product_cat-architectural-renderings","8":"product_cat-architectural-studies","9":"product_cat-interiors-architectural","10":"product_cat-dining-room","11":"product_cat-historic-sites-buildings","12":"product_cat-library-furnishings","13":"product_tag-20th-century","14":"product_tag-ancient","15":"product_tag-antique","16":"product_tag-antiquity","17":"product_tag-architectural","18":"product_tag-architecture","19":"product_tag-baptiste","20":"product_tag-beaux-arts","21":"product_tag-column","22":"product_tag-despouy","23":"product_tag-elements","24":"product_tag-espouy","25":"product_tag-fragments","26":"product_tag-french","27":"product_tag-greece","28":"product_tag-greek","29":"product_tag-hector","30":"product_tag-heliogravure","31":"product_tag-jean","32":"product_tag-ornaments","33":"product_tag-print","34":"product_tag-roman","35":"product_tag-rome","36":"product_tag-sepia","37":"post","38":"post-with-thumbnail","39":"post-with-thumbnail-large","41":"first","42":"instock","43":"product-type-simple"},"_links":{"self":[{"href":"https:\/\/www.georgeglazer.com\/wpmain\/wp-json\/wp\/v2\/product\/3973","targetHints":{"allow":["GET"]}}],"collection":[{"href":"https:\/\/www.georgeglazer.com\/wpmain\/wp-json\/wp\/v2\/product"}],"about":[{"href":"https:\/\/www.georgeglazer.com\/wpmain\/wp-json\/wp\/v2\/types\/product"}],"version-history":[{"count":12,"href":"https:\/\/www.georgeglazer.com\/wpmain\/wp-json\/wp\/v2\/product\/3973\/revisions"}],"predecessor-version":[{"id":42928,"href":"https:\/\/www.georgeglazer.com\/wpmain\/wp-json\/wp\/v2\/product\/3973\/revisions\/42928"}],"wp:featuredmedia":[{"embeddable":true,"href":"https:\/\/www.georgeglazer.com\/wpmain\/wp-json\/wp\/v2\/media\/34087"}],"wp:attachment":[{"href":"https:\/\/www.georgeglazer.com\/wpmain\/wp-json\/wp\/v2\/media?parent=3973"}],"wp:term":[{"taxonomy":"product_brand","embeddable":true,"href":"https:\/\/www.georgeglazer.com\/wpmain\/wp-json\/wp\/v2\/product_brand?post=3973"},{"taxonomy":"product_cat","embeddable":true,"href":"https:\/\/www.georgeglazer.com\/wpmain\/wp-json\/wp\/v2\/product_cat?post=3973"},{"taxonomy":"product_tag","embeddable":true,"href":"https:\/\/www.georgeglazer.com\/wpmain\/wp-json\/wp\/v2\/product_tag?post=3973"}],"curies":[{"name":"wp","href":"https:\/\/api.w.org\/{rel}","templated":true}]}}