{"id":39259,"date":"2023-12-07T02:37:31","date_gmt":"2023-12-07T07:37:31","guid":{"rendered":"https:\/\/www.georgeglazer.com\/wpmain\/?post_type=product&#038;p=39259"},"modified":"2023-12-09T08:13:43","modified_gmt":"2023-12-09T13:13:43","slug":"sports-art-skiing-painting-les-skieurs-jean-fous-french-mid-20th-century","status":"publish","type":"product","link":"https:\/\/www.georgeglazer.com\/wpmain\/product\/sports-art-skiing-painting-les-skieurs-jean-fous-french-mid-20th-century\/","title":{"rendered":"Sports Art, Skiing, Painting, Les Skieurs, Jean Fous, French, Mid 20th Century"},"content":{"rendered":"","protected":false},"excerpt":{"rendered":"<p>Jean Fous (born 1901)<br \/>\n<strong>Les Skieurs<br \/>\n<\/strong>Mid 20th Century<br \/>\nOil on textured fiberboard<br \/>\nSigned lower left, titled verso<br \/>\n7.5 x 9.5 inches, image<br \/>\n$1,275<\/p>\n<p>Playful scene of skiers on a hill in a mountain village by an artist known for his naive style. The lighthearted group of men, women, and children are on a gentle slope in front of a stone church and pastel-colored houses. It is mounted in an elegant gilded carved wood frame. Jean Fous was a French painter in the naive style, based in Paris.\u00a0He came to prominence in 1945-46 when he exhibited at the Salon d&#8217;Automne and other galleries in Paris. He was known for paintings of scenes of popular traditions such as fairs and village weddings. During his lifetime, the French government acquired paintings of his for the Mus\u00e9e d&#8217;Art Moderne and the Mus\u00e9e des Arts et Traditions Populaires.<\/p>\n<p>Condition: Generally very good with the usual light overall toning, handling, wear. Gold frame with red velvet liner very good with light wear and handling. Titled and dated on back, likely in artist&#8217;s hand.<\/p>\n<p>Reference:<\/p>\n<p>B\u00e9n\u00e9zit, E. Dictionnaire critique et documentaire des Peintres, Sculpteurs, Dessinateurs et Graveurs. France: Librairie Gr\u00fcnd, 1966. Vol. 4, p. 34.<\/p>\n","protected":false},"featured_media":39262,"template":"","meta":{"wds_primary_product_brand":0,"wds_primary_product_cat":0,"footnotes":""},"product_brand":[],"product_cat":[6780,5227,860],"product_tag":[1354,9394,41,9395,9396,7122,1757,4056,4057,4065,2983,865],"class_list":{"0":"post-39259","1":"product","2":"type-product","3":"status-publish","4":"has-post-thumbnail","6":"product_cat-fine-art-paintings","7":"product_cat-ski-lodge-decor","8":"product_cat-winter-sports","9":"product_tag-folk-art","10":"product_tag-fous","11":"product_tag-french","12":"product_tag-jean-fous","13":"product_tag-le-skieur","14":"product_tag-naive-art","15":"product_tag-painting","16":"product_tag-skier","17":"product_tag-skiing","18":"product_tag-snowscape","19":"product_tag-sports","20":"product_tag-winter","21":"post","22":"post-with-thumbnail","23":"post-with-thumbnail-large","25":"first","26":"instock","27":"purchasable","28":"product-type-simple"},"_links":{"self":[{"href":"https:\/\/www.georgeglazer.com\/wpmain\/wp-json\/wp\/v2\/product\/39259","targetHints":{"allow":["GET"]}}],"collection":[{"href":"https:\/\/www.georgeglazer.com\/wpmain\/wp-json\/wp\/v2\/product"}],"about":[{"href":"https:\/\/www.georgeglazer.com\/wpmain\/wp-json\/wp\/v2\/types\/product"}],"version-history":[{"count":10,"href":"https:\/\/www.georgeglazer.com\/wpmain\/wp-json\/wp\/v2\/product\/39259\/revisions"}],"predecessor-version":[{"id":39364,"href":"https:\/\/www.georgeglazer.com\/wpmain\/wp-json\/wp\/v2\/product\/39259\/revisions\/39364"}],"wp:featuredmedia":[{"embeddable":true,"href":"https:\/\/www.georgeglazer.com\/wpmain\/wp-json\/wp\/v2\/media\/39262"}],"wp:attachment":[{"href":"https:\/\/www.georgeglazer.com\/wpmain\/wp-json\/wp\/v2\/media?parent=39259"}],"wp:term":[{"taxonomy":"product_brand","embeddable":true,"href":"https:\/\/www.georgeglazer.com\/wpmain\/wp-json\/wp\/v2\/product_brand?post=39259"},{"taxonomy":"product_cat","embeddable":true,"href":"https:\/\/www.georgeglazer.com\/wpmain\/wp-json\/wp\/v2\/product_cat?post=39259"},{"taxonomy":"product_tag","embeddable":true,"href":"https:\/\/www.georgeglazer.com\/wpmain\/wp-json\/wp\/v2\/product_tag?post=39259"}],"curies":[{"name":"wp","href":"https:\/\/api.w.org\/{rel}","templated":true}]}}