{"id":37525,"date":"2023-03-03T17:53:32","date_gmt":"2023-03-03T22:53:32","guid":{"rendered":"https:\/\/www.georgeglazer.com\/wpmain\/?post_type=product&#038;p=37525"},"modified":"2023-03-21T16:08:26","modified_gmt":"2023-03-21T20:08:26","slug":"sculpture-head-of-a-woman-glazed-terracotta-victor-feltrin-vintage-3rd-quarter-20th-c","status":"publish","type":"product","link":"https:\/\/www.georgeglazer.com\/wpmain\/product\/sculpture-head-of-a-woman-glazed-terracotta-victor-feltrin-vintage-3rd-quarter-20th-c\/","title":{"rendered":"Sculpture, Head of a Woman, Glazed Terracotta, Victor Feltrin, Vintage, 3rd Quarter 20th C."},"content":{"rendered":"<p>Victor Feltrin was an Italian-born French sculptor. After immigrating to France in 1947, Feltrin enrolled at the Acad\u00e9mie Grande Chaumi\u00e8re in Paris, where he studied sculpture under Ossip Zadkine, and then at the Acad\u00e9mie Julian. He exhibited at the Paris Salon of Independent Artists from 1952. Feltrin&#8217;s work became increasingly abstract over the course of his career. His work is in the collection of the Mus\u00e9e de Vernon in France, as well as in many French churches.<\/p>\n<p>Condition: Generally very good with the usual overall light wear, handling, minor abrasions.<\/p>\n<p>References:<\/p>\n<p>&#8220;Victor Feltrin.&#8221; <i>Wikipedia. <\/i>15 July 2021. https:\/\/fr.wikipedia.org\/wiki\/Victor_Feltrin (3 March 2023).<\/p>\n","protected":false},"excerpt":{"rendered":"<p>Victor Feltrin (1909-1992)<br \/>\n<b>[Head of a Woman]<\/b><br \/>\nFrench: c. 3rd Quarter 20th Century<br \/>\nGlazed terracotta<br \/>\nSigned on back in raised letters<br \/>\n9.5 x 6.5 x 7.5 inches<br \/>\n$600<\/p>\n<p>Head of a woman wearing a bronze hood that covers all but her face. The face is unglazed terracotta clay, while the hood is glazed with a bronze slip \u2014 a glaze containing bronze powder. The face is stylized in a Modernist Art Deco manner. It likely is of the Virgin Mary since the artist made other sculptures on the theme of Madonna and Child that also have a draped head in a similar style. The artist might have intended it as a study for a full body sculpture, though it might have been intended as a bust as it is, and certainly presents well that way.<\/p>\n<p>Product description continues below.<\/p>\n","protected":false},"featured_media":37533,"template":"","meta":{"wds_primary_product_brand":0,"wds_primary_product_cat":0,"footnotes":""},"product_brand":[],"product_cat":[5972,1127,5914,5971],"product_tag":[59,521,6872,1348,1050,1040,785,3506,1307,1299],"class_list":{"0":"post-37525","1":"product","2":"type-product","3":"status-publish","4":"has-post-thumbnail","6":"product_cat-desk-shelf-objects","7":"product_cat-figurines-sculptures","8":"product_cat-religions","9":"product_cat-women","10":"product_tag-american","11":"product_tag-antique","12":"product_tag-cowboy","13":"product_tag-figurine","14":"product_tag-plaster","15":"product_tag-sculpture","16":"product_tag-texas","17":"product_tag-vintage","18":"product_tag-west","19":"product_tag-western","20":"post","21":"post-with-thumbnail","22":"post-with-thumbnail-large","24":"first","25":"instock","26":"shipping-taxable","27":"purchasable","28":"product-type-simple"},"_links":{"self":[{"href":"https:\/\/www.georgeglazer.com\/wpmain\/wp-json\/wp\/v2\/product\/37525","targetHints":{"allow":["GET"]}}],"collection":[{"href":"https:\/\/www.georgeglazer.com\/wpmain\/wp-json\/wp\/v2\/product"}],"about":[{"href":"https:\/\/www.georgeglazer.com\/wpmain\/wp-json\/wp\/v2\/types\/product"}],"version-history":[{"count":7,"href":"https:\/\/www.georgeglazer.com\/wpmain\/wp-json\/wp\/v2\/product\/37525\/revisions"}],"predecessor-version":[{"id":37690,"href":"https:\/\/www.georgeglazer.com\/wpmain\/wp-json\/wp\/v2\/product\/37525\/revisions\/37690"}],"wp:featuredmedia":[{"embeddable":true,"href":"https:\/\/www.georgeglazer.com\/wpmain\/wp-json\/wp\/v2\/media\/37533"}],"wp:attachment":[{"href":"https:\/\/www.georgeglazer.com\/wpmain\/wp-json\/wp\/v2\/media?parent=37525"}],"wp:term":[{"taxonomy":"product_brand","embeddable":true,"href":"https:\/\/www.georgeglazer.com\/wpmain\/wp-json\/wp\/v2\/product_brand?post=37525"},{"taxonomy":"product_cat","embeddable":true,"href":"https:\/\/www.georgeglazer.com\/wpmain\/wp-json\/wp\/v2\/product_cat?post=37525"},{"taxonomy":"product_tag","embeddable":true,"href":"https:\/\/www.georgeglazer.com\/wpmain\/wp-json\/wp\/v2\/product_tag?post=37525"}],"curies":[{"name":"wp","href":"https:\/\/api.w.org\/{rel}","templated":true}]}}