{"id":3645,"date":"2017-02-03T15:46:08","date_gmt":"2017-02-03T20:46:08","guid":{"rendered":"http:\/\/www.georgeglazer.com\/wpmain\/?post_type=product&#038;p=3645"},"modified":"2024-01-06T16:18:15","modified_gmt":"2024-01-06T21:18:15","slug":"map-new-york-city-ile-de-new-york-revolutionary-war-plan-antique-print-c-1807-sold","status":"publish","type":"product","link":"https:\/\/www.georgeglazer.com\/wpmain\/product\/map-new-york-city-ile-de-new-york-revolutionary-war-plan-antique-print-c-1807-sold\/","title":{"rendered":"Map, New York City, Ile de New York, Revolutionary War Plan, Antique Print, c. 1807 (Sold)"},"content":{"rendered":"<div>\n<p>As shown on the map, British forces led by General William Howe landed on Long Island on August 22, planning to capture New York City and gain control of the Hudson River. On the 27th, they marched into Brooklyn Heights and outflanked General George Washington&#8217;s Continental Army. 1,000 American soldiers and 400 of the British died. However, Howe decided not to storm the Americans&#8217; positions in Brooklyn Heights, allowing Washington to save the remainder of his army from capture by retreating to Manhattan two days later.<\/p>\n<p>This map came from an atlas volume that accompanied the first French edition of John Marshall\u2019s <strong>Life of George Washington<\/strong>, translated by Henry. Map historian R.V. Tooley says that the French geographer Jean Nicolas Buache made the maps.<\/p>\n<p>Jean Nicolas Buache was a French geographer who held the title of First Geographer to the King of France. Buache was elected a member of the Academy of Sciences in 1770 and was charged by Louis XVI with mapping the French jurisdictions known as &#8220;bailliages.&#8221; He also authored numerous books, including <strong>M\u00e9moires sur les D\u00e9couvertes \u00e0 Faire dans le Grand Oc\u00e9an<\/strong> (1797-98). He was the nephew of Philippe Buache, who had served as the first geographer to the king in 1729.<\/p>\n<p>Full publication information: Dentu, Imprimeur-Libraire, Rue Du Pont-De-Lodi, No. 3. Paris: 1807.<\/p>\n<p>Condition: Generally very good with the usual overall light toning and wear. Scattered very minor pale foxing. Center fold as issued. Frame good with the usual wear and shrinkage.<\/p>\n<p>References:<\/p>\n<p>&#8220;Ile de New York, Partie de Long-Island\u2026&#8221; <em>David Rumsey Map Collection.<\/em> 2010. http:\/\/www.davidrumsey.com\/luna\/servlet\/detail\/RUMSEY~8~1~36115~1200184 (17 May 2013).<\/p>\n<p>&#8220;Jean-Nicolas Buache.&#8221; <em>Wikipedia.<\/em> 19 March 2013. http:\/\/fr.wikipedia.org\/wiki\/Jean-Nicolas_Buache (17 May 2013).<\/p>\n<p>&#8220;The Battle of Brooklyn.&#8221; <em>History.com.<\/em> 1996-2013. http:\/\/www.history.com\/this-day-in-history\/the-battle-of-brooklyn (17 May 2013).<\/p>\n<\/div>\n","protected":false},"excerpt":{"rendered":"<p>John Marshall (editor)<br \/>\nJean Nicolas Buache (1741-1825) (cartographer)<br \/>\n<strong>\u00cele de New-York, Partie de Long-Island ou de l&#8217;\u00cele Longue, et Positions des Arm\u00e9es Am\u00e9ricaine et Britannique, Apr\u00e8s le Combat livr\u00e9 sur les Hauteurs, le 27 Aout 1776<br \/>\n[Island of New York, Part of Long Island, and Positions of the American and British Armies, After the Battle Waged on the Heights, August 27, 1776]<\/strong><br \/>\nfrom <em><strong>Vie De George Washington. Collection de Planches<\/strong><\/em><br \/>\n<em><strong> [Life of George Washington: Collection of Plates]<\/strong><\/em><br \/>\nDentu, Paris: 1807<br \/>\nEngraving, uncolored<br \/>\n16.5 x 10.5 inches<\/p>\n<p>French Revolutionary War map of Manhattan and parts of New Jersey, Brooklyn, the Bronx and Queens. The map illustrated a biography of George Washington and records troop movements and locations between August 22 and 27, 1776, now known as the Battle of Brooklyn. Rivers, elevated areas (&#8220;hauteurs&#8221;), marshes and major roads are indicated, as are positions of troops and names of their commanders. Ships are illustrated and labeled in the harbor.<\/p>\n<p>Product Description Continues Below.<\/p>\n","protected":false},"featured_media":3646,"template":"","meta":{"wds_primary_product_brand":0,"wds_primary_product_cat":0,"footnotes":""},"product_brand":[],"product_cat":[4187],"product_tag":[1900,9418,124,662,6696,87,696,9417,656,6697,670,538,5653,541,657,697,92,632],"class_list":{"0":"post-3645","1":"product","2":"type-product","3":"status-publish","4":"has-post-thumbnail","6":"product_cat-archive-sold-maps-views","7":"product_tag-battle","8":"product_tag-battle-of-brooklyn","9":"product_tag-british","10":"product_tag-brooklyn","11":"product_tag-buache","12":"product_tag-george","13":"product_tag-ile","14":"product_tag-ile-de-new-york","15":"product_tag-long-island","16":"product_tag-longue","17":"product_tag-manhattan","18":"product_tag-map","19":"product_tag-marshall","20":"product_tag-new-york","21":"product_tag-new-york-city","22":"product_tag-revolutionary","23":"product_tag-war","24":"product_tag-washington","25":"post","26":"post-with-thumbnail","27":"post-with-thumbnail-large","29":"first","30":"instock","31":"product-type-simple"},"_links":{"self":[{"href":"https:\/\/www.georgeglazer.com\/wpmain\/wp-json\/wp\/v2\/product\/3645","targetHints":{"allow":["GET"]}}],"collection":[{"href":"https:\/\/www.georgeglazer.com\/wpmain\/wp-json\/wp\/v2\/product"}],"about":[{"href":"https:\/\/www.georgeglazer.com\/wpmain\/wp-json\/wp\/v2\/types\/product"}],"version-history":[{"count":2,"href":"https:\/\/www.georgeglazer.com\/wpmain\/wp-json\/wp\/v2\/product\/3645\/revisions"}],"predecessor-version":[{"id":39705,"href":"https:\/\/www.georgeglazer.com\/wpmain\/wp-json\/wp\/v2\/product\/3645\/revisions\/39705"}],"wp:featuredmedia":[{"embeddable":true,"href":"https:\/\/www.georgeglazer.com\/wpmain\/wp-json\/wp\/v2\/media\/3646"}],"wp:attachment":[{"href":"https:\/\/www.georgeglazer.com\/wpmain\/wp-json\/wp\/v2\/media?parent=3645"}],"wp:term":[{"taxonomy":"product_brand","embeddable":true,"href":"https:\/\/www.georgeglazer.com\/wpmain\/wp-json\/wp\/v2\/product_brand?post=3645"},{"taxonomy":"product_cat","embeddable":true,"href":"https:\/\/www.georgeglazer.com\/wpmain\/wp-json\/wp\/v2\/product_cat?post=3645"},{"taxonomy":"product_tag","embeddable":true,"href":"https:\/\/www.georgeglazer.com\/wpmain\/wp-json\/wp\/v2\/product_tag?post=3645"}],"curies":[{"name":"wp","href":"https:\/\/api.w.org\/{rel}","templated":true}]}}