{"id":30161,"date":"2021-02-15T08:16:53","date_gmt":"2021-02-15T13:16:53","guid":{"rendered":"https:\/\/www.georgeglazer.com\/wpmain\/?post_type=product&#038;p=30161"},"modified":"2021-02-18T22:32:05","modified_gmt":"2021-02-19T03:32:05","slug":"architecture-egypt-cairo-house-facade-napoleonic-expeditions-antique-print-paris-early-19th-century","status":"publish","type":"product","link":"https:\/\/www.georgeglazer.com\/wpmain\/product\/architecture-egypt-cairo-house-facade-napoleonic-expeditions-antique-print-paris-early-19th-century\/","title":{"rendered":"Architecture, Egypt, Cairo House Facade, Napoleonic Expeditions, Antique Print, Paris, Early 19th Century"},"content":{"rendered":"<p><b>Description de l&#8217;\u00c9gypte<\/b> was published over a 20-year period with the ambitious goal of cataloguing all known aspects of ancient and modern Egypt, including its natural history. It was based on the work of the Institut d&#8217;\u00c9gypte, established by Napoleon Bonaparte in a palace outside of Cairo during his expedition in Egypt as part of the French Revolutionary Wars (1798-1801). 160 civilian scholars and scientists worked in the institute&#8217;s library, laboratories, and workshops. The idea of a comprehensive publication was conceived by the end of 1798. Production of the finished work took place on a monumental scale, involving 2000 artists and technicians, including 400 engravers. Among the prominent French artists who contributed to this work were botanical artist Pierre-Joseph Redoute and ornithological artist Jacques Barraband. There were two editions beginning in 1808, but in general, there are 10 volumes of plates comprising a total of 894 plates made from over 3000 drawings. Of these ten, the first five volumes of plates depicted <strong>Antiquiti\u00e9s [Antiquities]<\/strong>, two <strong>\u00c9tat Moderne [Modern State]<\/strong>, two\u00a0 <strong>Histoire Naturelle [Natural History]<\/strong> and one of maps. The second edition is known as the Panckoucke edition, published by Charles Louis Fleury Panckoucke in the 1820s.<\/p>\n<p>Subtitle lower margin: &#8220;\u00c9l\u00e9vation de la Maison d&#8217;Ibrahim Kikheyd El Sennary.&#8221;<\/p>\n<p>Condition: Generally very good with the usual toning, wear, handling, soft creases. Occasional scattered light foxing. Margins with scattered short tears, chipping, etc., all easily matted out.<\/p>\n<p>References:<\/p>\n<p>&#8220;Description de l&#8217;\u00c9gypte.&#8221; <em>Wikipedia.<\/em> 4 August 2020. https:\/\/en.wikipedia.org\/wiki\/Description_de_l%27%C3%89gypte (22 January 2021).<\/p>\n","protected":false},"excerpt":{"rendered":"<p>Cecile, Dutertre, Febre, Jollois, Jomard et al. (after)<br \/>\nBaltard, Leclerc, Ransonette, Reville et al. (engravers)<br \/>\nLepere et al. (architectural plans)<br \/>\n<strong>Le Kaire<\/strong>,\u00a0 E.M., Volume I, Plate 58<br \/>\n<strong>[Elevation of the House of Ibrahim Kikheyd El Sennary, Cairo]<\/strong><br \/>\nfrom <em><strong>Description de l&#8217;Egypte ou Recueil des observations et des recherches qui ont \u00e9t\u00e9 faites en Egypte pendant l&#8217;expedition de l&#8217;arm\u00e9e Fran\u00e7aise<br \/>\n[Description of Egypt or Collection of Observations and Research Which Has Been Done in Egypt During the Expedition of the French Army] <\/strong><\/em><br \/>\nParis: 1st quarter, 19th Century<br \/>\nCopperplate engraving, uncolored<br \/>\n21.25 x 16.5 inches, plate mark<br \/>\n27.75 x 21.25 inches, overall<br \/>\n$425<\/p>\n<p>An engraving from a set illustrating art, architecture and natural history documented during Napoleon&#8217;s <span class=\"aCOpRe\">French campaign in Egypt and Syria at the turn of the 18th century. <\/span>According to the description on this print, it shows an architectural elevation drawing of the facade of the house of Ibrahim Kikheyd El Sennary. The intricate geometric decorations are faithfully depicted. The scale in feet and decimeters are shown in the lower margin on either side of the title.<\/p>\n<p>Product description continues below.<\/p>\n","protected":false},"featured_media":30165,"template":"","meta":{"wds_primary_product_brand":0,"wds_primary_product_cat":0,"footnotes":""},"product_brand":[],"product_cat":[897,6761,975,6770,923],"product_tag":[42,531,896,5510,3747,3622,1047,6185,1046,1512,1945,3539,41,7187,1908],"class_list":{"0":"post-30161","1":"product","2":"type-product","3":"status-publish","4":"has-post-thumbnail","6":"product_cat-antiquity","7":"product_cat-architectural-renderings","8":"product_cat-architectural-studies","9":"product_cat-asia-middle-east-maps-views","10":"product_cat-historic-sites-buildings","11":"product_tag-19th-century","12":"product_tag-architectural","13":"product_tag-architecture","14":"product_tag-army","15":"product_tag-cairo","16":"product_tag-copperplate","17":"product_tag-egypt","18":"product_tag-egypte","19":"product_tag-egyptian","20":"product_tag-engraving","21":"product_tag-facade","22":"product_tag-francaises","23":"product_tag-french","24":"product_tag-house-facade","25":"product_tag-napoleonic","26":"post","27":"post-with-thumbnail","28":"post-with-thumbnail-large","30":"first","31":"instock","32":"purchasable","33":"product-type-simple"},"_links":{"self":[{"href":"https:\/\/www.georgeglazer.com\/wpmain\/wp-json\/wp\/v2\/product\/30161","targetHints":{"allow":["GET"]}}],"collection":[{"href":"https:\/\/www.georgeglazer.com\/wpmain\/wp-json\/wp\/v2\/product"}],"about":[{"href":"https:\/\/www.georgeglazer.com\/wpmain\/wp-json\/wp\/v2\/types\/product"}],"version-history":[{"count":0,"href":"https:\/\/www.georgeglazer.com\/wpmain\/wp-json\/wp\/v2\/product\/30161\/revisions"}],"wp:featuredmedia":[{"embeddable":true,"href":"https:\/\/www.georgeglazer.com\/wpmain\/wp-json\/wp\/v2\/media\/30165"}],"wp:attachment":[{"href":"https:\/\/www.georgeglazer.com\/wpmain\/wp-json\/wp\/v2\/media?parent=30161"}],"wp:term":[{"taxonomy":"product_brand","embeddable":true,"href":"https:\/\/www.georgeglazer.com\/wpmain\/wp-json\/wp\/v2\/product_brand?post=30161"},{"taxonomy":"product_cat","embeddable":true,"href":"https:\/\/www.georgeglazer.com\/wpmain\/wp-json\/wp\/v2\/product_cat?post=30161"},{"taxonomy":"product_tag","embeddable":true,"href":"https:\/\/www.georgeglazer.com\/wpmain\/wp-json\/wp\/v2\/product_tag?post=30161"}],"curies":[{"name":"wp","href":"https:\/\/api.w.org\/{rel}","templated":true}]}}