{"id":29194,"date":"2020-11-12T23:05:44","date_gmt":"2020-11-13T04:05:44","guid":{"rendered":"https:\/\/www.georgeglazer.com\/wpmain\/?post_type=product&#038;p=29194"},"modified":"2021-10-22T15:51:32","modified_gmt":"2021-10-22T19:51:32","slug":"old-masters-allegories-five-senses-baumgartner-blue-rococo-set-of-5-antique-prints-augsburg-c-1750","status":"publish","type":"product","link":"https:\/\/www.georgeglazer.com\/wpmain\/product\/old-masters-allegories-five-senses-baumgartner-blue-rococo-set-of-5-antique-prints-augsburg-c-1750\/","title":{"rendered":"Old Masters, Allegory, Five Senses, Baumgartner, Blue Rococo, Set of 5 Antique Prints, Augsburg, c. 1750"},"content":{"rendered":"<p>Author Franz Reitinger wrote a book in 2016 about the vogue for blue toned art and decorative objects in Germany in the mid 18th Century: <strong>Die Blaue Epoche: reductive Farbigkeit im Rokoko [The Blue Epoch: Reductive Color in the Rococo]. <\/strong>According to Reitinger, Baumgartner established himself as &#8220;the outstanding representative of poetic printmaking and a well-known exponent of Augsburg Rococo.&#8221;\u00a0 Specifically Reitinger discussed\u00a0 the half-dozen series of blue prints that Baumgartner produced for the engraver and publisher Johann Philipp Koch. These include the offered set <strong>The Five Senses<\/strong>, as well as series on <strong>The Continents<\/strong>, <strong>The Parable of the Prodigal Son<\/strong>, <strong>The Life of Abraham<\/strong>, and a series on the canals of Venice. According to Reitinger, these blue prints were among &#8220;the artistic highlights of the Blue Age&#8221; of rococo German printmaking. Reitinger refers to these blue prints with the German word for &#8220;cyanotype&#8221; meaning a blue print, a term more commonly used today describe certain blue-toned photographs.<\/p>\n<p>Johann Wolfgang Baumgartner was an Austrian painter, draftsman and engraver in the Rococo style, based in Augsburg, Germany. He began as a painter on glass, but also was a prolific draftsman, leaving behind hundreds of detailed drawings, often on tinted paper and in a large scale, to be engraved by Augsburg publishers such as Kilian, who helped launch his career in Augsburg, as well as by the firms of Klauber, Engelbrecht, and Koch. His facility with reverse glass painting translated well to the blue printing process which became popular in Augsburg in the 1740s. He also made designs in oil on canvas for engravings. He initially painted landscapes but went on to become a noted painter of architectural and religious subjects. Baumgartner executed frescoes for the churches of Gersthofen and Eggenhausen in the vicinity of Augsburg and worked at the Meersburg Palace. His works are in museums around the world, including the Louvre, the Metropolitan Museum of Art, and the National Gallery of Art in Washington, but perhaps the largest collection of his works is in the Tyrolean State Museum in Innsbruck, Austria.<\/p>\n<p>The following are rough translations from German to English of the verses on each print:<\/p>\n<p><strong>Hearing<\/strong><\/p>\n<p>In the resting stillness of night, hearing sharpens,<br \/>\nWhen the trumpet is silent, when the drums do not move<br \/>\nYou hear the quiet word and silent music more clearly.<br \/>\nLet it, if you want to be wise, lead you to the stillness.<\/p>\n<p><strong>Taste<\/strong><\/p>\n<div class=\"oSioSc\">\n<div id=\"tw-target\">\n<div id=\"kAz1tf\" class=\"g9WsWb\">\n<p>Whatever mouth and throat tastes, sensuality seeks,<br \/>\nShe wants to enjoy the taste of food and drink:<br \/>\nBut desire often in reluctance lies.<br \/>\nAh, but notice the heart in sweet sensuality there.<\/p>\n<p><strong>Smell<\/strong><\/p>\n<p>The sweet breath of flowers refreshes mind and nose,<br \/>\nWhen their leaves blow the balsam dust to us.<br \/>\nAnd where in rose bushes of pure virtue grows,<br \/>\nThere remains the smell of praise that her grace deserves.<\/p>\n<p><strong>Touch<\/strong><\/p>\n<p>What we are sensitive to can also be felt,<br \/>\nThe cold feels the skin of the back bite and blow.<br \/>\nAs a soft bed may feel to the lazy.<br \/>\nO some would not want to play with the tricks of the heart.<\/p>\n<p><strong>Sight<\/strong><\/p>\n<p>Whatever heaven, earth, art, or nature mean,<br \/>\nDiscover the vision of the observable world,<br \/>\nIt is wily, it sees, it thinks: this is not bad<br \/>\nSo think of it all as purely child&#8217;s play.<\/p>\n<p>Publication credits on each print: Baumgartner pinx. Ioh. Ph. Koch exc. A.V.<\/p>\n<p>Condition:\u00a0Generally very good, recently professionally cleaned and deacidified, with some remaining toning, wear, handling. Outer dimensions of sheets vary slightly, but can be matted and framed the same size as a set.<\/p>\n<p>References:<\/p>\n<p>&#8220;Baumgartner, Johann Wolfgang.&#8221; <em>Oxford Art Online.<\/em> 2020. https:\/\/doi.org\/10.1093\/gao\/9781884446054.article.T006986 (11 November 2020).<\/p>\n<p>B\u00e9n\u00e9zit, E.\u00a0<em>Dictionnaire critique et documentaire des Peintres, Sculpteurs, Dessinateurs et Graveurs.<\/em>\u00a0\u00dfance: Librairie Gr\u00fcnd, 1966. Vol. 1, p. 476. Vol. 5, p. 262.<\/p>\n<p>Reitinger, Franz. <em>Die Blaue Epoche: reductive Farbigkeit im Rokoko.<\/em> Berlin: Lukas Verlag, 2016. pp. 69-72, 292. Online at <em>Google Books:<\/em> https:\/\/www.google.com\/books\/edition\/Die_blaue_Epoche\/IUSlDQAAQBAJ (11 November 2020).<\/p>\n<p>Footnotes:<\/p>\n<p>German verse on <strong>Auditus<\/strong>:<br \/>\n<em>In stiller Ruh und Nacht, je Sch\u00e4rfer das Geh\u00f6r,<\/em><br \/>\n<em>Wan die Trompete schweigt, die Paucken sich nicht r\u00fchren<\/em><br \/>\n<em>H\u00f6rt man das leise wort und Stille Music mehr.<\/em><br \/>\n<em>Lass, wan du klug willst seyn, dich zu der Stille f\u00fchren.<\/em><\/p>\n<p>German verse on <strong>Gustus<\/strong>:<br \/>\n<em>Was Maul u Gurgel schmeckt, das sucht die Wollust auf,<\/em><br \/>\n<em>Dan sie will den Geschmack mit Spei\u00df u Tranck vergn\u00fcgen:<\/em><br \/>\n<em>Sicht aber ihre Lust offt in der Unlust ligen.<\/em><br \/>\n<em>Ach merckte doch das Herz in s\u00fc\u00dfer Wollust drauf.<\/em><\/p>\n<p>German verse on <strong>Odor<\/strong>:<br \/>\n<em>Der Blumen s\u00fcsser Hauch erquicket Geist und Nasen,<\/em><br \/>\n<em>Wan seine Bl\u00e4tter uns den Balsam Dust zublasen.<\/em><br \/>\n<em>Und woe in Rosenbusch von reiner Tugend grunt,<\/em><br \/>\n<em>Bleibt der Geruch des Lobs, den ihre Huld verdient.<\/em><\/p>\n<p>German verse on <strong>Tactus<\/strong>:<br \/>\n<em>Was uns empfindlich ist, das l\u00e4\u00dfet sich auch f\u00fchlen,<\/em><br \/>\n<em>Die K\u00e4lte f\u00fchlt die H\u00e4ut der R\u00fccken Bi\u00df und Schlag.<\/em><br \/>\n<em>So wie ein weiches Bett der Faule f\u00fchlen mag.<\/em><br \/>\n<em>O m\u00f6chte mancher nicht mit Herzens Stichen Spielen.<\/em><\/p>\n<p>German verse on <strong>Visus<\/strong>:<br \/>\n<em>Was Himel, Erde, Kunst, Natur gemeines halt,<\/em><br \/>\n<em>Entdecket das Gesicht der aufmerksamen Welt,<\/em><br \/>\n<em>Es List, es sicht, es denckt: ist dieses nicht badey<\/em><br \/>\n<em>So glaubt, da\u00df alles nu rein Spiel der Kinder sey.<\/em><\/p>\n<\/div>\n<\/div>\n<\/div>\n","protected":false},"excerpt":{"rendered":"<p>Johann Wolfgang Baumgartner (1712-1761) (after)<br \/>\nJohann Philipp Koch (engraver)<br \/>\n<strong>F\u00fcnf Sinnen [Five Senses]<\/strong><br \/>\nVerlag Koch, Augsburg: c. 1744-1757<br \/>\nMezzotints printed in colors finished by hand<br \/>\n13 x 16.75 inches, plate mark<br \/>\n13.75 x 17.5 inches, overall<br \/>\n$7,000 set of 5<\/p>\n<p>An exceptionally fine and rare complete set of five rococo prints &#8212; each of one of the five senses &#8212; composed by Austrian artist Johann Wolfgang Baumgartner. They are executed as mezzotints printed in primarily in blue and finished and heightened by hand &#8212; combining other tones including green, red and black. These highly elaborate allegories of hearing, smell, taste, touch and sight incorporate fanciful architectures and a mixture of contemporary and romantic figures of the aristocracy within landscape settings. The complex compositions combine overlapping scenes portraying different aspects of each sense within a spatial framework. The prints are each titled in German and Latin in a Baroque medallion lower center: <strong>Das Geh\u00f6r. Auditus. [Hearing]; Der Geruch. Odor. [Smell]; Der Geschmack. Gustus. [Taste]; Das Gef\u00fchl. Tactus. [Touch]<\/strong> and <strong>Das Gesicht. Visus. [Vision]. <\/strong>On either side of each title are poems in four verses in German and Latin that relate to the activities portrayed in the print. The poems in four verses explore nature and philosophy, often with undercurrents of romance. The images range from the practical or uplifting (a man gazing through a telescope in <strong>Sight <\/strong>and a woman holding a baby in <strong>Touch<\/strong>) to the humorous (a dog sniffing another dog&#8217;s behind in <strong>Smell<\/strong> and the raucous banquet in <strong>Taste<\/strong>).<\/p>\n<p>Product description continues below<\/p>\n","protected":false},"featured_media":29227,"template":"","meta":{"wds_primary_product_brand":0,"wds_primary_product_cat":0,"footnotes":""},"product_brand":[],"product_cat":[6010,6779,952,5914],"product_tag":[195,7089,1993,1528,450,7847,1512,141,2963,868,2050,1673,453,1952],"class_list":{"0":"post-29194","1":"product","2":"type-product","3":"status-publish","4":"has-post-thumbnail","6":"product_cat-fine-art-prints","7":"product_cat-genre","8":"product_cat-old-masters","9":"product_cat-religions","10":"product_tag-18th-century","11":"product_tag-age-of-enlightenment","12":"product_tag-allegory","13":"product_tag-augsburg","14":"product_tag-baroque","15":"product_tag-baumgartner","16":"product_tag-engraving","17":"product_tag-german","18":"product_tag-koch","19":"product_tag-landscape","20":"product_tag-mezzotint","21":"product_tag-print","22":"product_tag-rococo","23":"product_tag-senses","24":"post","25":"post-with-thumbnail","26":"post-with-thumbnail-large","28":"first","29":"instock","30":"purchasable","31":"product-type-simple"},"_links":{"self":[{"href":"https:\/\/www.georgeglazer.com\/wpmain\/wp-json\/wp\/v2\/product\/29194","targetHints":{"allow":["GET"]}}],"collection":[{"href":"https:\/\/www.georgeglazer.com\/wpmain\/wp-json\/wp\/v2\/product"}],"about":[{"href":"https:\/\/www.georgeglazer.com\/wpmain\/wp-json\/wp\/v2\/types\/product"}],"version-history":[{"count":1,"href":"https:\/\/www.georgeglazer.com\/wpmain\/wp-json\/wp\/v2\/product\/29194\/revisions"}],"predecessor-version":[{"id":29228,"href":"https:\/\/www.georgeglazer.com\/wpmain\/wp-json\/wp\/v2\/product\/29194\/revisions\/29228"}],"wp:featuredmedia":[{"embeddable":true,"href":"https:\/\/www.georgeglazer.com\/wpmain\/wp-json\/wp\/v2\/media\/29227"}],"wp:attachment":[{"href":"https:\/\/www.georgeglazer.com\/wpmain\/wp-json\/wp\/v2\/media?parent=29194"}],"wp:term":[{"taxonomy":"product_brand","embeddable":true,"href":"https:\/\/www.georgeglazer.com\/wpmain\/wp-json\/wp\/v2\/product_brand?post=29194"},{"taxonomy":"product_cat","embeddable":true,"href":"https:\/\/www.georgeglazer.com\/wpmain\/wp-json\/wp\/v2\/product_cat?post=29194"},{"taxonomy":"product_tag","embeddable":true,"href":"https:\/\/www.georgeglazer.com\/wpmain\/wp-json\/wp\/v2\/product_tag?post=29194"}],"curies":[{"name":"wp","href":"https:\/\/api.w.org\/{rel}","templated":true}]}}