{"id":28641,"date":"2020-09-28T17:14:50","date_gmt":"2020-09-28T21:14:50","guid":{"rendered":"https:\/\/www.georgeglazer.com\/wpmain\/?post_type=product&#038;p=28641"},"modified":"2024-03-22T03:33:12","modified_gmt":"2024-03-22T07:33:12","slug":"fine-art-painting-guatemalan-weaver-work-nicolas-rubio-oil-board-argentina-1976","status":"publish","type":"product","link":"https:\/\/www.georgeglazer.com\/wpmain\/product\/fine-art-painting-guatemalan-weaver-work-nicolas-rubio-oil-board-argentina-1976\/","title":{"rendered":"Fine Art, Painting, Guatemalan Weaver, by Nicolas Rubio, Oil on Board, Argentina, 1976"},"content":{"rendered":"<p>Nicol\u00e1s Rubi\u00f3 is an Argentine Modernist painter. Born in Spain, his family went into exile during the Spanish Civil War in 1936 and first lived in Vielles in Auvergne, France, before settling in Argentina. His style has at times incorporated elements of Latin American folk art and of <em>fileteado<\/em>, a genre of decoration associated with Buenos Aires incorporating stylized linear designs, lively colors, and plant forms. He also participated in a major exhibition of the Informalist movement in the 1950s. His large series of 600 paintings on life in Vielles and the work he made for the writer Henry Pourrat, were honored with an award from the French government. He has exhibited in various galleries and museums in Buenos Aires, including Galer\u00eda Witcomb (1967), Galer\u00eda Wildenstein (1981), the Quinquela Martin Museum (2012), and the Museo de Arte Popular Jos\u00e9 Hern\u00e1ndez (2017).<\/p>\n<p>References:<\/p>\n<p>&#8220;Fileteado.&#8221; <em>Wikipedia.<\/em> 11 August 2020. https:\/\/en.wikipedia.org\/wiki\/Fileteado (28 September 2020).<\/p>\n<p>&#8220;Pintura Rubio, Nicol\u00e1s.&#8221; <em>Arte de la Argentina.<\/em> https:\/\/artedelaargentina.com\/disciplinas\/artista\/pintura\/nicolas-rubio (28 September 2020).<\/p>\n","protected":false},"excerpt":{"rendered":"<p>Nicol\u00e1s Rubio (born 1928)<br \/>\n<strong>Gloria al Tejedor de Antigua (Guatemala)<\/strong><br \/>\n<strong>[Glory to the Weaver of Antigua]<\/strong><br \/>\nArgentina: 1976<br \/>\nOil on medium density fiberboard, in the artist&#8217;s custom frame<br \/>\n7 x 18.5 inches, image<br \/>\n12.5 x 23.5 inches, frame<br \/>\nProvenance: Wildenstein Gallery, Buenos Aires<br \/>\n$2,200<\/p>\n<p>Painting illustrating a traditional Guatemalan weaver at work within an intricate frame constructed and hand-painted by the artist. It was part Argentine artist Nicol\u00e1s Rubi\u00f3&#8217;s &#8220;Serie de los artesanos&#8221; [artisan series]. Guatemala has a strong tradition of Mayan weaving and Antigua is a small city there with a rich cultural history, including a textile tradition. This particular painting portrays the weaver at his loom with tools of the trade and rugs he has produced. The linear, highly patterned style Rubio employs evokes the texture of woven textiles. The label from Wildenstein Gallery of Buenos Aires notes that this painting was &#8220;No. 1&#8221; in an exhibition held in November 1977, presumably at Wildenstein.<\/p>\n<p>Product description continues below.<\/p>\n","protected":false},"featured_media":28648,"template":"","meta":{"wds_primary_product_brand":0,"wds_primary_product_cat":0,"footnotes":""},"product_brand":[],"product_cat":[4225,6780,6768,1002,961],"product_tag":[8634,3945,8629,1054,2029,8627,7912,2467,8632,1757,8628,8635,2030,1051,8630,8631,8633],"class_list":{"0":"post-28641","1":"product","2":"type-product","3":"status-publish","4":"has-post-thumbnail","6":"product_cat-childrens-room-decor","7":"product_cat-fine-art-paintings","8":"product_cat-south-central-america-maps","9":"product_cat-textiles-clothing","10":"product_cat-ethnographic-worlds-peoples","11":"product_tag-antigua","12":"product_tag-argentina","13":"product_tag-argentine","14":"product_tag-art","15":"product_tag-artist","16":"product_tag-guaytemala","17":"product_tag-latin-american","18":"product_tag-modernist","19":"product_tag-nicolas-rubio","20":"product_tag-painting","21":"product_tag-rubio","22":"product_tag-rug","23":"product_tag-tapestry","24":"product_tag-textile","25":"product_tag-textiles","26":"product_tag-weaver","27":"product_tag-wildenstein","28":"post","29":"post-with-thumbnail","30":"post-with-thumbnail-large","32":"first","33":"instock","34":"purchasable","35":"product-type-simple"},"_links":{"self":[{"href":"https:\/\/www.georgeglazer.com\/wpmain\/wp-json\/wp\/v2\/product\/28641","targetHints":{"allow":["GET"]}}],"collection":[{"href":"https:\/\/www.georgeglazer.com\/wpmain\/wp-json\/wp\/v2\/product"}],"about":[{"href":"https:\/\/www.georgeglazer.com\/wpmain\/wp-json\/wp\/v2\/types\/product"}],"version-history":[{"count":3,"href":"https:\/\/www.georgeglazer.com\/wpmain\/wp-json\/wp\/v2\/product\/28641\/revisions"}],"predecessor-version":[{"id":40165,"href":"https:\/\/www.georgeglazer.com\/wpmain\/wp-json\/wp\/v2\/product\/28641\/revisions\/40165"}],"wp:featuredmedia":[{"embeddable":true,"href":"https:\/\/www.georgeglazer.com\/wpmain\/wp-json\/wp\/v2\/media\/28648"}],"wp:attachment":[{"href":"https:\/\/www.georgeglazer.com\/wpmain\/wp-json\/wp\/v2\/media?parent=28641"}],"wp:term":[{"taxonomy":"product_brand","embeddable":true,"href":"https:\/\/www.georgeglazer.com\/wpmain\/wp-json\/wp\/v2\/product_brand?post=28641"},{"taxonomy":"product_cat","embeddable":true,"href":"https:\/\/www.georgeglazer.com\/wpmain\/wp-json\/wp\/v2\/product_cat?post=28641"},{"taxonomy":"product_tag","embeddable":true,"href":"https:\/\/www.georgeglazer.com\/wpmain\/wp-json\/wp\/v2\/product_tag?post=28641"}],"curies":[{"name":"wp","href":"https:\/\/api.w.org\/{rel}","templated":true}]}}