{"id":25123,"date":"2020-04-16T17:46:04","date_gmt":"2020-04-16T21:46:04","guid":{"rendered":"https:\/\/www.georgeglazer.com\/wpmain\/?post_type=product&#038;p=25123"},"modified":"2023-03-10T01:30:13","modified_gmt":"2023-03-10T06:30:13","slug":"monkey-art-orangutan-dumont-durville-antique-print-c-1850","status":"publish","type":"product","link":"https:\/\/www.georgeglazer.com\/wpmain\/product\/monkey-art-orangutan-dumont-durville-antique-print-c-1850\/","title":{"rendered":"Monkey, Art, Orangutan, Dumont d&#8217;Urville, Antique Print, c. 1850"},"content":{"rendered":"<p><strong>Voyage au Pole Sud&#8230;\u00a0<\/strong>reported on the geography, geology, anthropology and natural history of Oceania (Australia, New Zealand, Melanesia, Micronesia, and Polynesia) and the South Pacific, which d&#8217;Urville had explored on a voyage between 1837 and 1840. He enlisted scientific collaborators to write and illustrate each section. The zoology section contained about 110 plates, including 29 of mammals.<\/p>\n<p>Jules Sebastien Cesar Dumont d&#8217;Urville was a French explorer, naval officer, and botanist who extensively surveyed and explored Oceania, the South Pacific, the Falklands, and Antarctica, making a major contribution to scientific understanding of the geography and biology of those areas. His explorations of the region began with a voyage on <em>La Coquille <\/em>in 1822-25. He followed with two lengthy surveys as commander of the <em>Astrolabe,<\/em> the first in 1826-29. During the second voyage, between 1837 and 1840, on the ships the <em>Astrolabe<\/em> and the\u00a0<em>Z\u00e9l\u00e9e<\/em>, his expedition penetrated the ice pack south of New Zealand and discovered the Ad\u00e9lie Coast region of Antarctica, which d&#8217;Urville named for his wife, Adele. Earlier in his career, D&#8217;Urville encountered the newly-discovered Venus de Milo while surveying the Mediterranean, and brought it to the attention of the Louvre, where it remains a featured part of the collection. He published several books with scientific collaborators about his voyages, including this one.<\/p>\n<p>Captions and full publication information: A. Son profil. B. T\u00eate du jeune \u00e2ge. Dirig\u00e9e par Borrom\u00e9. Peint par Werner. Grav\u00e9 par Giraud. Guide Editeur. Imp&#8217;ie de Bougeard.<\/p>\n<p>Condition: Generally very good with the usual overall light toning, wear, handling.<\/p>\n<p>References:<\/p>\n<p>Dumont-D&#8217;Urville, Jules. <em>Voyage au Pole Sud et Dans L&#8217;Oceanie sur Les Corvettes L&#8217;Astrolabe et La Z\u00e9l\u00e9e&#8230;<\/em> Gide et J. Baudry, Paris: 1853. p. 22. Online at <em>Google Books: <\/em>https:\/\/books.google.com\/books?id=lS5FAQAAMAAJ&amp;pg=PA22 (9 Februrary 2016).<\/p>\n<p>&#8220;Jules Sebastien Cesar Dumont d&#8217;Urville.&#8221; <em>The 1911 Edition Encyclopedia.<\/em> LoveToKnow Corp.: 2002. http:\/\/77.1911encyclopedia.org\/D\/DU\/<br \/>\nDUMONT_D_URVILLE_JULES_SEBASTIEN_CESAR.htm (13 October 2003).<\/p>\n","protected":false},"excerpt":{"rendered":"<p>Jules Sebastien Cesar Dumont d&#8217;Urville (1790-1842) (editor)<br \/>\nBorrom\u00e9e (director)<br \/>\nWerner (after)<br \/>\nGiraud (engraver)<br \/>\nBougeard (printer)<br \/>\n<strong>Orang-Outang M\u00e2le, Mammif\u00e8res Plate 1<\/strong><br \/>\n<strong>[Male Orangutan, Mammals Plate 1]<\/strong><br \/>\nfrom\u00a0<strong><em>Voyage au Pole Sud et Dans L\u2019Oceanie sur Les Corvettes L\u2019Astrolabe et La Z\u00e9l\u00e9e\u2026Pendant Les Ann\u00e9es 1837, 1838, 1839, 1840<br \/>\n[Voyage to the South Pole and through Oceania on the Corvettes Astrolabe and Z\u00e9l\u00e9e\u2026During the Years 1837, 1838, 1839, 1840]<\/em><\/strong><br \/>\nGide et J. Baudry, Paris: 1841-1854 (atlas volume)<br \/>\nHand-colored aquatint<br \/>\nSigned in the plate: M. Giraud<br \/>\nBlind stamp, lower center margin: &#8220;Gide Editeur Paris.&#8221;<br \/>\n16 x 10.75 inches, plate mark<br \/>\n21.5 x 14 inches, overall<br \/>\n$975<\/p>\n<p>Folio size natural history study of a male orangutan printed in color, shown standing on a small patch of ground, leaning on its hands, against a white background. Above the color rendering are two inset line drawings of the head in profile and the head of a juvenile.<\/p>\n<p>Product description continues below.<\/p>\n","protected":false},"featured_media":25128,"template":"","meta":{"wds_primary_product_brand":0,"wds_primary_product_cat":0,"footnotes":""},"product_brand":[],"product_cat":[969,6783],"product_tag":[42,7048,2008,4831,4830,4834,3490,2747,4841,8371,4838,3453,1673,4837,3537],"class_list":{"0":"post-25123","1":"product","2":"type-product","3":"status-publish","4":"has-post-thumbnail","6":"product_cat-monkeys","7":"product_cat-tropical-decor","8":"product_tag-19th-century","9":"product_tag-antique-print","10":"product_tag-aquatint","11":"product_tag-durville","12":"product_tag-dumont","13":"product_tag-mammiferes","14":"product_tag-monkey","15":"product_tag-monkeys","16":"product_tag-oceania","17":"product_tag-orangutan","18":"product_tag-pole-sud","19":"product_tag-primate","20":"product_tag-print","21":"product_tag-south-pole","22":"product_tag-voyage","23":"post","24":"post-with-thumbnail","25":"post-with-thumbnail-large","27":"first","28":"instock","29":"purchasable","30":"product-type-simple"},"_links":{"self":[{"href":"https:\/\/www.georgeglazer.com\/wpmain\/wp-json\/wp\/v2\/product\/25123","targetHints":{"allow":["GET"]}}],"collection":[{"href":"https:\/\/www.georgeglazer.com\/wpmain\/wp-json\/wp\/v2\/product"}],"about":[{"href":"https:\/\/www.georgeglazer.com\/wpmain\/wp-json\/wp\/v2\/types\/product"}],"version-history":[{"count":3,"href":"https:\/\/www.georgeglazer.com\/wpmain\/wp-json\/wp\/v2\/product\/25123\/revisions"}],"predecessor-version":[{"id":37592,"href":"https:\/\/www.georgeglazer.com\/wpmain\/wp-json\/wp\/v2\/product\/25123\/revisions\/37592"}],"wp:featuredmedia":[{"embeddable":true,"href":"https:\/\/www.georgeglazer.com\/wpmain\/wp-json\/wp\/v2\/media\/25128"}],"wp:attachment":[{"href":"https:\/\/www.georgeglazer.com\/wpmain\/wp-json\/wp\/v2\/media?parent=25123"}],"wp:term":[{"taxonomy":"product_brand","embeddable":true,"href":"https:\/\/www.georgeglazer.com\/wpmain\/wp-json\/wp\/v2\/product_brand?post=25123"},{"taxonomy":"product_cat","embeddable":true,"href":"https:\/\/www.georgeglazer.com\/wpmain\/wp-json\/wp\/v2\/product_cat?post=25123"},{"taxonomy":"product_tag","embeddable":true,"href":"https:\/\/www.georgeglazer.com\/wpmain\/wp-json\/wp\/v2\/product_tag?post=25123"}],"curies":[{"name":"wp","href":"https:\/\/api.w.org\/{rel}","templated":true}]}}