{"id":21698,"date":"2019-01-07T15:11:07","date_gmt":"2019-01-07T20:11:07","guid":{"rendered":"https:\/\/www.georgeglazer.com\/wpmain\/?post_type=product&#038;p=21698"},"modified":"2021-02-05T11:43:44","modified_gmt":"2021-02-05T16:43:44","slug":"2018-shopping-feature-robb-report-ultimate-gift-guide","status":"publish","type":"product","link":"https:\/\/www.georgeglazer.com\/wpmain\/product\/2018-shopping-feature-robb-report-ultimate-gift-guide\/","title":{"rendered":"2018, Shopping Feature, Robb Report, Ultimate Gift Guide"},"content":{"rendered":"","protected":false},"excerpt":{"rendered":"<p><strong>Robb Report<\/strong><br \/>\n&#8220;Ultimate Gift Guide&#8221;<br \/>\nDecember 2018<\/p>\n<p>The Robb Report, a magazine devoted to luxury goods and experiences, with 18 international editions, included our James Wilson 3-inch terrestrial globe in its 2018 Ultimate Gift Guide. The globe was published on their <a href=\"http:\/\/www.robbreport.com.tr\/kultur-kurtlari-icin-hediye-onerileri\/\" target=\"_blank\" rel=\"noopener\">Turkish website<\/a> and to their <a href=\"https:\/\/www.instagram.com\/p\/BsC1j-ohSo2\/\" target=\"_blank\" rel=\"noopener\">Swedish Instagram<\/a> account. Both are pictured here. The globe was produced by Wilson&#8217;s Albany, New York, company around the late 1820s and measures 5.25 inches tall overall including the turned wood stand.<\/p>\n<p>Posted to Robb Report, Turkish edition, December 28, 2018 as &#8220;K\u00fclt\u00fcr Kurtlar\u0131 \u0130\u00e7in Hediye \u00d6nerileri&#8221; by Bahar Aslan:<\/p>\n<div style=\"padding-left: 25px;\">\n<p><em><strong>Historical Sphere<\/strong><\/em><\/p>\n<p><em>Since Google Maps\u00a0has brought the world to our fingertips, the old-fashioned tools we use to explore our planet have become more rare, so the\u00a0eight-centimeter-wide desk sphere by\u00a0<strong>George Glazer<\/strong>\u00a0is a treasure worth gift.\u00a0This miniature version of the Earth, whose height reaches almost 13 centimeters on the maple stand, is made by\u00a0<strong>Wilson &amp; Co.\u00a0<\/strong>(the founder,\u00a0<strong>James Wilson,<\/strong>\u00a0the first globe producer of the\u00a0<strong>United States<\/strong>\u00a0), and dates back to the end of the 1820s.<\/em><\/p>\n<\/div>\n<p>Posted to Robb Report, Swedish Instagram account, December 30, 2018:<\/p>\n<div style=\"padding-left: 25px;\"><em>The ultimate gift guide, no. 31: Historical globe from the end of the 1820s, made by Wilson &amp; Co &#8211; America&#8217;s first globe maker.<\/em><\/div>\n","protected":false},"featured_media":21700,"template":"","meta":{"wds_primary_product_brand":0,"wds_primary_product_cat":0,"footnotes":""},"product_brand":[],"product_cat":[7360],"product_tag":[7356,7806,7807,7357,7804,7358,7805],"class_list":{"0":"post-21698","1":"product","2":"type-product","3":"status-publish","4":"has-post-thumbnail","6":"product_cat-press-clippings-exhibitions","7":"product_tag-article","8":"product_tag-gift-guide","9":"product_tag-james-wilson","10":"product_tag-online","11":"product_tag-robb-report","12":"product_tag-shopping","13":"product_tag-ultimate","14":"post","15":"post-with-thumbnail","16":"post-with-thumbnail-large","18":"first","19":"instock","20":"shipping-taxable","21":"product-type-simple"},"_links":{"self":[{"href":"https:\/\/www.georgeglazer.com\/wpmain\/wp-json\/wp\/v2\/product\/21698","targetHints":{"allow":["GET"]}}],"collection":[{"href":"https:\/\/www.georgeglazer.com\/wpmain\/wp-json\/wp\/v2\/product"}],"about":[{"href":"https:\/\/www.georgeglazer.com\/wpmain\/wp-json\/wp\/v2\/types\/product"}],"version-history":[{"count":1,"href":"https:\/\/www.georgeglazer.com\/wpmain\/wp-json\/wp\/v2\/product\/21698\/revisions"}],"predecessor-version":[{"id":21712,"href":"https:\/\/www.georgeglazer.com\/wpmain\/wp-json\/wp\/v2\/product\/21698\/revisions\/21712"}],"wp:featuredmedia":[{"embeddable":true,"href":"https:\/\/www.georgeglazer.com\/wpmain\/wp-json\/wp\/v2\/media\/21700"}],"wp:attachment":[{"href":"https:\/\/www.georgeglazer.com\/wpmain\/wp-json\/wp\/v2\/media?parent=21698"}],"wp:term":[{"taxonomy":"product_brand","embeddable":true,"href":"https:\/\/www.georgeglazer.com\/wpmain\/wp-json\/wp\/v2\/product_brand?post=21698"},{"taxonomy":"product_cat","embeddable":true,"href":"https:\/\/www.georgeglazer.com\/wpmain\/wp-json\/wp\/v2\/product_cat?post=21698"},{"taxonomy":"product_tag","embeddable":true,"href":"https:\/\/www.georgeglazer.com\/wpmain\/wp-json\/wp\/v2\/product_tag?post=21698"}],"curies":[{"name":"wp","href":"https:\/\/api.w.org\/{rel}","templated":true}]}}