{"id":20886,"date":"2018-09-12T11:22:09","date_gmt":"2018-09-12T15:22:09","guid":{"rendered":"http:\/\/www.georgeglazer.com\/wpmain\/?post_type=product&#038;p=20886"},"modified":"2019-08-10T08:31:59","modified_gmt":"2019-08-10T12:31:59","slug":"science-physics-nuclear-reactor-jiri-havlin-vintage-poster-czech-1959","status":"publish","type":"product","link":"https:\/\/www.georgeglazer.com\/wpmain\/product\/science-physics-nuclear-reactor-jiri-havlin-vintage-poster-czech-1959\/","title":{"rendered":"Science, Physics, Nuclear Reactor, Jiri Havlin, Vintage Poster, Czech, 1959"},"content":{"rendered":"<p>Ji\u0159\u00ed A. Havl\u00edn is a Czech landscape painter and teacher. Born in the South Moravian town of Hru\u0161ovany nad Jevi\u0161ovkou, he studied with the painters Josef Trouchl and Karel Nov\u00e1k. He graduated college with degree in fine arts and arts education shortly after the Soviet occupation of Czechoslovakia. The political upheaval interfered with his plan to concentrate solely on his artistic career. He became an art teacher, teaching drawing, painting, graphics, and history of art, while continuing to paint, especially landscapes. He also designed posters in the 1950s and &#8217;60s. He exhibited frequently in Brno with a group of art educators from the 1970s. After the fall of the Communist regime in Czechoslovakia and the opening of borders, he began painting and exhibiting in nearby Austria as well as his home country. In recent years, he has had two solo exhibitions in the Austrian city of Laa an der Thaya, another in Brno, Hrotovice in South Moravia, the House of Art in Znojmo, the K-GALERIE in Kop\u0159ivnice in northern Moravia and the exhibition spaces of the ancient Spital in Jarom\u011b\u0159ice nad Rokytnou.<\/p>\n<p>Full publication information, lower margin: Atomov\u00fd Reaktor<strong>. <\/strong>Namaloval Ji\u0159\u00ed Havl\u00edn pod obdborn\u00fdm vedenim in\u017e. Jana T\u016fmy. Vydalo St\u00e1tni pedagogicke nakladatelstvi, n. p. Praha &#8211; 1959.\u00ad\u00ad<\/p>\n<p>Condition: Generally very good with the usual overall expected toning, handling, soft creases, wear for an educational chart.<\/p>\n<p>Reference:<\/p>\n<p>&#8220;Obrazy: Ji\u0159\u00ed Havl\u00edn.&#8221; 2018. https:\/\/https:\/\/obrazy-jiri-a-havlin.webnode.cz\/\/ (12 September 2018).<\/p>\n","protected":false},"excerpt":{"rendered":"<p>Ji\u0159\u00ed A. Havl\u00edn (act. 1940s-present) (after)<br \/>\nJana T\u016fmy (author and editor)<br \/>\nSvoboda, Prague-Smichov (printer)<br \/>\n<strong>Atomov\u00fd Reaktor [Atomic Reactor]<\/strong><br \/>\nState Educational Publishing House, Prague: 1959<br \/>\n26.25 x 37.75<br \/>\nColor-process print mounted on rollers<br \/>\n$1,200<\/p>\n<p>Educational poster of a nuclear reactor, created for classroom use by the State Educational Publishing House of Czechoslovakia in 1959 and mounted on rollers. A relatively early depiction of what was then emerging technology, the perspective drawing shows a cutaway view of the reactor and a worker in coveralls and hardhat standing beside it for scale. The poster is printed in shades of red, blue, black and cream. The parts of the reactor are numbered, and five inset diagrams arranged in a vertical row on the right depict related uses and principles of nuclear technology. A label on the back provides more detailed explanations and information. Credits on the label on the back of the poster state that it was approved by the Ministry of Education and Culture on December 11, 1958. The label also states it was part of &#8220;Thematic Group 32,&#8221; so presumably there was a series of posters to which it belonged. The poster artist, Ji\u0159\u00ed A. Havl\u00edn, as of 2018 was still active as an artist, painting and exhibiting colorful Expressionist landscapes.<\/p>\n<p>Product description continues below.<\/p>\n","protected":false},"featured_media":20889,"template":"","meta":{"wds_primary_product_brand":0,"wds_primary_product_cat":0,"footnotes":""},"product_brand":[],"product_cat":[957,1091],"product_tag":[7729,91,1529,55,7731,7730,6844,2813,7733,1673,7732,1311],"class_list":{"0":"post-20886","1":"product","2":"type-product","3":"status-publish","4":"has-post-thumbnail","6":"product_cat-chemistry-physics-math","7":"product_cat-posters","8":"product_tag-atomic","9":"product_tag-czech","10":"product_tag-diagram","11":"product_tag-educational","12":"product_tag-havlin","13":"product_tag-nuclear","14":"product_tag-physics","15":"product_tag-poster","16":"product_tag-power","17":"product_tag-print","18":"product_tag-reactor","19":"product_tag-science","20":"post","21":"post-with-thumbnail","22":"post-with-thumbnail-large","24":"first","25":"instock","26":"shipping-taxable","27":"purchasable","28":"product-type-simple"},"_links":{"self":[{"href":"https:\/\/www.georgeglazer.com\/wpmain\/wp-json\/wp\/v2\/product\/20886","targetHints":{"allow":["GET"]}}],"collection":[{"href":"https:\/\/www.georgeglazer.com\/wpmain\/wp-json\/wp\/v2\/product"}],"about":[{"href":"https:\/\/www.georgeglazer.com\/wpmain\/wp-json\/wp\/v2\/types\/product"}],"version-history":[{"count":0,"href":"https:\/\/www.georgeglazer.com\/wpmain\/wp-json\/wp\/v2\/product\/20886\/revisions"}],"wp:featuredmedia":[{"embeddable":true,"href":"https:\/\/www.georgeglazer.com\/wpmain\/wp-json\/wp\/v2\/media\/20889"}],"wp:attachment":[{"href":"https:\/\/www.georgeglazer.com\/wpmain\/wp-json\/wp\/v2\/media?parent=20886"}],"wp:term":[{"taxonomy":"product_brand","embeddable":true,"href":"https:\/\/www.georgeglazer.com\/wpmain\/wp-json\/wp\/v2\/product_brand?post=20886"},{"taxonomy":"product_cat","embeddable":true,"href":"https:\/\/www.georgeglazer.com\/wpmain\/wp-json\/wp\/v2\/product_cat?post=20886"},{"taxonomy":"product_tag","embeddable":true,"href":"https:\/\/www.georgeglazer.com\/wpmain\/wp-json\/wp\/v2\/product_tag?post=20886"}],"curies":[{"name":"wp","href":"https:\/\/api.w.org\/{rel}","templated":true}]}}