{"id":19327,"date":"2017-12-19T17:08:07","date_gmt":"2017-12-19T22:08:07","guid":{"rendered":"http:\/\/www.georgeglazer.com\/wpmain\/?post_type=product&#038;p=19327"},"modified":"2026-02-19T18:46:27","modified_gmt":"2026-02-19T23:46:27","slug":"botanical-art-fruit-citrus-volckamer-nuremberg-pair-framed-antique-prints-early-18th-century","status":"publish","type":"product","link":"https:\/\/www.georgeglazer.com\/wpmain\/product\/botanical-art-fruit-citrus-volckamer-nuremberg-pair-framed-antique-prints-early-18th-century\/","title":{"rendered":"Botanical, Art, Fruit, Citrus, Volckamer, Nuremberg, Pair Framed Antique Prints, Early 18th Century"},"content":{"rendered":"<p>In this period, it was fashionable among the aristocracy in Central Europe to grow plants native to the Mediterranean and the tropics, despite the cold winter climate. They built tall greenhouses to shelter the trees during the winter, and had the plants moved outdoors in the summer. Johann Christoph Volckamer was one such person &#8212; a wealthy Nuremberg silk merchant with a fine citrus greenhouse and garden. He engaged several artists and engravers to produce <strong><em>N\u00fcrnbergische Hesperides<\/em><\/strong>, a two-volume work featuring his collection. The first volume was published in 1708, and the continuation volume in 1714. Each consists of four parts on citrus fruits and one part devoted to other flowering plants or fruits. According to scholar Gordon Dunthorne, this was the first botanical set to focus almost solely on fruit.<\/p>\n<p>The prints follow a distinctive artistic format in which the fruit or flowers are displayed in monumental scale in bird\u2019s-eye views above landscapes of the formal gardens, palazzos and country houses where they were grown. Fruits are generally shown flying in the sky, though sometimes other compositions are employed, such as oversized plants towering over Lilliputian landscapes. A floating ribbon wrapped around each specimen bears its name. The gardens shown are in Germany, Austria and northern Italy, especially around Verona, and include Volckamer\u2019s garden, Gostenhof. These compositions are described by scholar Sandra Raphael as follows: &#8220;The fruit and gardens in most of the plates &#8211; spherical oranges, lemons, and citrons drifting like eccentric balloons above miniature landscapes &#8211; make pleasingly surreal compositions\u2026.\u201d<\/p>\n<p>Full Title:<strong> N\u00fcrnbergische Hesperides, oder gr\u00fcndliche Beschreibung der Edlen Citronat, Citronen und Pomerantzen-Fr\u00fcchte &#8230;Auf das accurateste in Kupffer gestochen, in Vier Theile eingetheilet und mit n\u00fctzlichen Anmerckungen erkl\u00e4ret. Beneben der Flora, oder Curiosen Vorstellung Verschiedener raren Blumen &#8230; Wie auch einem Bericht von denen in des Authoris Garten stehenden Columnis Milliaribus <\/strong><\/p>\n<p>[Nuremberg Hesperides, or thorough description of the noble citron and bitter orange fruits\u2026With the most accurate copperplate engravings, divided in four parts and with useful explanatory notes. Beneben of the Flora, or representation of different rare flowers\u2026as well as being a record of those in the author\u2019s garden, Columnis Milliaribus]<\/p>\n<p>Framed:\u00a0 Beautifully presented in hand painted frames, in black with gold detail, having a latticework quatrefoils and rosettes in the corners, the elaborate multilevel hand painted french mat with &#8220;Volckamer&#8221; title in lower center.<\/p>\n<p>Condition: Generally very good, the colors bright, the paper with the usual light overall toning, wear, soft creases. Frames very good with light wear.<\/p>\n<p>References:<\/p>\n<p>Blunt, Wilfred, rev. by Stearn, William T. <em>The Art of Botanical Illustration.<\/em> Woodbridge, Suffolk, England: Antique Collectors Club, 1994. p. 154.<\/p>\n<p>Dunthorne, Gordon. <em>Flower and Fruit Prints of the 18th and Early 19th Centuries. Their History, Makers and Uses, with a Catalogue Raisonne of the Works in Which They Are Found.<\/em> Washington, D.C.: Published by the Author, 1938. 323.<\/p>\n<p>Feldmann, Reinhard. <em>Bl\u00fcten und Bl\u00e4tter. Illustrierte Kr\u00e4uter- und Pflanzenb\u00fccher aus f\u00fcnf Jahrhunderten<\/em>. Muenster, Germany: 1996. 43.<\/p>\n<p>\u201cJohann Christoph Volkamer (Volckamer): N\u00fcrbergisches Hesperides oder gr\u00fcndliche Beschreibung.\u201d <em>Archbishop Chateau and Gardens in Kromeriz. <\/em>2002-2003. http:\/\/digi.azz.cz\/bookinfo.php?BookID=21&amp;lng=2 (4 March 2009).<\/p>\n<p>Lanckoronska, Maria and Richard \u00d6hler. <em>Buchillustration Des XVIII. Jahrhunderts in Deutschland, Osterreich Und Der Schweitz: Dritter Teil.<\/em> Leipzig: Die Spamer, 1934. l, 43.<\/p>\n<p><em>The Magnificent Botanical Library of the Stiftung fur Botanik, VaduzLiechtenstein Collected by the late Arpad Plesch.<\/em> London: Sotheby &amp; Co., 1975. 798.<\/p>\n<p>Nissen, Claus. <em>Die Botanische Buchillustration: ihre Geschichte und Bibliographie.<\/em> Stuttgart: 1951-66. 2076.<\/p>\n<p>Pritzel, Georg August. <em>Thesaurus Literaturae Botanicae Omnium Gentium.<\/em> Milan: 1950. 9848.<\/p>\n<p>Sitwell, Sacheverell. <em>Great Flower Books, 1700-1900.<\/em> New York: The Atlantic Monthly Press, 1990. p. 148.<\/p>\n<p>Raphael, Sandra. <em>An Oak Spring Pomona. A Selection of the Rare Books on Fruit in the OakSpringGarden Library.<\/em> Upperville, VA: Oak Spring Garden Library; New Haven: Distributed by Yale University Press, 1990. 73.<\/p>\n<p>Wimmer, Clemens Alexander and Iris Lauterbach. <em>Bibliographie der vor 1750 Erschienenen Deutschen Gartenb\u00fccher.<\/em> N\u00f6rdlingen: Alfons Uhl, 2003. pp. 12 and 196.<\/p>\n","protected":false},"excerpt":{"rendered":"<p>Johann Christoph Volckamer (1644-1720) (editor)<br \/>\nPaul Decker, B. Kenkel, I.C. Steinberger, Delsenbach, T.G. Beckh, Krieger, F.P. Lindner et al. (after)<br \/>\nL.C. Glotsch, J.C. Dehne, Montalegre, et al. (engravers)<br \/>\n<strong>Limon Cedrato 1699, In Hrn: Doct. Schobers garten, Plate 164a<br \/>\nAltri Cedrati dalla Bizaria 1700, Plate 172d<br \/>\n<\/strong>from <em><strong>N\u00fcrnbergische Hesperides<\/strong><\/em><br \/>\nJ.A. Endter Sohn und Erben, Nuremberg: 1708 and 1714<br \/>\nHand-colored engravings<br \/>\n12.5 x 8.25 inches each, platemark<br \/>\n14 x 9 inches each, overall<br \/>\n27 x 22 inches, framed<br \/>\nProvenance:\u00a0 Trowbridge Galleries, London, with their certificate, c. 1990s<br \/>\n$4,000, the pair in elaborate hand-decorated custom frames<\/p>\n<p><em>A large selection of <strong>unframed<\/strong> Volckamer citrus prints are also shown on our website.<\/em><\/p>\n<p>Pair of framed prints of citrus fruits; these are citrons cultivated in Europe in the late 17th and early 18th centuries. From a series that depicts lemons, limes, oranges, bergamots and grapefruits \u2013 both typical and exotic varieties and shapes \u2013 as well as some other non-citrus fruits such as pineapples, pomegranates, and coconuts.<\/p>\n<p>Product description continues below.<\/p>\n","protected":false},"featured_media":19332,"template":"","meta":{"wds_primary_product_brand":0,"wds_primary_product_cat":0,"footnotes":""},"product_brand":[],"product_cat":[983,6944,9071,6790,6783],"product_tag":[195,900,3269,3270,1512,3274,3276,3259,2116,701,2074,3271,1425,1521,3275,1887,2461,2117],"class_list":{"0":"post-19327","1":"product","2":"type-product","3":"status-publish","4":"has-post-thumbnail","6":"product_cat-natural-history-art","7":"product_cat-dining-room","8":"product_cat-framed-art","9":"product_cat-garden-room","10":"product_cat-tropical-decor","11":"product_tag-18th-century","12":"product_tag-botanical","13":"product_tag-christoph","14":"product_tag-citrus","15":"product_tag-engraving","16":"product_tag-etrog","17":"product_tag-exotic","18":"product_tag-fruit","19":"product_tag-hesperides","20":"product_tag-history","21":"product_tag-johann","22":"product_tag-lemon","23":"product_tag-natural","24":"product_tag-nuremberg","25":"product_tag-nurnbergische","26":"product_tag-study","27":"product_tag-tropical","28":"product_tag-volckamer","29":"post","30":"post-with-thumbnail","31":"post-with-thumbnail-large","33":"first","34":"instock","35":"purchasable","36":"product-type-simple"},"_links":{"self":[{"href":"https:\/\/www.georgeglazer.com\/wpmain\/wp-json\/wp\/v2\/product\/19327","targetHints":{"allow":["GET"]}}],"collection":[{"href":"https:\/\/www.georgeglazer.com\/wpmain\/wp-json\/wp\/v2\/product"}],"about":[{"href":"https:\/\/www.georgeglazer.com\/wpmain\/wp-json\/wp\/v2\/types\/product"}],"version-history":[{"count":4,"href":"https:\/\/www.georgeglazer.com\/wpmain\/wp-json\/wp\/v2\/product\/19327\/revisions"}],"predecessor-version":[{"id":45890,"href":"https:\/\/www.georgeglazer.com\/wpmain\/wp-json\/wp\/v2\/product\/19327\/revisions\/45890"}],"wp:featuredmedia":[{"embeddable":true,"href":"https:\/\/www.georgeglazer.com\/wpmain\/wp-json\/wp\/v2\/media\/19332"}],"wp:attachment":[{"href":"https:\/\/www.georgeglazer.com\/wpmain\/wp-json\/wp\/v2\/media?parent=19327"}],"wp:term":[{"taxonomy":"product_brand","embeddable":true,"href":"https:\/\/www.georgeglazer.com\/wpmain\/wp-json\/wp\/v2\/product_brand?post=19327"},{"taxonomy":"product_cat","embeddable":true,"href":"https:\/\/www.georgeglazer.com\/wpmain\/wp-json\/wp\/v2\/product_cat?post=19327"},{"taxonomy":"product_tag","embeddable":true,"href":"https:\/\/www.georgeglazer.com\/wpmain\/wp-json\/wp\/v2\/product_tag?post=19327"}],"curies":[{"name":"wp","href":"https:\/\/api.w.org\/{rel}","templated":true}]}}