{"id":14694,"date":"2017-03-10T14:59:58","date_gmt":"2017-03-10T19:59:58","guid":{"rendered":"http:\/\/www.georgeglazer.com\/wpmain\/?post_type=product&#038;p=14694"},"modified":"2025-10-19T19:00:31","modified_gmt":"2025-10-19T23:00:31","slug":"book-leather-binding-theater-comedie-francaise-various-works-antique-france","status":"publish","type":"product","link":"https:\/\/www.georgeglazer.com\/wpmain\/product\/book-leather-binding-theater-comedie-francaise-various-works-antique-france\/","title":{"rendered":"Book, Leather Binding, Theater, Comedie Francaise, Various Works, Antique, France"},"content":{"rendered":"<div>\n<p><strong>La Com\u00e9die Fran\u00e7aise 1680-1880<\/strong><br \/>\nArs\u00e8ne Houssaye (author)<br \/>\nLibrairie d&#8217;Art Ludovic Baschet, Paris: 1880<br \/>\n1\/4 brown leather binding with marbleized boards.<br \/>\n$450<\/p>\n<p>History of the Com\u00e9die Fran\u00e7aise, the French state theatre, published on the 200th anniversary of its founding. Handsomely printed on heavy paper and illustrated with 33 large photogravures by Goupil of &#8220;Soci\u00e9taires&#8221; (members of the troupe granted special status) from photographs in character, along with a number of smaller illustrations. Houssaye was a prominent French man of letters. Provenance: Estate of Sidney (\u201cPalmer\u201d) Edison.<\/p>\n<p>Condition, contents: Generally very good internally with the usual expected toning, handling, wear.<br \/>\nCondition, binding: Covers and bindings good. Hinges with some wear but still sound. Various abrasions, and wear to leather. Some light chipping to head and heel of spine.<\/p>\n<p><strong>Le Th\u00e9\u00e2tre Fran\u00e7ais Avant la Renaissance 1450 &#8211; 1550. Myst\u00e8res, Moralit\u00e9s et Farces<\/strong><br \/>\n<strong>French Theater Before the Renaissance, 1450-1550: Mysteries, Morals and Farces<\/strong><br \/>\nEdouard Fournier (author)<br \/>\nLaplace, Sanchez et Cie, Paris: 1872<br \/>\n1\/4 red leather binding with marbleized boards<br \/>\n$250<\/p>\n<p>Collection of late medieval French plays with brief commentaries by Edouard Fournier, a prolific author, editor and playwright, who also adapted early French plays for the 19th century stage. Provenance: Estate of Sidney (\u201cPalmer\u201d) Edison.<\/p>\n<p>Condition, contents: Generally very good internally with the usual expected toning, handling, wear.<br \/>\nCondition, binding: Covers and bindings good. Hinges with some wear but still sound. Various abrasions, and wear to leather. Some light chipping to head and heel of spine.<\/p>\n<p><strong>Floegels Geschichte des Grotesk-Komischen<\/strong><br \/>\n<strong>Floegel\u2019s History of Grotesque Comedy<\/strong><br \/>\nFriedrich W. Ebeling (editor)<br \/>\nH. Barsdorf, Leipzig: 1887<br \/>\n1\/4 red leather binding with marbleized boards<br \/>\n$125<\/p>\n<p>Description: Carl Friedrich Floegel first published his landmark study of farces and popular comic performances, such as medieval folk festivals, in 1788. In 1862, Friedrich W. Ebeling brought out an expanded edition, updated to the present, with additional text of his own. Ebeling&#8217;s revised edition had five printings. A notable feature of this book is a movable plate showing three puppets whose costumes can be changed by flipping parts of the picture. Provenance: Estate of Sidney (\u201cPalmer\u201d) Edison.<\/p>\n<p>Condition, contents: Generally very good internally with the usual expected toning, handling, wear.<br \/>\nCondition, binding: Covers and bindings good. Hinges with some wear but still sound. Various abrasions, and wear to leather. Some light chipping to head and heel of spine.<\/p>\n<p><strong>Princesses de Com\u00e9die et D\u00e9esses d&#8217;Op\u00e9ra<\/strong><br \/>\n<strong>The Princesses of Comedy and the Goddesses of Opera<\/strong><br \/>\nArs\u00e8ne Houssaye (author)<br \/>\nHenri Plon, Paris: 1860<br \/>\n1\/4 red leather binding with cloth boards<br \/>\n$125<\/p>\n<p>Description: Profiles of actresses and opera singers by a prominent French man of letters, published by Henri Plon, the Imperial publisher. Provenance: Estate of Sidney (\u201cPalmer\u201d) Edison.<\/p>\n<p>Condition, contents: Generally very good internally with the usual expected toning, handling, wear.<br \/>\nCondition, binding: Covers and bindings good. Hinges with some wear but still sound. Various abrasions, and wear to leather.<\/p>\n<p><strong>Galerie Historique des Com\u00e9diens de la Troupe de Nicolet \u2026 depuis 1760 jusqu&#8217;\u00e0 nos jours<\/strong><br \/>\n<strong>[Historical Gallery of the Comedians of the Nicolet Troupe \u2026 from 1760 to the Present Day]<\/strong><br \/>\nE.D. de Manne and C. M\u00e9n\u00e9trier (authors); Fr\u00e9d\u00e9ric Hillemacher, (illustrator)<br \/>\nN. Scheuring, Lyon: 1859<br \/>\n1\/4 calf leather binding with marbleized boards<br \/>\n$125<\/p>\n<p>This theatrical history discusses the actors and mimes of the troupe established in 1760 by Jean-Baptiste Nicolet (c. 1728-96), a French acrobat and entertainer, who specialized in lighthearted entertainments. Provenance: Estate of Sidney (\u201cPalmer\u201d) Edison.<\/p>\n<p>Condition, contents: Generally very good internally with the usual expected toning, handling, wear. Condition, binding: Covers and bindings good. Front hinges with some wear but still sound. Rear hinge cracked, rear cover still held fairly firmly on though stiff. Various abrasions, and wear to leather. Some light chipping to head and heel of spine.<\/p>\n<\/div>\n","protected":false},"excerpt":{"rendered":"<p><strong>[French and European Comedic Theatre]<\/strong><br \/>\n<strong>La Comedie Fran\u00e7aise 1680-1880<\/strong><br \/>\n<strong>Le Th\u00e9\u00e2tre Fran\u00e7ais avant la Renaissance 1450 &#8211; 1550. Myst\u00e8res, Moralit\u00e9s et Farces<\/strong><br \/>\n<strong>Princesses de Com\u00e9die et D\u00e9esses d&#8217;Op\u00e9ra <\/strong><br \/>\n<strong>Floegels Geschichte des Grotesk-Komischen<\/strong><br \/>\n<strong>Galerie Historique des Com\u00e9diens de la Troupe de Nicolet \u2026 depuis 1760 jusqu&#8217;\u00e0 nos jours<\/strong><br \/>\nVarious French and German publishers: 1859-80<br \/>\n1\/4 leather bindings with marbleized or cloth boards<br \/>\nProvenance: Estate of Sidney (\u201cPalmer\u201d) Edison<br \/>\n$125 to $450 each<\/p>\n<p>Interesting gathering of 19th century books on theater history, mainly covering the rich tradition of French comedic theater. One book, in German, is a general study of the comic and grotesque that includes theater. Some are illustrated.<\/p>\n<p>Product description continues below.<\/p>\n","protected":false},"featured_media":14705,"template":"","meta":{"wds_primary_product_brand":0,"wds_primary_product_cat":0,"footnotes":""},"product_brand":[],"product_cat":[1173,947],"product_tag":[42,479,3414,3415,2169,99,41,141,701,1859,1860],"class_list":{"0":"post-14694","1":"product","2":"type-product","3":"status-publish","4":"has-post-thumbnail","6":"product_cat-books","7":"product_cat-music-performing-arts","8":"product_tag-19th-century","9":"product_tag-book","10":"product_tag-comedic","11":"product_tag-comedie","12":"product_tag-comedy","13":"product_tag-european","14":"product_tag-french","15":"product_tag-german","16":"product_tag-history","17":"product_tag-theater","18":"product_tag-theatre","19":"post","20":"post-with-thumbnail","21":"post-with-thumbnail-large","23":"first","24":"instock","25":"product-type-simple"},"_links":{"self":[{"href":"https:\/\/www.georgeglazer.com\/wpmain\/wp-json\/wp\/v2\/product\/14694","targetHints":{"allow":["GET"]}}],"collection":[{"href":"https:\/\/www.georgeglazer.com\/wpmain\/wp-json\/wp\/v2\/product"}],"about":[{"href":"https:\/\/www.georgeglazer.com\/wpmain\/wp-json\/wp\/v2\/types\/product"}],"version-history":[{"count":3,"href":"https:\/\/www.georgeglazer.com\/wpmain\/wp-json\/wp\/v2\/product\/14694\/revisions"}],"predecessor-version":[{"id":45073,"href":"https:\/\/www.georgeglazer.com\/wpmain\/wp-json\/wp\/v2\/product\/14694\/revisions\/45073"}],"wp:featuredmedia":[{"embeddable":true,"href":"https:\/\/www.georgeglazer.com\/wpmain\/wp-json\/wp\/v2\/media\/14705"}],"wp:attachment":[{"href":"https:\/\/www.georgeglazer.com\/wpmain\/wp-json\/wp\/v2\/media?parent=14694"}],"wp:term":[{"taxonomy":"product_brand","embeddable":true,"href":"https:\/\/www.georgeglazer.com\/wpmain\/wp-json\/wp\/v2\/product_brand?post=14694"},{"taxonomy":"product_cat","embeddable":true,"href":"https:\/\/www.georgeglazer.com\/wpmain\/wp-json\/wp\/v2\/product_cat?post=14694"},{"taxonomy":"product_tag","embeddable":true,"href":"https:\/\/www.georgeglazer.com\/wpmain\/wp-json\/wp\/v2\/product_tag?post=14694"}],"curies":[{"name":"wp","href":"https:\/\/api.w.org\/{rel}","templated":true}]}}