{"id":13703,"date":"2017-03-06T13:51:29","date_gmt":"2017-03-06T18:51:29","guid":{"rendered":"http:\/\/www.georgeglazer.com\/wpmain\/?post_type=product&#038;p=13703"},"modified":"2017-12-01T16:19:52","modified_gmt":"2017-12-01T21:19:52","slug":"art-nouveau-butterfly-prints-from-papillons-e-a-seguy-mid-1920s","status":"publish","type":"product","link":"https:\/\/www.georgeglazer.com\/wpmain\/product\/art-nouveau-butterfly-prints-from-papillons-e-a-seguy-mid-1920s\/","title":{"rendered":"Design Art, Natural History, Seguy Butterflies, Papillons, Art Nouveau, French Antique Pochoir Prints, Mid 1920s"},"content":{"rendered":"<div>\n<p>In his foreword to <strong>Papillons<\/strong>, S\u00e9guy describes the prints as &#8220;un monde somptueux de formes et de couleurs&#8221; &#8212; a world of sumptuous forms and colors. He explains that they are intended to provide a record of rare, exotic specimens from museums and private collections, within an aesthetic context, thereby making them more widely accessible as inspiration for decorative arts designers. Nonetheless, S\u00e9guy based his images of butterflies and insects on illustrations in scientific publications, thereby maintaining scientific accuracy. They were enlarged up to 10 to 15 times to reveal intricacies of their design not visible without magnification. Also included with the set was a <strong>Table Des Noms Scientifiques [Table of Scientific Names]<\/strong>, providing the technical species and genus names as well as the countries or regions of habitat for the species shown in Plates 1 through 16.<\/p>\n<p>\u00c9mile-Alain S\u00e9guy produced eleven albums of illustrations and designs from the turn of the century to the 1930s, and his style reflected the influences of both Art Nouveau and Art Deco. His various color portfolios of visual ideas for artists and designers often featured motifs based on the natural world, including flowers, foliage, crystals and animals. Although his compositions were design oriented, he made the depictions scientifically accurate. His later works showed an increased interest in geometric and cubist designs. The prints in the portfolios were produced using the pochoir technique characterized by rich, intense color. This printing process, utilized in the early 20th century for high quality prints, involved applying colors to each plate with a number of stencils. S\u00e9guy\u2019s works include <strong>Les Fleurs et Leurs Applications Decoratives<\/strong> (1900), <strong>Samarkande \u2013 20 Compositions en Couleurs dans le Style Oriental <\/strong>(1914), <strong>Floreal<\/strong> (1920), <strong>Papillons<\/strong> (1924), <strong>Insectes<\/strong> (1924), <strong>Primavera &#8211;Dessins et Coloris Nouveaux<\/strong> (1929), <strong>Suggestions<\/strong> (1930), and <strong>Prismes &#8211; 40 Planches de Dessins et Coloris Nouveaux<\/strong> (1931).<\/p>\n<p>The scholarly consensus is that E.A. S\u00e9guy\u2019s full name was \u00c9mile-Alain S\u00e9guy and he lived from 1877 to 1945. Nonetheless, in some sources he is referred to as Eug\u00e8ne-Alain rather than \u00c9mile-Alain. This was probably in mistaken reference to Eug\u00e8ne-Alain S\u00e9guy (1890-1985), a professor in entomology at Le Mus\u00e9um National d&#8217;Histoire Naturelle in Paris. The Union List of Artist Names maintained by the Getty Research Institute lists the preferred name and spelling as &#8220;E.A. S\u00e9guy.&#8221;<\/p>\n<p>Collections of prints like these provided source material for designers of fabrics, wallpaper, ceramics, book illustrations, posters, and advertisements, and were popular in the late 19th and early 20th century. The leading Victorian publication of this type was Owen Jones\u2019s <strong>Grammar of Ornament<\/strong>, first issued in a folio edition in London in 1856. Other trendsetting styles in art, design, decoration and fashion in the second half of the 19th century, and early 20th century, came from Paris, Austria, Switzerland, and Germany, and many such print collections were published there, including designs by Eugene Alain S\u00e9guy, \u00c9mile Belet, Ernst Haeckel, Ars\u00e8ne Herbinier, and Anton Seder, and publications by Armand Gu\u00e9rinet. Some prints were separately issued to be framed and used as decoration in their own right, though were still known in the trade to be used for design inspiration, such as works by \u00c9mile Vouga and Christine Klein. Generally the works were printed in rich colors with chromolithography. Other print techniques frequently employed include pochoir (c. 1920s, with brilliant colors), hand-colored lithographs, heliotypes, etc. <em>To search our site for more Art Nouveau designs by such artists please type \u201cArt Nouveau\u201d or \u201cdecorative arts designs\u201d into our <\/em><a href=\"\/\/www.georgeglazer.com\/search.html\"><em>search engine<\/em><\/a>.<\/p>\n<p>Editions Duchartre et Van Buggenhoudt was a publisher located at 15 Rue Ernest-Cresson, Paris. The series also was published by Tolmer Editeur, 13 Quai d\u2019Danjou, Paris.<\/p>\n<p>Condition: Generally very good, the colors overall very bright. Usual toning, handling, and slight brittleness of paper. Some paper tones vary. Some minor general soiling, stray printer&#8217;s ink, smudges. Some edges with minor chipping, short tears, bent or creased corners, now restored and can be matted out when framed. Please inquire as to specific condition of any print under consideration.<\/p>\n<p>References:<\/p>\n<p>Breidbach, Olaf, Iren\u00e4us Eibl-Eibesfeldt and Richard Hartmann. <em>Art Forms in Nature: The Prints of Ernst Haeckel.<\/em> New York: Prestel, 1998.<\/p>\n<p>Nissen, Claus. <em>Die Zoologische Buchillustration: ihre Bibliographie und Geschichte.<\/em> Stuttgart: 1969-78. 3798.<\/p>\n<p>Sear, Dexter. &#8220;E.A. S\u00e9guy Exhibition: 20 January &#8211; 21 March, 2003.&#8221; Lancaster University Library. 18 February 2003. http:\/\/domino.lancs.ac.uk\/INFO\/LUNews.nsf\/I\/00001C1E (11 July 2003).<\/p>\n<\/div>\n","protected":false},"excerpt":{"rendered":"<p>E.A. [\u00c9mile-Alain] S\u00e9guy (1877-1945) (after)<br \/>\n<strong>Butterfly Prints<\/strong><br \/>\nfrom <em><strong>Papillons<\/strong><\/em><br \/>\nEditions Duchartre et Van Buggenhoudt, Paris: Mid 1920s<br \/>\nPochoir prints<br \/>\n17.5 x 12.5 inches each<br \/>\n<a href=\"mailto:worldglobe@georgeglazer.com\">Prices on Request<\/a><\/p>\n<p><em>Note: All 20 from the complete set are shown here. Our stock is constantly changing.<br \/>\n<a href=\"mailto:worldglobe@georgeglazer.com\">Please inquire<\/a> as to current selection.<\/em> To see other S\u00e9guy prints on our site, search our site.<\/p>\n<p>Brilliantly and boldly colored butterflies from around the world are shown in interesting arrangements in pochoir prints from a set of 20 by the French designer and author \u00c9mile-Alain S\u00e9guy, generally known as E.A. S\u00e9guy. Plates 1 to 16 show large specimens in colorful arrangements, often overlapping, emphasizing colors, and patterns and shapes of wings and wing veins. Plates 17 through 20 are composite uses of butterfly patterns, in geometric boxes, like fabric or wallpaper designs. <strong>Papillons<\/strong> and a related volume, <strong>Insectes<\/strong> were both first published in 1924, and both followed the format of 16 plates of specimens followed by four of decorative designs.<\/p>\n<p>Product description continues below.<\/p>\n","protected":false},"featured_media":13664,"template":"","meta":{"wds_primary_product_brand":0,"wds_primary_product_cat":0,"footnotes":""},"product_brand":[],"product_cat":[950,966],"product_tag":[843,3249,3252,3250,3248,3243,701,2975,1425,3251,3244],"class_list":{"0":"post-13703","1":"product","2":"type-product","3":"status-publish","4":"has-post-thumbnail","6":"product_cat-design","7":"product_cat-insects","8":"product_tag-art-deco","9":"product_tag-buggenhoudt","10":"product_tag-butterflies","11":"product_tag-butterfly","12":"product_tag-duchartre","13":"product_tag-emile-alain","14":"product_tag-history","15":"product_tag-insects","16":"product_tag-natural","17":"product_tag-papillons","18":"product_tag-seguy","19":"post","20":"post-with-thumbnail","21":"post-with-thumbnail-large","23":"first","24":"instock","25":"product-type-simple"},"_links":{"self":[{"href":"https:\/\/www.georgeglazer.com\/wpmain\/wp-json\/wp\/v2\/product\/13703","targetHints":{"allow":["GET"]}}],"collection":[{"href":"https:\/\/www.georgeglazer.com\/wpmain\/wp-json\/wp\/v2\/product"}],"about":[{"href":"https:\/\/www.georgeglazer.com\/wpmain\/wp-json\/wp\/v2\/types\/product"}],"version-history":[{"count":1,"href":"https:\/\/www.georgeglazer.com\/wpmain\/wp-json\/wp\/v2\/product\/13703\/revisions"}],"predecessor-version":[{"id":16930,"href":"https:\/\/www.georgeglazer.com\/wpmain\/wp-json\/wp\/v2\/product\/13703\/revisions\/16930"}],"wp:featuredmedia":[{"embeddable":true,"href":"https:\/\/www.georgeglazer.com\/wpmain\/wp-json\/wp\/v2\/media\/13664"}],"wp:attachment":[{"href":"https:\/\/www.georgeglazer.com\/wpmain\/wp-json\/wp\/v2\/media?parent=13703"}],"wp:term":[{"taxonomy":"product_brand","embeddable":true,"href":"https:\/\/www.georgeglazer.com\/wpmain\/wp-json\/wp\/v2\/product_brand?post=13703"},{"taxonomy":"product_cat","embeddable":true,"href":"https:\/\/www.georgeglazer.com\/wpmain\/wp-json\/wp\/v2\/product_cat?post=13703"},{"taxonomy":"product_tag","embeddable":true,"href":"https:\/\/www.georgeglazer.com\/wpmain\/wp-json\/wp\/v2\/product_tag?post=13703"}],"curies":[{"name":"wp","href":"https:\/\/api.w.org\/{rel}","templated":true}]}}