{"id":13477,"date":"2017-02-28T20:06:27","date_gmt":"2017-03-01T01:06:27","guid":{"rendered":"http:\/\/www.georgeglazer.com\/wpmain\/?post_type=product&#038;p=13477"},"modified":"2017-12-14T16:05:11","modified_gmt":"2017-12-14T21:05:11","slug":"sea-life-studies-from-diderot-and-alemberts-encyclopedie","status":"publish","type":"product","link":"https:\/\/www.georgeglazer.com\/wpmain\/product\/sea-life-studies-from-diderot-and-alemberts-encyclopedie\/","title":{"rendered":"Natural History Art, Marine Life, Diderot &#038; Alembert\u2019s Encyclopedie, 18th C, Antique Print"},"content":{"rendered":"<div>\n<p>A series of natural history studies of a variety of seashells, coral, sea anemones, starfish, crabs, and other deep sea life, arranged against white backgrounds. They combine scientific observation and aesthetic appreciation of the lively interplay of the natural colors, textures, and shapes of the specimens.<\/p>\n<p>Diderot&#8217;s <strong>Encyclop\u00e9die, <\/strong>a landmark, profusely illustrated work of the French Enlightenment, contained 72,000 articles written by more than 140 contributors on the arts and sciences. The entire encyclopedia was published between 1751 and 1772 and ultimately comprised 17 volumes of text, accompanied by 11 volumes of illustrative engravings. The subjects included areas of scientific inquiry such as anatomy, geology, and mineralogy, and of technology, including architecture, fireworks, agricultural and maritime equipment, surgery and the tools and methods of artisans and various professions. The sealife prints are from the volume devoted to \u201cthe three realms of natural history\u201d &#8212; animals, plants and minerals. \u201cThe impact of the <strong>Encyclop\u00e9die<\/strong> was enormous. Through its attempt to classify learning and to open all domains of human activity to its readers, the <strong>Encyclop\u00e9die<\/strong> gave expression to many of the most important intellectual and social developments of its time.\u201d (ARTFL Project)<\/p>\n<p>Francois Nicolas Martinet was a French engraver and draughtsman. In 1756, he was working for the court of France as Graveur du Cabinet du Roi, under the auspices of the Menus Plaisirs du Roi, making engravings after drawings by others of such subjects as the May Ball at Versailles during the Carnival of 1763. In the same period, Martinet produced illustrations for plays or comic operas by such contemporaries as Marmontel, Voltaire and Philidor. Some of these he engraved himself, while others were drawn by him but engraved by his sister Th\u00e9r\u00e8se Martinet (born c. 1731). He is best known for his engravings of birds for Comte de Buffon&#8217;s, <strong>Histoire Naturelle Des Oiseaux<\/strong> published in Paris from 1770-86. In 1768, a comprehensive group of natural history studies drafted by Martinet, and engraved by Robert B\u00e9nard were included in the natural history volume of Diderot and Alembert\u2019s <strong>Encyclop\u00e9die.<\/strong> Martinet also drew and engraved portraits, landscapes and genre scenes.<\/p>\n<p>Robert B\u00e9nard is said to have contributed at least 1,800 engravings to Diderot and Alembert\u2019s <strong>Encyclop\u00e9die<\/strong>, credited variously as either engraver (<em>sculp<\/em>) or director of the printmaking workshop (<em>direxit<\/em>). He also worked on the plates for Cook\u2019s travel journeys and wrote a monograph on silk for <strong>Description des arts<\/strong>.<\/p>\n<p>Condition: Each generally very good with the usual overall light toning and wear.<\/p>\n<p>References:<\/p>\n<p>\u201cEncyclop\u00e9die ou Dictionnaire raisonn\u00e9 des sciences, des arts et des m\u00e9tiers.&#8221; <em>ARTFL Project, University of Chicago.<\/em> May 2007. http:\/\/www.lib.uchicago.edu\/efts\/ARTFL\/projects\/encyc\/ (7 March 2008).<\/p>\n<p>Werner, Stephen. <em>Blueprint: A Study of Diderot and the Encyclop\u00e9die Plates.<\/em> Birmingham, AL: Summa Publications, 1993. p. 17.<\/p>\n<\/div>\n","protected":false},"excerpt":{"rendered":"<p>Denis Diderot (1713-84) and Jean Le Rond d&#8217;Alembert (editors)<br \/>\nFrancois Nicolas Martinet (c. 1725 &#8211; c. 1804) (after)<br \/>\nRobert B\u00e9nard (b. 1734) (engraver)<br \/>\n<strong>Shell and Coral Studies<\/strong><br \/>\nfrom <em><strong>Encyclop\u00e9die ou Dictionnaire raisonn\u00e9 des sciences, des arts et des m\u00e9tiers, par une Soci\u00e9t\u00e9 de Gens de lettres &#8212; Recueil de Planches sur les Sciences, les Arts Lib\u00e9raux, et les Arts M\u00e9chaniques, avec leur Explication<br \/>\n[Encyclopedia or Annotated Dictionary &#8212; Collection of Plates on the Sciences, Liberal Arts and Mechanical Arts, with Their Explanations]<\/strong><\/em><br \/>\nChez Briasson, David, Le Breton &amp; Durand, Paris: 1768<br \/>\nHand-colored engravings<br \/>\n14 x 9 inches, platemark, average approximate<br \/>\n15.25 x 10 inches each, overall<br \/>\n$250 to $550 each<\/p>\n<p>Product Description Continues Below<\/p>\n","protected":false},"featured_media":13471,"template":"","meta":{"wds_primary_product_brand":0,"wds_primary_product_cat":0,"footnotes":""},"product_brand":[],"product_cat":[902],"product_tag":[3189,1396,2732,3173,3185,3187,3183,701,2392,1003,3175,1425,269,1426,3177,3179,3181],"class_list":{"0":"post-13477","1":"product","2":"type-product","3":"status-publish","4":"has-post-thumbnail","6":"product_cat-marine","7":"product_tag-alembert","8":"product_tag-coral","9":"product_tag-crab","10":"product_tag-diderot","11":"product_tag-encyclopedia","12":"product_tag-encyclopedie","13":"product_tag-fan","14":"product_tag-history","15":"product_tag-life","16":"product_tag-marine","17":"product_tag-martinet","18":"product_tag-natural","19":"product_tag-ocean","20":"product_tag-sea","21":"product_tag-shell","22":"product_tag-starfish","23":"product_tag-urchin","24":"post","25":"post-with-thumbnail","26":"post-with-thumbnail-large","28":"first","29":"instock","30":"product-type-simple"},"_links":{"self":[{"href":"https:\/\/www.georgeglazer.com\/wpmain\/wp-json\/wp\/v2\/product\/13477","targetHints":{"allow":["GET"]}}],"collection":[{"href":"https:\/\/www.georgeglazer.com\/wpmain\/wp-json\/wp\/v2\/product"}],"about":[{"href":"https:\/\/www.georgeglazer.com\/wpmain\/wp-json\/wp\/v2\/types\/product"}],"version-history":[{"count":1,"href":"https:\/\/www.georgeglazer.com\/wpmain\/wp-json\/wp\/v2\/product\/13477\/revisions"}],"predecessor-version":[{"id":13567,"href":"https:\/\/www.georgeglazer.com\/wpmain\/wp-json\/wp\/v2\/product\/13477\/revisions\/13567"}],"wp:featuredmedia":[{"embeddable":true,"href":"https:\/\/www.georgeglazer.com\/wpmain\/wp-json\/wp\/v2\/media\/13471"}],"wp:attachment":[{"href":"https:\/\/www.georgeglazer.com\/wpmain\/wp-json\/wp\/v2\/media?parent=13477"}],"wp:term":[{"taxonomy":"product_brand","embeddable":true,"href":"https:\/\/www.georgeglazer.com\/wpmain\/wp-json\/wp\/v2\/product_brand?post=13477"},{"taxonomy":"product_cat","embeddable":true,"href":"https:\/\/www.georgeglazer.com\/wpmain\/wp-json\/wp\/v2\/product_cat?post=13477"},{"taxonomy":"product_tag","embeddable":true,"href":"https:\/\/www.georgeglazer.com\/wpmain\/wp-json\/wp\/v2\/product_tag?post=13477"}],"curies":[{"name":"wp","href":"https:\/\/api.w.org\/{rel}","templated":true}]}}