{"id":11681,"date":"2017-02-16T16:52:21","date_gmt":"2017-02-16T21:52:21","guid":{"rendered":"http:\/\/www.georgeglazer.com\/wpmain\/?post_type=product&#038;p=11681"},"modified":"2025-06-17T02:23:48","modified_gmt":"2025-06-17T06:23:48","slug":"view-of-jalapa-mexico-carlos-nebel-c-1836-39","status":"publish","type":"product","link":"https:\/\/www.georgeglazer.com\/wpmain\/product\/view-of-jalapa-mexico-carlos-nebel-c-1836-39\/","title":{"rendered":"View, Mexico, Jalapa, Carlos Nebel, Antique Print, 1836-39"},"content":{"rendered":"<div>\n<p>Carlos Nebel was a German-born designer and artist known for his drawings of Mexican landscapes and architecture, as well as his contributions to nineteenth-century Latin American <em>costumbrismo, <\/em>the literature of customs and manners. One of the early European visitors to the archaeological site of El Taj\u00edn, he traveled to Mexico between 1829 and 1834, recording ancient ruins. He published an account accompanied by 50 hand-colored lithographs in the illustrated book <strong>Viaje pintoresco y arqueol\u00f3gico sobre la parte m\u00e1s interesante de la Rep\u00fablica Mejicana [Picturesque and archeological voyage over the most intriguing part of the Mexican Republic] <\/strong>(c. 1836-39). His style was a combination of documentary accuracy and poetic idealization. Nebel died in Paris.<\/p>\n<p>Emile Lassalle was a French lithographer and painter of portraits and genre subjects. He exhibited in the Salons between 1834 and 1869. He made engravings after Ingres and other artists.<\/p>\n<p>Complete copies of <strong>Picturesque and archeological voyage over the most intriguing part of the Mexican Republic <\/strong>are very rare.<\/p>\n<p>Condition: Generally very good with the usual light overall toning and soft creases in margins. Faint evidence of matburn can be rematted out. Professional backed by supporting sheet.<\/p>\n<p>Reference:<\/p>\n<p>B\u00e9n\u00e9zit, E. <em>Dictionnaire critique et documentaire des Peintres, Sculpteurs, Dessinateurs et Graveurs. <\/em>France: Librairie Gr\u00fcnd, 1966. (Nebel, vol. 6 and Lassalle, vol. 5)<\/p>\n<p>Palau 188866<\/p>\n<\/div>\n","protected":false},"excerpt":{"rendered":"<p>Carlos [Carl] Nebel (1805-1855) (after)<br \/>\nEmile Lassalle (1813-1871) (lithographer)<br \/>\n<strong>Vista De Jalapa <\/strong><br \/>\nFrom <strong><em>Picturesque and archeological voyage over the most intriguing part<br \/>\nof the Mexican Republic<\/em><\/strong><br \/>\nLemercier, Paris: c. 1836-39<br \/>\nHand-colored lithograph<br \/>\n13 x 17.25 inches, overall<br \/>\n9.5 x 13.25 inches, image size within border<br \/>\n$750<\/p>\n<p>View of Jalapa, Mexico, from the surrounding hills, with a hiker approaching in the lower right. Xalapa also known as Jalapa, and\u00a0 officially Xalapa-Enr\u00edquez is the <em>capital city of the Mexican state of Veracruz<\/em> and the name of the surrounding municipality.<\/p>\n<p>Product Description Continues Below<\/p>\n","protected":false},"featured_media":43797,"template":"","meta":{"wds_primary_product_brand":0,"wds_primary_product_cat":0,"footnotes":""},"product_brand":[],"product_cat":[924,6768,8593,922],"product_tag":[42,3812,41,3811,868,867,3741,613,3813,3659,3814,709,2933,3537],"class_list":{"0":"post-11681","1":"product","2":"type-product","3":"status-publish","4":"has-post-thumbnail","6":"product_cat-landscapes-vistas","7":"product_cat-south-central-america-maps","8":"product_cat-travel-exploration","9":"product_cat-cityscapes","10":"product_tag-19th-century","11":"product_tag-carlos","12":"product_tag-french","13":"product_tag-jalapa","14":"product_tag-landscape","15":"product_tag-lithograph","16":"product_tag-mexican","17":"product_tag-mexico","18":"product_tag-nebel","19":"product_tag-picturesque","20":"product_tag-republic","21":"product_tag-view","22":"product_tag-vista","23":"product_tag-voyage","24":"post","25":"post-with-thumbnail","26":"post-with-thumbnail-large","28":"first","29":"instock","30":"purchasable","31":"product-type-simple"},"_links":{"self":[{"href":"https:\/\/www.georgeglazer.com\/wpmain\/wp-json\/wp\/v2\/product\/11681","targetHints":{"allow":["GET"]}}],"collection":[{"href":"https:\/\/www.georgeglazer.com\/wpmain\/wp-json\/wp\/v2\/product"}],"about":[{"href":"https:\/\/www.georgeglazer.com\/wpmain\/wp-json\/wp\/v2\/types\/product"}],"version-history":[{"count":5,"href":"https:\/\/www.georgeglazer.com\/wpmain\/wp-json\/wp\/v2\/product\/11681\/revisions"}],"predecessor-version":[{"id":44259,"href":"https:\/\/www.georgeglazer.com\/wpmain\/wp-json\/wp\/v2\/product\/11681\/revisions\/44259"}],"wp:featuredmedia":[{"embeddable":true,"href":"https:\/\/www.georgeglazer.com\/wpmain\/wp-json\/wp\/v2\/media\/43797"}],"wp:attachment":[{"href":"https:\/\/www.georgeglazer.com\/wpmain\/wp-json\/wp\/v2\/media?parent=11681"}],"wp:term":[{"taxonomy":"product_brand","embeddable":true,"href":"https:\/\/www.georgeglazer.com\/wpmain\/wp-json\/wp\/v2\/product_brand?post=11681"},{"taxonomy":"product_cat","embeddable":true,"href":"https:\/\/www.georgeglazer.com\/wpmain\/wp-json\/wp\/v2\/product_cat?post=11681"},{"taxonomy":"product_tag","embeddable":true,"href":"https:\/\/www.georgeglazer.com\/wpmain\/wp-json\/wp\/v2\/product_tag?post=11681"}],"curies":[{"name":"wp","href":"https:\/\/api.w.org\/{rel}","templated":true}]}}