{"id":10891,"date":"2017-02-16T16:22:19","date_gmt":"2017-02-16T21:22:19","guid":{"rendered":"http:\/\/www.georgeglazer.com\/wpmain\/?post_type=product&#038;p=10891"},"modified":"2020-08-05T04:47:27","modified_gmt":"2020-08-05T08:47:27","slug":"maritime-art-french-steam-vessels-antique-print-1845","status":"publish","type":"product","link":"https:\/\/www.georgeglazer.com\/wpmain\/product\/maritime-art-french-steam-vessels-antique-print-1845\/","title":{"rendered":"Maritime Art, French, Steam Vessels, Antique Print, 1845"},"content":{"rendered":"<p>Jean Baptiste Henri Durand-Brager was a French painter and photographer specializing in maritime subjects and naval battles. He was trained in the studio of Eug\u00e8ne Isabey. An adventurous spirit, he traveled throughout Europe, North Africa and almost the entire Atlantic coast of Africa. In 1840, he was attached to the expedition charged with returning Napoleon&#8217;s ashes to France, and published a folio about the mission. In 1844, Durand-Brager was commissioned by the government to execute two large canvases of the Bombardment of Mogador during the First French-Moroccan War. He later completed major commissions of other battle scenes, <strong>Le Combat de Sinope<\/strong> for the Russian czar and <strong>La Bataille de Lissa<\/strong> for the Austrian emperor. His painting <strong>Le Deuxi\u00e8me Combat entre les Batteries Japonaises et les Escadres Alli\u00e9es<\/strong> (1869) was painted for Versailles. He also published several albums of prints: <strong>La Marine Fran\u00e7aise, La Marine du Commerce, Etudes de Marine<\/strong> and <strong>Types et Physionomie des Arm\u00e9es d&#8217;Orient<\/strong>. Durand-Brager was made a chevalier of the Legion of Honor in 1844 and became an officer in 1865. His works are in many British and French museum collections today, notably Versailles, which has several paintings from a series he made on the Siege of Sebastopol.<\/p>\n<p>Full publication information: &#8220;Imp. par Lemercier, \u00e0 Paris. Paris, publi\u00e9 par Jeannin, Place du Louvre, 20. London &#8211; Anaglyphic Company, 25 Berners St. Oxford St. P&#8217;d January 31 1845.&#8221;<\/p>\n<p>Condition: Generally very good with the usual overall light toning, wear, handling, soft creases. Colors bright.<\/p>\n<p>References:<\/p>\n<p>B\u00e9n\u00e9zit, E. <em>Dictionnaire critique et documentaire des Peintres, Sculpteurs, Dessinateurs et Graveurs.<\/em> France: Librairie Gr\u00fcnd, 1966. Vol. 3, p. 436.<\/p>\n<p>&#8220;PAH8200 Corvettes a Vapeur endivisionees forcant une passe.&#8221; <em>National Maritime Museum.<\/em> http:\/\/www.nmm.ac.uk\/collections\/prints\/viewPrint.cfm?ID=PAH8200 (6 October 2011).<\/p>\n","protected":false},"excerpt":{"rendered":"<p>Jean Baptiste Henri Durand-Brager (1814-1879) (after)<br \/>\nDe Laplante and Jean Baptiste Henri Durand-Brager (lithographers)<br \/>\nLemercier (printer)<br \/>\n<strong>Corvettes \u00e0 Vapeur, Endivisionn\u00e9es; For\u00e7ant une Passe<br \/>\n[French Steam Vessels Forcing a Pass]<\/strong><br \/>\nAnaglyphic Company, London and Jeannin, Paris: January 31, 1845<br \/>\nHand-colored lithograph<br \/>\n11.75 x 19.25 inches, image<br \/>\n17 x 24.25 inches, overall<br \/>\n$550<\/p>\n<p>Maritime scene of French steamboats \u201cforcing a pass\u201d around clipper ships. In the picturesque scene, steam pours from the steamboat stacks and blends into the waves and sea mist, with a mountain in the distance. The transition from sail to steam in shipping was a frequent theme in mid 19th century maritime art, often illustrated, as here, by showing steamships steering past the clippers. This lithograph was co-published by a British and a French firm. Another copy of this print is in the collection of Britain&#8217;s National Maritime Museum.<\/p>\n<p>Product Description Continues Below<\/p>\n","protected":false},"featured_media":10893,"template":"","meta":{"wds_primary_product_brand":0,"wds_primary_product_cat":0,"footnotes":""},"product_brand":[],"product_cat":[6813,901],"product_tag":[42,4137,4139,4140,4138,4142,4143,4146,41,1179,1869,867,1003,501,1004,3911,4144,4014,4141,4145],"class_list":{"0":"post-10891","1":"product","2":"type-product","3":"status-publish","4":"has-post-thumbnail","6":"product_cat-maritime-history","7":"product_cat-military","8":"product_tag-19th-century","9":"product_tag-baptiste","10":"product_tag-brager","11":"product_tag-corvettes","12":"product_tag-durand","13":"product_tag-endivisionnees","14":"product_tag-forcant","15":"product_tag-forcing","16":"product_tag-french","17":"product_tag-henri","18":"product_tag-jean","19":"product_tag-lithograph","20":"product_tag-marine","21":"product_tag-maritime","22":"product_tag-nautical","23":"product_tag-pass","24":"product_tag-passe","25":"product_tag-steam","26":"product_tag-vapeur","27":"product_tag-vessels","28":"post","29":"post-with-thumbnail","30":"post-with-thumbnail-large","32":"first","33":"instock","34":"purchasable","35":"product-type-simple"},"_links":{"self":[{"href":"https:\/\/www.georgeglazer.com\/wpmain\/wp-json\/wp\/v2\/product\/10891","targetHints":{"allow":["GET"]}}],"collection":[{"href":"https:\/\/www.georgeglazer.com\/wpmain\/wp-json\/wp\/v2\/product"}],"about":[{"href":"https:\/\/www.georgeglazer.com\/wpmain\/wp-json\/wp\/v2\/types\/product"}],"version-history":[{"count":1,"href":"https:\/\/www.georgeglazer.com\/wpmain\/wp-json\/wp\/v2\/product\/10891\/revisions"}],"predecessor-version":[{"id":17261,"href":"https:\/\/www.georgeglazer.com\/wpmain\/wp-json\/wp\/v2\/product\/10891\/revisions\/17261"}],"wp:featuredmedia":[{"embeddable":true,"href":"https:\/\/www.georgeglazer.com\/wpmain\/wp-json\/wp\/v2\/media\/10893"}],"wp:attachment":[{"href":"https:\/\/www.georgeglazer.com\/wpmain\/wp-json\/wp\/v2\/media?parent=10891"}],"wp:term":[{"taxonomy":"product_brand","embeddable":true,"href":"https:\/\/www.georgeglazer.com\/wpmain\/wp-json\/wp\/v2\/product_brand?post=10891"},{"taxonomy":"product_cat","embeddable":true,"href":"https:\/\/www.georgeglazer.com\/wpmain\/wp-json\/wp\/v2\/product_cat?post=10891"},{"taxonomy":"product_tag","embeddable":true,"href":"https:\/\/www.georgeglazer.com\/wpmain\/wp-json\/wp\/v2\/product_tag?post=10891"}],"curies":[{"name":"wp","href":"https:\/\/api.w.org\/{rel}","templated":true}]}}