{"id":10687,"date":"2017-02-16T15:32:32","date_gmt":"2017-02-16T20:32:32","guid":{"rendered":"http:\/\/www.georgeglazer.com\/wpmain\/?post_type=product&#038;p=10687"},"modified":"2017-05-29T17:31:48","modified_gmt":"2017-05-29T21:31:48","slug":"costumed-horsemen-and-horses-jousting-charles-perrault-paris-c-1670","status":"publish","type":"product","link":"https:\/\/www.georgeglazer.com\/wpmain\/product\/costumed-horsemen-and-horses-jousting-charles-perrault-paris-c-1670\/","title":{"rendered":"Sporting Art, Horses, Equestrian, Dressage, Jousting, Le Man\u00e8ge Royal, Perrault, Antique Prints, 1670"},"content":{"rendered":"<p>Charles Perrault was the well-educated son of a French upper-class bourgeois family who began his career as a lawyer and was a forerunner of the European Enlightenment. In his writings he criticized authority and stated that progress was possible in the arts and sciences and argued on behalf of the value of modern literature. He is especially well known for his enduring influence on children&#8217;s literature, publishing collections of fairy tales that remain popular and familiar to this day, including &#8220;Blue Beard,&#8221; &#8220;Puss in Boots,&#8221; and &#8220;Cinderella.&#8221; He became a member of the Academie Fran\u00e7aise in 1671.<\/p>\n<p>Israel Silvestre was a prolific Parisian printer and engraver, with over 1,000 known pieces that include landscapes and panoramas of France, the Lorraine and of Italy, which he visited a few times during his career. In 1662 he was named Ordinary Draughtsman to the King, and served as drawing master to the Dauphin. He was received as a member of the royal academy in 1670 on the recommendation of Charles LeBrun.<\/p>\n<p>Fran\u00e7ois Chauveau was a French miniature painter, draftsman and etcher, one of the most prolific printmakers of his time. Born in Paris to an aristocratic family, he studied with Laurent de La Hyre. A prolific and imaginative artist, he made vignettes for books and atlases, and was the leading illustrator of fiction and plays in the 17th century. In all, he produced over 1,600 prints and some 1,400 drawings for other printmakers. Chauveau was made a member of the Royal Academie in 1663 and later became a councillor. Chauveau&#8217;s work on a series of prints depicting the Carousel of 1662 earned him the title of Graveur du Roi (Engraver to the King). Chauveau had four sons who became noted artists.<\/p>\n<p>References:<\/p>\n<p>Ashliman, D.L. &#8220;Charles Perrault&#8217;s Mother Goose Tales.&#8221; 24 February 2002. <em>Professor D.L. Ashliman, University of Pittsburgh.<\/em> http:\/\/www.pitt.edu\/~dash\/perrault.html (11 June 2002).<\/p>\n<p>B\u00e9n\u00e9zit, E. <em>Dictionnaire critique et documentaire des Peintres, Sculpteurs, Dessinateurs et Graveurs.<\/em> France: Librairie Gr\u00fcnd, 1966. Vol. 2, p. 464.<\/p>\n<p>Brunet II, 336.<\/p>\n<p>de Silvestre, Fabien. &#8220;Isra\u00ebl Silvestre.&#8221; <em>Isra\u00ebl Silvestre et Ses Decendants.<\/em> 2010. http:\/\/israel.silvestre.fr\/israel\/israel.php (4 May 2010).<\/p>\n<p>&#8220;Dictionnaire de l&#8217;Acad\u00e9mie Fran\u00e7aise: Premi\u00e8re \u00c9dition, 1694.&#8221; <em>ARTFL. <\/em>http:\/\/www.lib.uchicago.edu\/efts\/ARTFL\/projects\/dicos\/ACADEMIE\/PREMIERE\/search.form.html (11 June 2002).<\/p>\n<p>&#8220;Francois Chauveau.&#8221; <em>The Grove Dictionary of Art<\/em>. New York: Macmillan. 2000. Artnet.com. http:\/\/www.artnet.com\/library\/01\/0161\/T016184.asp (20 June 2006).<\/p>\n<p>Krieger, Lois A. &#8220;Carousels.&#8221; Hanover, New Hampshire: Dartmouth University: Library Bulletin, 1996. Online at <em>Dartmouth University Library.<\/em> http:\/\/www.dartmouth.edu\/~library\/Library_Bulletin\/Apr1996\/LB-A96-Krieger.html (23 April 2002).<\/p>\n<p>&#8220;Silvestre, Israel.&#8221; <em>Der Messekatalog.<\/em> 41st Stuttgart Antiquarian Book Fair: 24 January 2002. http:\/\/stuttgarter.antiquariatsmesse.de\/katalog\/display.html (23 April 2002).<\/p>\n","protected":false},"excerpt":{"rendered":"<p>Charles Perrault (1628-1703) (editor)<br \/>\nIsrael Silvestre (1621-1691) and Fran\u00e7ois Chauveau (1613-1676) (engravers)<br \/>\n<strong>Costumed Horsemen and Horses<\/strong><br \/>\nfrom <strong><em>Courses de Testes et de Bague Faittes Par Le Roy et par Les Princes et Seigneurs de sa Cour En l&#8217;Ann\u00e9e 1662 [Jousting Contests Performed by the King and by the Princes and Lords of his Court in the Year 1662]<\/em><\/strong><br \/>\nParis: c. 1670<br \/>\nHand-colored copperplate engravings<br \/>\n18 x 12 inches, average approximate sheet size<br \/>\n11 x 10 inches, average approximate image size<br \/>\n$600 each<\/p>\n<p><strong>Estafiers, Cheval de Main, et Palfreniers Persans (Plate 31)<br \/>\n[Persian Courtiers, Horse Hand and Grooms]<br \/>\nEscuyer et Page Persans (Plate 32) [Persian Squire and Page]<br \/>\nMareschal de Camp Persan (Plate 33) [Persian Field Marshal]<br \/>\nEscuyer et Page Turcs (Plate 40) [Turkish Squire and Page]<br \/>\nMareschal De Camp Turc (Plate 41) [Turkish Field Marshal]<\/strong><\/p>\n<p>Equestrians and their horses in elaborate ceremonial Turkish and Persian costumes illustrated in this series edited by French author Charles Perrault, who wrote the descriptive text below each picture, and engraved by two of the leading printmakers of 17th century France, Israel Silvestre and Fran\u00e7ois Chauveau. The book was commissioned by the young king Louis XIV of France, and depicted the procession of June 1662 he had organized, sometimes referred to as The Grand Carrousel. n The festivities took three days and culminated each day in pageants which the king attended in the costume of a Roman emperor. The noble participants were divided into teams led by the king and other nobles dressed in the costumes of Romans, Persians, Indians, Turks and Native Americans, and came each day to participate in games of skill in a large ampitheatre in front of the Tuilleries which held 15,000 spectators &#8212; the space is known to this day as Le Carrousel. Louis&#8217;s reign was notable for the splendor of various court entertainments; displays of horsemanship by finely-attired riders, with musical accompaniment provided by the most famous composers of the day. The Grand Carrousel of 1662 was supposedly offered in honor of Louis&#8217;s queen and infant son, but was commonly assumed to have been intended to impress the king&#8217;s new mistress, Louise de la Valli\u00e8re.<\/p>\n","protected":false},"featured_media":10689,"template":"","meta":{"wds_primary_product_brand":0,"wds_primary_product_cat":0,"footnotes":""},"product_brand":[],"product_cat":[968,4182,4305],"product_tag":[1503,4366,1183,4363,4271,4364,3465,4370,4367,1473,4369,1320,2985,114,2748,1041,4361,4371,4372,2929,4261,4269,4362,4365,4373,2318],"class_list":{"0":"post-10687","1":"product","2":"type-product","3":"status-publish","4":"has-post-thumbnail","6":"product_cat-horses","7":"product_cat-royalty","8":"product_cat-hunting-fishing-sporting","9":"product_tag-17th-century","10":"product_tag-bague","11":"product_tag-charles","12":"product_tag-chauveau","13":"product_tag-cheval","14":"product_tag-courses","15":"product_tag-equestrian","16":"product_tag-escuyer","17":"product_tag-faittes","18":"product_tag-francois","19":"product_tag-french-estafier","20":"product_tag-horse","21":"product_tag-horses","22":"product_tag-israel","23":"product_tag-jousting","24":"product_tag-king","25":"product_tag-perrault","26":"product_tag-persan","27":"product_tag-persian","28":"product_tag-rider","29":"product_tag-riding","30":"product_tag-roy","31":"product_tag-silvestre","32":"product_tag-testes","33":"product_tag-turcs","34":"product_tag-turkish","35":"post","36":"post-with-thumbnail","37":"post-with-thumbnail-large","39":"first","40":"instock","41":"purchasable","42":"product-type-simple"},"_links":{"self":[{"href":"https:\/\/www.georgeglazer.com\/wpmain\/wp-json\/wp\/v2\/product\/10687","targetHints":{"allow":["GET"]}}],"collection":[{"href":"https:\/\/www.georgeglazer.com\/wpmain\/wp-json\/wp\/v2\/product"}],"about":[{"href":"https:\/\/www.georgeglazer.com\/wpmain\/wp-json\/wp\/v2\/types\/product"}],"version-history":[{"count":0,"href":"https:\/\/www.georgeglazer.com\/wpmain\/wp-json\/wp\/v2\/product\/10687\/revisions"}],"wp:featuredmedia":[{"embeddable":true,"href":"https:\/\/www.georgeglazer.com\/wpmain\/wp-json\/wp\/v2\/media\/10689"}],"wp:attachment":[{"href":"https:\/\/www.georgeglazer.com\/wpmain\/wp-json\/wp\/v2\/media?parent=10687"}],"wp:term":[{"taxonomy":"product_brand","embeddable":true,"href":"https:\/\/www.georgeglazer.com\/wpmain\/wp-json\/wp\/v2\/product_brand?post=10687"},{"taxonomy":"product_cat","embeddable":true,"href":"https:\/\/www.georgeglazer.com\/wpmain\/wp-json\/wp\/v2\/product_cat?post=10687"},{"taxonomy":"product_tag","embeddable":true,"href":"https:\/\/www.georgeglazer.com\/wpmain\/wp-json\/wp\/v2\/product_tag?post=10687"}],"curies":[{"name":"wp","href":"https:\/\/api.w.org\/{rel}","templated":true}]}}